{"id":3080,"date":"2026-05-01T08:47:26","date_gmt":"2026-05-01T06:47:26","guid":{"rendered":"https:\/\/interhotel.hu\/?post_type=product&#038;p=3080"},"modified":"2026-05-04T09:19:06","modified_gmt":"2026-05-04T07:19:06","slug":"zenes-grillest-a-night-banddel-augusztus","status":"publish","type":"product","link":"https:\/\/interhotel.hu\/en\/termek\/zenes-grillest-a-night-banddel-augusztus\/","title":{"rendered":"Grill dinner and music with the Night Band (15.08.2026)"},"content":{"rendered":"<p><span data-sheets-root=\"1\">2026. augusztus 15-\u00e9n az Inter Hotel Debrecen ***Superior ism\u00e9t k\u00fcl\u00f6nleges ny\u00e1resti programmal v\u00e1rja az \u00e9rdekl\u0151d\u0151ket: zen\u00e9s grillest ker\u00fcl megrendez\u00e9sre a sz\u00e1lloda kerthelyis\u00e9g\u00e9ben. A rendezv\u00e9ny mindenki sz\u00e1m\u00e1ra nyitott, a r\u00e9szv\u00e9teli d\u00edj sz\u00e1ll\u00f3vend\u00e9geknek 6000Ft\/f\u0151, k\u00fcls\u0151s r\u00e9sztvev\u0151knek 9000 Ft\/f\u0151. A vend\u00e9gek grill\u00e9telekb\u0151l v\u00e1logathatnak, melyeket a vadonat\u00faj grillteraszunk biztos\u00edt, mik\u00f6zben a m\u00e9lt\u00e1n n\u00e9pszer\u0171 Night Band gondoskodik a fergeteges hangulatr\u00f3l.<\/span><\/p>\n<p>V\u00e1rhat\u00f3 \u00e9telek (korl\u00e1tlan fogyaszt\u00e1ssal):<\/p>\n<ul>\n<li>k\u00e9t fajta leves<\/li>\n<li>grillteraszunkon helyben grillezett \u00e9telek:\n<ul>\n<li>sert\u00e9starja, sert\u00e9skaraj<\/li>\n<li>csirkecombfil\u00e9, csirkesz\u00e1rny<\/li>\n<li>h\u00e1zi grillkolb\u00e1sz<\/li>\n<li>grillsajt<\/li>\n<li>grillz\u00f6lds\u00e9gek<\/li>\n<\/ul>\n<\/li>\n<li>sal\u00e1t\u00e1k<\/li>\n<li>desszertek<\/li>\n<\/ul>\n<p><span data-sheets-root=\"1\">Az esem\u00e9ny ide\u00e1lis lehet\u0151s\u00e9g bar\u00e1ti tal\u00e1lkoz\u00f3kra, csal\u00e1di kikapcsol\u00f3d\u00e1sra vagy ak\u00e1r egy romantikus est\u00e9re is.<\/span><\/p>\n<p>A CSAL\u00c1DI JEGY 2 FELN\u0150TT \u00c9S 2 (10 \u00c9VEN ALULI) GYERMEK SZ\u00c1M\u00c1RA BIZTOS\u00cdT R\u00c9SZV\u00c9TELT.<\/p>","protected":false},"excerpt":{"rendered":"<p><span data-sheets-root=\"1\">Zen\u00e9s grillvacsor\u00e1ra invit\u00e1ljuk \u00d6nt \u00e9s k\u00eds\u00e9r\u0151it egy felejthetetlen ny\u00e1ri est\u00e9n az Inter Hotel Debrecen*** hangulatos kerthelyis\u00e9g\u00e9ben 2026.08.15-\u00e9n, 19 \u00f3r\u00e1t\u00f3l. A kor\u00e1bban is nagy sikerrel megrendezett esem\u00e9nyen a helyek sz\u00e1ma korl\u00e1tozott, ez\u00e9rt \u00e9rdemes min\u00e9l hamarabb biztos\u00edtani a r\u00e9szv\u00e9tel\u00e9t a jegy megv\u00e1s\u00e1rl\u00e1s\u00e1val.<\/span><\/p>","protected":false},"featured_media":2293,"template":"","meta":[],"product_brand":[],"product_cat":[28,35],"product_tag":[],"class_list":{"0":"post-3080","1":"product","2":"type-product","3":"status-publish","4":"has-post-thumbnail","6":"product_cat-programok","7":"product_cat-jegyvasarlas","8":"sales-flash-overlay","9":"woocommerce-text-align-center","10":"woocommerce-image-align-center","11":"do-quantity-buttons","13":"first","14":"instock","15":"shipping-taxable","16":"purchasable","17":"product-type-variable"},"_links":{"self":[{"href":"https:\/\/interhotel.hu\/en\/wp-json\/wp\/v2\/product\/3080","targetHints":{"allow":["GET"]}}],"collection":[{"href":"https:\/\/interhotel.hu\/en\/wp-json\/wp\/v2\/product"}],"about":[{"href":"https:\/\/interhotel.hu\/en\/wp-json\/wp\/v2\/types\/product"}],"version-history":[{"count":1,"href":"https:\/\/interhotel.hu\/en\/wp-json\/wp\/v2\/product\/3080\/revisions"}],"predecessor-version":[{"id":3085,"href":"https:\/\/interhotel.hu\/en\/wp-json\/wp\/v2\/product\/3080\/revisions\/3085"}],"wp:featuredmedia":[{"embeddable":true,"href":"https:\/\/interhotel.hu\/en\/wp-json\/wp\/v2\/media\/2293"}],"wp:attachment":[{"href":"https:\/\/interhotel.hu\/en\/wp-json\/wp\/v2\/media?parent=3080"}],"wp:term":[{"taxonomy":"product_brand","embeddable":true,"href":"https:\/\/interhotel.hu\/en\/wp-json\/wp\/v2\/product_brand?post=3080"},{"taxonomy":"product_cat","embeddable":true,"href":"https:\/\/interhotel.hu\/en\/wp-json\/wp\/v2\/product_cat?post=3080"},{"taxonomy":"product_tag","embeddable":true,"href":"https:\/\/interhotel.hu\/en\/wp-json\/wp\/v2\/product_tag?post=3080"}],"curies":[{"name":"wp","href":"https:\/\/api.w.org\/{rel}","templated":true}]}}