{"id":3036,"date":"2026-04-29T14:22:23","date_gmt":"2026-04-29T12:22:23","guid":{"rendered":"https:\/\/interhotel.hu\/?post_type=product&#038;p=3036"},"modified":"2026-04-29T14:34:48","modified_gmt":"2026-04-29T12:34:48","slug":"majuskoszonto-vacsoraest","status":"publish","type":"product","link":"https:\/\/interhotel.hu\/en\/termek\/majuskoszonto-vacsoraest\/","title":{"rendered":"M\u00e1jusk\u00f6sz\u00f6nt\u0151 vacsora szeren\u00e1ddal (2026.04.30)"},"content":{"rendered":"<p><span data-sheets-root=\"1\">2026. \u00e1prilis 30-\u00e1n az Inter Hotel Debrecen ***Superior ism\u00e9t k\u00fcl\u00f6nleges programmal v\u00e1rja az \u00e9rdekl\u0151d\u0151ket: a finom vacsora (korl\u00e1tlan fogyaszt\u00e1ssal) ut\u00e1n ugyanis ism\u00e9t Tordai Zolt\u00e1n pr\u00edm\u00e1sm\u0171v\u00e9sz \u00e9s zenekara lesznek a vend\u00e9geink, akik egy csod\u00e1latos szeren\u00e1del\u0151ad\u00e1ssal teszik az est\u00e9t igaz\u00e1n felejthetetlenn\u00e9.<\/span><\/p>\n<p><span data-sheets-root=\"1\">A rendezv\u00e9ny minden vend\u00e9g sz\u00e1m\u00e1ra nyitott, a r\u00e9szv\u00e9teli d\u00edj 9000 Ft\/f\u0151. A vend\u00e9gek korl\u00e1tlanul fogyaszthatnak leveseinkb\u0151l, t\u00f6bbf\u00e9le h\u00fasos \u00e9s h\u00fasmentes f\u0151\u00e9tel\u00fcnkb\u0151l \u00e9s desszertjeinkb\u0151l.<\/span><\/p>\n<p>Vacsora kezdete: 19:00-t\u00f3l folyamatosan lehet \u00e9rkezni<br \/>\nSzeren\u00e1d kezdete: 21:00<\/p>\n<p><span data-sheets-root=\"1\">Az esem\u00e9ny ide\u00e1lis lehet\u0151s\u00e9g bar\u00e1ti tal\u00e1lkoz\u00f3kra, csal\u00e1di kikapcsol\u00f3d\u00e1sra vagy ak\u00e1r egy romantikus est\u00e9re is.<\/span><\/p>\n<p><span data-sheets-root=\"1\">A rendezv\u00e9nyen a jegy megv\u00e1s\u00e1rl\u00e1s\u00e1val b\u00e1rki r\u00e9szt vehet, nem csak a sz\u00e1ll\u00f3vend\u00e9gek.<\/span><\/p>","protected":false},"excerpt":{"rendered":"<p><span data-sheets-root=\"1\">2026. \u00e1prilis 30-\u00e1n az Inter Hotel Debrecen ***Superior ism\u00e9t k\u00fcl\u00f6nleges programmal v\u00e1rja az \u00e9rdekl\u0151d\u0151ket: a finom vacsora (korl\u00e1tlan fogyaszt\u00e1ssal) ut\u00e1n ugyanis ism\u00e9t Tordai Zolt\u00e1n pr\u00edm\u00e1sm\u0171v\u00e9sz \u00e9s zenekara lesznek a vend\u00e9geink, akik egy csod\u00e1latos szeren\u00e1del\u0151ad\u00e1ssal teszik az est\u00e9t igaz\u00e1n felejthetetlenn\u00e9.<\/span><\/p>","protected":false},"featured_media":3038,"template":"","meta":[],"product_brand":[],"product_cat":[28,35],"product_tag":[],"class_list":{"0":"post-3036","1":"product","2":"type-product","3":"status-publish","4":"has-post-thumbnail","6":"product_cat-programok","7":"product_cat-jegyvasarlas","8":"sales-flash-overlay","9":"woocommerce-text-align-center","10":"woocommerce-image-align-center","11":"do-quantity-buttons","13":"first","14":"instock","15":"virtual","16":"purchasable","17":"product-type-simple"},"_links":{"self":[{"href":"https:\/\/interhotel.hu\/en\/wp-json\/wp\/v2\/product\/3036","targetHints":{"allow":["GET"]}}],"collection":[{"href":"https:\/\/interhotel.hu\/en\/wp-json\/wp\/v2\/product"}],"about":[{"href":"https:\/\/interhotel.hu\/en\/wp-json\/wp\/v2\/types\/product"}],"version-history":[{"count":1,"href":"https:\/\/interhotel.hu\/en\/wp-json\/wp\/v2\/product\/3036\/revisions"}],"predecessor-version":[{"id":3039,"href":"https:\/\/interhotel.hu\/en\/wp-json\/wp\/v2\/product\/3036\/revisions\/3039"}],"wp:featuredmedia":[{"embeddable":true,"href":"https:\/\/interhotel.hu\/en\/wp-json\/wp\/v2\/media\/3038"}],"wp:attachment":[{"href":"https:\/\/interhotel.hu\/en\/wp-json\/wp\/v2\/media?parent=3036"}],"wp:term":[{"taxonomy":"product_brand","embeddable":true,"href":"https:\/\/interhotel.hu\/en\/wp-json\/wp\/v2\/product_brand?post=3036"},{"taxonomy":"product_cat","embeddable":true,"href":"https:\/\/interhotel.hu\/en\/wp-json\/wp\/v2\/product_cat?post=3036"},{"taxonomy":"product_tag","embeddable":true,"href":"https:\/\/interhotel.hu\/en\/wp-json\/wp\/v2\/product_tag?post=3036"}],"curies":[{"name":"wp","href":"https:\/\/api.w.org\/{rel}","templated":true}]}}