{"id":2600,"date":"2025-11-29T15:51:33","date_gmt":"2025-11-29T14:51:33","guid":{"rendered":"https:\/\/interhotel.hu\/?post_type=product&#038;p=2600"},"modified":"2025-11-30T16:59:52","modified_gmt":"2025-11-30T15:59:52","slug":"ajandekkartya-2-ej-2-fo","status":"publish","type":"product","link":"https:\/\/interhotel.hu\/en\/termek\/ajandekkartya-2-ej-2-fo\/","title":{"rendered":"Aj\u00e1nd\u00e9kk\u00e1rtya (2 \u00e9j \/ 2 f\u0151)"},"content":{"rendered":"<h4 data-start=\"204\" data-end=\"287\"><\/h4>\n<p data-start=\"289\" data-end=\"844\">Az Inter Hotel aj\u00e1nd\u00e9kk\u00e1rtya t\u00f6k\u00e9letes v\u00e1laszt\u00e1s mindazok sz\u00e1m\u00e1ra, akik modern, m\u00e9gis szem\u00e9lyes aj\u00e1nd\u00e9kot keresnek szeretteiknek, koll\u00e9g\u00e1iknak vagy bar\u00e1taiknak. Egy olyan meglepet\u00e9s, amely nem porosodik a polcon, m\u00e9gis val\u00f3di \u00e9lm\u00e9nyt ad \u2013 pihen\u00e9st, kikapcsol\u00f3d\u00e1st, finom falatokat, k\u00fcl\u00f6nleges programokat \u00e9s gondtalan felt\u00f6lt\u0151d\u00e9st. Az aj\u00e1nd\u00e9kk\u00e1rtya a szabads\u00e1got jelenti: az aj\u00e1nd\u00e9kozott maga d\u00f6ntheti el, hogy mire szeretn\u00e9 felhaszn\u00e1lni, legyen sz\u00f3 sz\u00e1ll\u00e1sr\u00f3l, \u00e9tel-ital fogyaszt\u00e1sr\u00f3l a hotel \u00e9tterm\u00e9ben vagy \u00e9ppen valamelyik izgalmas rendezv\u00e9ny\u00fcnkr\u0151l.<\/p>\n<p data-start=\"846\" data-end=\"1225\"><strong data-start=\"846\" data-end=\"1037\">A legjobb benne pedig az, hogy gyorsan \u00e9s praktikusan el\u00e9rhet\u0151: az aj\u00e1nd\u00e9kk\u00e1rtya a megrendel\u00e9st k\u00f6vet\u0151en 24 \u00f3r\u00e1n bel\u00fcl meg\u00e9rkezik a megadott e-mail c\u00edmre, eleg\u00e1ns, nyomtathat\u00f3 form\u00e1tumban<\/strong>, \u00edgy t\u00f6k\u00e9letes \u201elast minute\u201d aj\u00e1nd\u00e9k is lehet. Ha id\u0151 sz\u0171k\u00e9ben vagy, vagy \u00e9pp t\u00e1volr\u00f3l szeretn\u00e9l meglepet\u00e9st k\u00fcldeni, az Inter Hotel aj\u00e1nd\u00e9kk\u00e1rtya mindig biztons\u00e1gos \u00e9s ig\u00e9nyes v\u00e1laszt\u00e1s.<\/p>\n<h4 data-start=\"1232\" data-end=\"1301\"><strong data-start=\"1235\" data-end=\"1301\">Nyomtathat\u00f3, diz\u00e1jnos aj\u00e1nd\u00e9k \u2013 percek alatt \u00e1tadhat\u00f3 form\u00e1ban<\/strong><\/h4>\n<p data-start=\"1303\" data-end=\"1621\">Az aj\u00e1nd\u00e9kk\u00e1rtya modern, letisztult diz\u00e1jnnal k\u00e9sz\u00fcl, \u00edgy ak\u00e1r egy bor\u00edt\u00e9kban \u00e1tadva, ak\u00e1r egy saj\u00e1t \u00fcdv\u00f6zl\u0151k\u00e1rty\u00e1hoz t\u00e1rs\u00edtva is st\u00edlusos meglepet\u00e9s. A digit\u00e1lis form\u00e1tum el\u0151nye, hogy <strong data-start=\"1488\" data-end=\"1526\">b\u00e1rmikor k\u00f6nnyed\u00e9n \u00fajranyomtathat\u00f3<\/strong>, nem rong\u00e1l\u00f3dik, nem veszhet el \u2013 \u00e9s a megrendel\u00e9st k\u00f6vet\u0151en szinte azonnal rendelkez\u00e9sre \u00e1ll.<\/p>\n<p data-start=\"1623\" data-end=\"1993\">Mivel az utalv\u00e1ny nem n\u00e9vre sz\u00f3l\u00f3, \u00edgy rugalmasan \u00e1truh\u00e1zhat\u00f3, ha p\u00e9ld\u00e1ul az aj\u00e1nd\u00e9kozott szeretn\u00e9 tov\u00e1bbadni a csal\u00e1don bel\u00fcl. Fontos azonban, hogy az aj\u00e1nd\u00e9kk\u00e1rtya \u00e9rt\u00e9kes\u00edt\u00e9se nem megengedett, illetve <strong data-start=\"1827\" data-end=\"1862\">egyszeri felhaszn\u00e1l\u00e1sra jogos\u00edt<\/strong>, amit rendszer\u00fcnk ellen\u0151riz. Emiatt \u00e1truh\u00e1z\u00e1s eset\u00e9n felel\u0151ss\u00e9get nem v\u00e1llalunk, ha az utalv\u00e1ny id\u0151k\u00f6zben m\u00e1r bev\u00e1lt\u00e1sra ker\u00fclt.<\/p>\n<p data-start=\"1995\" data-end=\"2165\">Amennyiben k\u00e9rd\u00e9s mer\u00fcl fel az \u00e9rv\u00e9nyess\u00e9ggel kapcsolatban, <strong data-start=\"2055\" data-end=\"2115\">telefonon vagy e-mailben b\u00e1rmikor vissza tudjuk igazolni<\/strong>, hogy az adott aj\u00e1nd\u00e9kutalv\u00e1ny haszn\u00e1lhat\u00f3-e m\u00e9g.<\/p>\n<h4 data-start=\"2172\" data-end=\"2239\"><strong data-start=\"2175\" data-end=\"2239\">Felhaszn\u00e1l\u00e1s sz\u00e1ll\u00e1sfoglal\u00e1shoz<\/strong><\/h4>\n<p data-start=\"2241\" data-end=\"2435\">Ha a k\u00e1rtya tulajdonosa az Inter Hotel szolg\u00e1ltat\u00e1sait szeretn\u00e9 ig\u00e9nybe venni \u2013 legyen sz\u00f3 h\u00e9tv\u00e9gi pihen\u00e9sr\u0151l, romantikus kikapcsol\u00f3d\u00e1sr\u00f3l vagy egy \u00fczleti \u00fatr\u00f3l \u2013, a folyamat rendk\u00edv\u00fcl egyszer\u0171:<\/p>\n<ol data-start=\"2437\" data-end=\"2669\">\n<li data-start=\"2437\" data-end=\"2493\">\n<p data-start=\"2440\" data-end=\"2493\"><strong data-start=\"2440\" data-end=\"2491\">Telefonon szob\u00e1t foglalni a +3630 2935 406 telefonsz\u00e1mon.<\/strong><\/p>\n<\/li>\n<li data-start=\"2560\" data-end=\"2669\">\n<p data-start=\"2563\" data-end=\"2669\"><strong data-start=\"2563\" data-end=\"2619\">A kijelentkez\u00e9skor kell felmutatni az aj\u00e1nd\u00e9kk\u00e1rty\u00e1t<\/strong>, amely az aj\u00e1nd\u00e9kk\u00e1rty\u00e1n szerepl\u0151 m\u00e9rt\u00e9kig ad kedvezm\u00e9nyt a sz\u00e1ll\u00f3d\u00e1nkban tart\u00f3zkod\u00e1s, \u00e9tel- \u00e9s italfogyaszt\u00e1s v\u00e9g\u00f6sszeg\u00e9b\u0151l.<\/p>\n<\/li>\n<\/ol>\n<p data-start=\"2671\" data-end=\"2935\">Ez a megold\u00e1s k\u00e9nyelmes az utaz\u00f3knak, mert a helysz\u00ednen, a fizet\u00e9skor r\u00f6gt\u00f6n l\u00e1that\u00f3, mennyit von le az aj\u00e1nd\u00e9kk\u00e1rtya. B\u00e1rmilyen sz\u00e1ll\u00e1st\u00edpus vagy \u00e9tel-ital fogyaszt\u00e1s eset\u00e9n felhaszn\u00e1lhat\u00f3, \u00e9s term\u00e9szetesen t\u00f6bb szolg\u00e1ltat\u00e1s kombin\u00e1lt ig\u00e9nybev\u00e9tel\u00e9re is alkalmas.<\/p>\n<h4 data-start=\"2942\" data-end=\"2976\"><strong data-start=\"2945\" data-end=\"2976\">Felhaszn\u00e1l\u00e1s rendezv\u00e9nyekre<\/strong><\/h4>\n<p data-start=\"2978\" data-end=\"3193\">Az Inter Hotel Debrecen rendszeresen szervez tematikus programokat, k\u00fcl\u00f6nleges esem\u00e9nyeket, workshopokat \u00e9s \u00e9lm\u00e9nyalap\u00fa rendezv\u00e9nyeket. Az aj\u00e1nd\u00e9kk\u00e1rtya ezekre is bev\u00e1lthat\u00f3, m\u00e9ghozz\u00e1 egy nagyon egyszer\u0171 m\u00f3dszerrel:<\/p>\n<ol data-start=\"3195\" data-end=\"3454\">\n<li data-start=\"3195\" data-end=\"3262\">\n<p data-start=\"3198\" data-end=\"3262\">A kiv\u00e1lasztott rendezv\u00e9ny <strong data-start=\"3224\" data-end=\"3259\">jegy\u00e9t online kell megv\u00e1s\u00e1rolni<\/strong>.<\/p>\n<\/li>\n<li data-start=\"3263\" data-end=\"3384\">\n<p data-start=\"3266\" data-end=\"3384\">A fizet\u00e9skor, a P\u00e9nzt\u00e1r oldalon tal\u00e1lhat\u00f3 <strong data-start=\"3308\" data-end=\"3327\">kuponk\u00f3d mez\u0151be<\/strong> kell be\u00edrni az aj\u00e1nd\u00e9kk\u00e1rty\u00e1n felt\u00fcntetett azonos\u00edt\u00f3t.<\/p>\n<\/li>\n<li data-start=\"3385\" data-end=\"3454\">\n<p data-start=\"3388\" data-end=\"3454\">A rendszer <strong data-start=\"3399\" data-end=\"3418\">azonnal levonja<\/strong> az utalv\u00e1ny \u00e9rt\u00e9k\u00e9t a v\u00e9g\u00f6sszegb\u0151l.<\/p>\n<\/li>\n<\/ol>\n<p data-start=\"3456\" data-end=\"3758\">Az aj\u00e1nd\u00e9kk\u00e1rtya \u00e9rt\u00e9ke t\u00f6bb jegyre is felhaszn\u00e1lhat\u00f3 egy kos\u00e1ron bel\u00fcl, mivel a levon\u00e1s mindig a teljes rendel\u00e9si \u00f6sszegre vonatkozik. Egyetlen felt\u00e9tel van: a kos\u00e1r tartalma \u00e9rje el az aj\u00e1nd\u00e9kk\u00e1rtya teljes \u00e9rt\u00e9k\u00e9t (p\u00e9ld\u00e1ul az 5000 Ft-os k\u00e1rtya csak 5000 Ft vagy afeletti rendel\u00e9s eset\u00e9n v\u00e1lthat\u00f3 be).<\/p>\n<h4 data-start=\"3765\" data-end=\"3833\"><strong data-start=\"3768\" data-end=\"3833\">Rugalmass\u00e1g \u00e9s \u00e1tl\u00e1that\u00f3 felhaszn\u00e1l\u00e1si felt\u00e9telek<\/strong><\/h4>\n<p data-start=\"3835\" data-end=\"4054\">Az aj\u00e1nd\u00e9kk\u00e1rtya egyszer haszn\u00e1lhat\u00f3 fel, \u00e9s \u00e9rt\u00e9ke nem bonthat\u00f3 t\u00f6bb r\u00e9szre. A felhaszn\u00e1l\u00e1st k\u00f6vet\u0151en a rendszer\u00fcnk r\u00f6gz\u00edti az \u00e9rv\u00e9nyes\u00edt\u00e9st, \u00edgy biztos\u00edtjuk, hogy minden utalv\u00e1ny csak egyszer ker\u00fclhessen bev\u00e1lt\u00e1sra.<\/p>\n<p data-start=\"4056\" data-end=\"4316\">Fontos kiemelni, hogy b\u00e1r a k\u00e1rtya \u00e1truh\u00e1zhat\u00f3, vissza\u00e9l\u00e9s eset\u00e9n \u2013 ha p\u00e9ld\u00e1ul m\u00e1r bev\u00e1ltott aj\u00e1nd\u00e9kk\u00e1rty\u00e1val pr\u00f3b\u00e1l valaki fizetni \u2013 a hotel nem v\u00e1llal felel\u0151ss\u00e9get. Ez\u00e9rt javasoljuk, hogy az aj\u00e1nd\u00e9kozott csak megb\u00edzhat\u00f3 szem\u00e9lynek adja tov\u00e1bb az utalv\u00e1nyt.<\/p>\n<p data-start=\"4318\" data-end=\"4463\">Az \u00e9rv\u00e9nyess\u00e9gi id\u0151 \u00e9s a fennmarad\u00f3 lehet\u0151s\u00e9gek b\u00e1rmikor lek\u00e9rdezhet\u0151k \u00fcgyf\u00e9lszolg\u00e1latunkon, ahol k\u00e9szs\u00e9ggel seg\u00edt\u00fcnk minden felmer\u00fcl\u0151 k\u00e9rd\u00e9sben.<\/p>\n<h4 data-start=\"4470\" data-end=\"4530\"><strong data-start=\"4473\" data-end=\"4530\">Mi\u00e9rt ide\u00e1lis v\u00e1laszt\u00e1s az Inter Hotel aj\u00e1nd\u00e9kk\u00e1rtya?<\/strong><\/h4>\n<ul data-start=\"4532\" data-end=\"4856\">\n<li data-start=\"4532\" data-end=\"4574\">\n<p data-start=\"4534\" data-end=\"4574\"><strong data-start=\"4534\" data-end=\"4562\">24 \u00f3r\u00e1n bel\u00fcl meg\u00e9rkezik<\/strong> e-mailben<\/p>\n<\/li>\n<li data-start=\"4575\" data-end=\"4612\">\n<p data-start=\"4577\" data-end=\"4612\">Nyomtathat\u00f3, sz\u00e9p, ig\u00e9nyes diz\u00e1jn<\/p>\n<\/li>\n<li data-start=\"4613\" data-end=\"4672\">\n<p data-start=\"4615\" data-end=\"4672\">Sz\u00e1ll\u00e1sra, fogyaszt\u00e1sra \u00e9s rendezv\u00e9nyekre is bev\u00e1lthat\u00f3<\/p>\n<\/li>\n<li data-start=\"4673\" data-end=\"4698\">\n<p data-start=\"4675\" data-end=\"4698\">\u00c1truh\u00e1zhat\u00f3, rugalmas<\/p>\n<\/li>\n<li data-start=\"4699\" data-end=\"4764\">\n<p data-start=\"4701\" data-end=\"4764\">Egyszer\u0171en haszn\u00e1lhat\u00f3, ak\u00e1r t\u00f6bb szolg\u00e1ltat\u00e1s kombin\u00e1l\u00e1s\u00e1val<\/p>\n<\/li>\n<li data-start=\"4765\" data-end=\"4801\">\n<p data-start=\"4767\" data-end=\"4801\">T\u00f6k\u00e9letes \u201elast minute\u201d megold\u00e1s<\/p>\n<\/li>\n<li data-start=\"4802\" data-end=\"4856\">\n<p data-start=\"4804\" data-end=\"4856\">\u00c9lm\u00e9nyt \u00e9s pihen\u00e9st aj\u00e1nd\u00e9koz \u2013 minden koroszt\u00e1lynak<\/p>\n<\/li>\n<\/ul>","protected":false},"excerpt":{"rendered":"<p>Szuper aj\u00e1nd\u00e9k\u00f6tlet az Inter Hotel utalv\u00e1nya, mely 2 f\u0151 sz\u00e1m\u00e1ra biztos\u00edt f\u00e9lpanzi\u00f3s ell\u00e1t\u00e1st k\u00e9t \u00e9jre. Mivel gyorsan ki\u00e9rkezik e-mailben, ez\u00e9rt utols\u00f3 pillanatos meglepet\u00e9snek is kiv\u00e1l\u00f3, mik\u00f6zben diz\u00e1jnos k\u00fclseje \u00e9s nyomtathat\u00f3 form\u00e1tuma lehet\u0151v\u00e9 teszi, hogy k\u00e9zzel foghat\u00f3an is oda lehessen adni az aj\u00e1nd\u00e9kozottaknak.<\/p>","protected":false},"featured_media":2598,"template":"","meta":[],"product_brand":[],"product_cat":[37,35],"product_tag":[],"class_list":{"0":"post-2600","1":"product","2":"type-product","3":"status-publish","4":"has-post-thumbnail","6":"product_cat-ajandekutalvany","7":"product_cat-jegyvasarlas","8":"sales-flash-overlay","9":"woocommerce-text-align-center","10":"woocommerce-image-align-center","11":"do-quantity-buttons","13":"first","14":"instock","15":"virtual","16":"purchasable","17":"product-type-simple"},"_links":{"self":[{"href":"https:\/\/interhotel.hu\/en\/wp-json\/wp\/v2\/product\/2600","targetHints":{"allow":["GET"]}}],"collection":[{"href":"https:\/\/interhotel.hu\/en\/wp-json\/wp\/v2\/product"}],"about":[{"href":"https:\/\/interhotel.hu\/en\/wp-json\/wp\/v2\/types\/product"}],"version-history":[{"count":4,"href":"https:\/\/interhotel.hu\/en\/wp-json\/wp\/v2\/product\/2600\/revisions"}],"predecessor-version":[{"id":2607,"href":"https:\/\/interhotel.hu\/en\/wp-json\/wp\/v2\/product\/2600\/revisions\/2607"}],"wp:featuredmedia":[{"embeddable":true,"href":"https:\/\/interhotel.hu\/en\/wp-json\/wp\/v2\/media\/2598"}],"wp:attachment":[{"href":"https:\/\/interhotel.hu\/en\/wp-json\/wp\/v2\/media?parent=2600"}],"wp:term":[{"taxonomy":"product_brand","embeddable":true,"href":"https:\/\/interhotel.hu\/en\/wp-json\/wp\/v2\/product_brand?post=2600"},{"taxonomy":"product_cat","embeddable":true,"href":"https:\/\/interhotel.hu\/en\/wp-json\/wp\/v2\/product_cat?post=2600"},{"taxonomy":"product_tag","embeddable":true,"href":"https:\/\/interhotel.hu\/en\/wp-json\/wp\/v2\/product_tag?post=2600"}],"curies":[{"name":"wp","href":"https:\/\/api.w.org\/{rel}","templated":true}]}}