{"id":2469,"date":"2025-11-13T17:45:09","date_gmt":"2025-11-13T16:45:09","guid":{"rendered":"https:\/\/interhotel.hu\/?post_type=product&#038;p=2469"},"modified":"2026-01-07T16:03:29","modified_gmt":"2026-01-07T15:03:29","slug":"szilveszteri-mulatsag-interhotel-1231","status":"publish","type":"product","link":"https:\/\/interhotel.hu\/en\/termek\/szilveszteri-mulatsag-interhotel-1231\/","title":{"rendered":"Szilveszteri Mulats\u00e1g (2026.12.31)"},"content":{"rendered":"<p>Mindenkinek neh\u00e9z \u00e9v \u00e1ll a h\u00e1ta m\u00f6g\u00f6tt, biztosan \u00d6nnek is akadtak bonyodalmak az \u00e9let\u00e9ben, munk\u00e1j\u00e1ban.\u00a0<strong>Van, hogy egy nagy leveg\u0151v\u00e9tel \u00e9s az optimista el\u0151retekint\u00e9s nem is el\u00e9g<\/strong>\u00a0arra, hogy ezeket feledve, tiszta lappal tudjuk elind\u00edtani az \u00faj \u00e9vet. Ilyenkor\u00a0<strong>kell valami k\u00fcl\u00f6nleges, amivel val\u00f3ban magunk m\u00f6g\u00f6tt tudjuk hagyni az idei \u00e9v neh\u00e9zs\u00e9geit<\/strong>.<\/p>\n<p>Teljes \u00f3\u00e9vb\u00facs\u00faztat\u00f3 programsorozatunk sor\u00e1n h\u00e1rom napon kereszt\u00fcl fogjuk \u00d6nt \u00e9s t\u00e1rs\u00e1t, t\u00e1rsait Szilveszter alkalm\u00e1b\u00f3l <strong>zen\u00e9s-t\u00e1ncos programokkal \u00e9s n\u00e9pm\u0171v\u00e9szeti el\u0151ad\u00e1sokkal sz\u00f3rakoztatni, r\u00e9szt vehetnek egy igazi vid\u00e9ki diszn\u00f3toron<\/strong>\u00a0is, ahonnan nem hi\u00e1nyozhat a j\u00f3 magyar p\u00e1linka sem. Az \u00e9v utols\u00f3 napj\u00e1n pedig wellness, d\u00edszvacsora, t\u00e1nc \u00e9s koccint\u00e1s teszi fel a koron\u00e1t a szilveszteri programsorozatunkra.<\/p>\n<p>Ennek a programsorozatnak az utols\u00f3 \u00e1llom\u00e1sa a 12.31-i fantasztikus, szint\u00e9n teljes napos programunk, melyre ak\u00e1r az eg\u00e9sz csal\u00e1dot szeretettel v\u00e1rjuk. <strong>10 \u00e9v alatti gyerekeknek a bel\u00e9p\u00e9s kedvezm\u00e9nyes!<\/strong><\/p>\n<h3>PROGRAMTERV<\/h3>\n<p><span style=\"font-weight: 400;\"><strong>December 31:<\/strong>\u00a0<\/span><span style=\"font-weight: 400;\">Este 18-20 \u00f3ra k\u00f6z\u00f6tt <strong>d\u00edszvacsor\u00e1<\/strong>n vehetnek r\u00e9szt vend\u00e9geink, majd 21.00 \u00f3r\u00e1t\u00f3l<strong> Debrecen legbulisabb lemezlovas\u00e1val,<\/strong> DJ Macival folytatjuk az est\u00e9t. \u00c9jf\u00e9lkor nem maradhat el a<strong> pezsg\u0151s koccint\u00e1s \u00e9s az \u00faj\u00e9vi k\u00f6sz\u00f6nt\u0151<\/strong>, amit\u00a0<strong>mulats\u00e1g k\u00f6vet hajnalig<\/strong>. Tavalyi nagysiker\u0171 <strong>tombol\u00e1nkat id\u00e9n sem hagyjuk ki,<\/strong> amelynek f\u0151nyerem\u00e9nye egy 3 nap 2 \u00e9jszak\u00e1s f\u00e9lpanzi\u00f3s wellness-\u00e9lm\u00e9ny egy csod\u00e1s magyarorsz\u00e1gi sz\u00e1llod\u00e1ba,\u00a0mely egyel\u0151re maradjon meglepet\u00e9s!<\/span><\/p>","protected":false},"excerpt":{"rendered":"<p>December 31-\u00e9n welcome drink, zene, t\u00e1nc, tombola \u00e9s persze az \u00ednycsikland\u00f3 \u00edzek k\u00eds\u00e9ret\u00e9ben k\u00f6sz\u00f6ntheti az \u00faj \u00e9vet, az Inter Hotel \u00e9vek \u00f3ta nagy n\u00e9pszer\u0171s\u00e9gnek \u00f6rvend\u0151 szilveszteri mulats\u00e1g\u00e1n.<\/p>\n<p>Janu\u00e1r 15-ig 10% kedvezm\u00e9nnyel tudsz foglalni a HELLO2026 kuponk\u00f3ddal.<\/p>","protected":false},"featured_media":2478,"template":"","meta":[],"product_brand":[],"product_cat":[28,35],"product_tag":[],"class_list":{"0":"post-2469","1":"product","2":"type-product","3":"status-publish","4":"has-post-thumbnail","6":"product_cat-programok","7":"product_cat-jegyvasarlas","8":"sales-flash-overlay","9":"woocommerce-text-align-center","10":"woocommerce-image-align-center","11":"do-quantity-buttons","13":"first","14":"instock","15":"shipping-taxable","16":"purchasable","17":"product-type-variable"},"_links":{"self":[{"href":"https:\/\/interhotel.hu\/en\/wp-json\/wp\/v2\/product\/2469","targetHints":{"allow":["GET"]}}],"collection":[{"href":"https:\/\/interhotel.hu\/en\/wp-json\/wp\/v2\/product"}],"about":[{"href":"https:\/\/interhotel.hu\/en\/wp-json\/wp\/v2\/types\/product"}],"version-history":[{"count":4,"href":"https:\/\/interhotel.hu\/en\/wp-json\/wp\/v2\/product\/2469\/revisions"}],"predecessor-version":[{"id":2699,"href":"https:\/\/interhotel.hu\/en\/wp-json\/wp\/v2\/product\/2469\/revisions\/2699"}],"wp:featuredmedia":[{"embeddable":true,"href":"https:\/\/interhotel.hu\/en\/wp-json\/wp\/v2\/media\/2478"}],"wp:attachment":[{"href":"https:\/\/interhotel.hu\/en\/wp-json\/wp\/v2\/media?parent=2469"}],"wp:term":[{"taxonomy":"product_brand","embeddable":true,"href":"https:\/\/interhotel.hu\/en\/wp-json\/wp\/v2\/product_brand?post=2469"},{"taxonomy":"product_cat","embeddable":true,"href":"https:\/\/interhotel.hu\/en\/wp-json\/wp\/v2\/product_cat?post=2469"},{"taxonomy":"product_tag","embeddable":true,"href":"https:\/\/interhotel.hu\/en\/wp-json\/wp\/v2\/product_tag?post=2469"}],"curies":[{"name":"wp","href":"https:\/\/api.w.org\/{rel}","templated":true}]}}