{"id":2454,"date":"2025-11-13T17:40:30","date_gmt":"2025-11-13T16:40:30","guid":{"rendered":"https:\/\/interhotel.hu\/?post_type=product&#038;p=2454"},"modified":"2026-01-01T17:43:12","modified_gmt":"2026-01-01T16:43:12","slug":"oevbucsuztato-disznotor-1230","status":"publish","type":"product","link":"https:\/\/interhotel.hu\/en\/termek\/oevbucsuztato-disznotor-1230\/","title":{"rendered":"Zen\u00e9s-t\u00e1ncos, Diszn\u00f3toros El\u0151szilveszter (2026.12.30)"},"content":{"rendered":"<p>Mindenkinek neh\u00e9z \u00e9v \u00e1ll a h\u00e1ta m\u00f6g\u00f6tt, biztosan \u00d6nnek is akadtak bonyodalmak az \u00e9let\u00e9ben, munk\u00e1j\u00e1ban.\u00a0<strong>Van, hogy egy nagy leveg\u0151v\u00e9tel \u00e9s az optimista el\u0151retekint\u00e9s nem is el\u00e9g<\/strong>\u00a0arra, hogy ezeket feledve, tiszta lappal tudjuk elind\u00edtani az \u00faj \u00e9vet. Ilyenkor\u00a0<strong>kell valami k\u00fcl\u00f6nleges, amivel val\u00f3ban magunk m\u00f6g\u00f6tt tudjuk hagyni az idei \u00e9v neh\u00e9zs\u00e9geit<\/strong>.<\/p>\n<p>Teljes \u00f3\u00e9vb\u00facs\u00faztat\u00f3 programsorozatunk sor\u00e1n h\u00e1rom napon kereszt\u00fcl fogjuk \u00d6nt \u00e9s t\u00e1rs\u00e1t, t\u00e1rsait Szilveszter alkalm\u00e1b\u00f3l <strong>zen\u00e9s-t\u00e1ncos programokkal \u00e9s n\u00e9pm\u0171v\u00e9szeti el\u0151ad\u00e1sokkal sz\u00f3rakoztatni, r\u00e9szt vehetnek egy igazi vid\u00e9ki diszn\u00f3toron<\/strong>\u00a0is, ahonnan nem hi\u00e1nyozhat a j\u00f3 magyar p\u00e1linka sem. Az \u00e9v utols\u00f3 napj\u00e1n pedig wellness, d\u00edszvacsora, t\u00e1nc \u00e9s koccint\u00e1s teszi fel a koron\u00e1t a szilveszteri programsorozatunkra.<\/p>\n<p>Ennek a programsorozatnak a m\u00e1sodik \u00e1llom\u00e1sa a 12.30-i fantasztikus, eg\u00e9sz napos programunk, melyre ak\u00e1r az eg\u00e9sz csal\u00e1dot szeretettel v\u00e1rjuk. <strong>10 \u00e9v alatti gyerekeknek a bel\u00e9p\u00e9s kedvezm\u00e9nyes!<\/strong><\/p>\n<h4>PROGRAMTERV<\/h4>\n<p>Reggel m\u00e1r indul is <strong>a tradicion\u00e1lis vid\u00e9ki diszn\u00f3tor,<\/strong> melynek h\u00e1zigazd\u00e1ja az \u00edzes besz\u00e9d\u0171, sokat meg\u00e9lt, legt\u00f6bb\u00fcnk szerint<strong> a k\u00f6rny\u00e9k legkiv\u00e1l\u00f3bb v\u0151f\u00e9lye, Gy\u00f6ny\u00f6r\u0171 Zsigmond<\/strong> \u00e9breszti majd a kedves vend\u00e9geket. Reggelire m\u00e1r <strong>isteni hagym\u00e1s v\u00e9r v\u00e1r majd a frissen \u00e9bred\u0151kre<\/strong>. Persze a munk\u00e1latok \u2013 amikbe sz\u00e1ll\u00f3vend\u00e9geink is bekapcsol\u00f3dhatnak \u2013 itt m\u00e9g nem \u00e9rnek v\u00e9get, hiszen <strong>eg\u00e9sz nap s\u00fcl majd a tepert\u0151, a kolb\u00e1sz, hurka.<\/strong><\/p>\n<p>Mindek\u00f6zben d\u00e9lel\u0151tt cig\u00e1nyzen\u00e9vel sz\u00f3rakoztatjuk a k\u00f6z\u00f6ns\u00e9get, nem is ak\u00e1rmilyennel, hisz <strong>Tordai Zolt\u00e1n, a Magyar Ez\u00fcst \u00c9rdemkereszttel kit\u00fcntetett m\u0171v\u00e9sz, aki Magyarorsz\u00e1g egyik legh\u00edresebb pr\u00edm\u00e1sa \u00e9s band\u00e1ja<\/strong> h\u00fazza majd el a kedves vend\u00e9gek n\u00f3t\u00e1j\u00e1t. D\u00e9lut\u00e1n \u00fajabb n\u00e9pzenekar gondoskodik a talpal\u00e1val\u00f3r\u00f3l, ha a \u201csok munka\u201d k\u00f6zepette laz\u00edt\u00e1sk\u00e9ppen t\u00e1ncra perd\u00fcln\u00e9nk. Ehhez ny\u00fajt majd seg\u00edts\u00e9get<strong> a vil\u00e1gh\u00edr\u0171 debreceni Hajd\u00fa T\u00e1ncegy\u00fcttes<\/strong>, akik bizony\u00e1ra meghozz\u00e1k a kedvet egy-k\u00e9t fordul\u00e1shoz. \u00c9s ha mindez m\u00e9g nem volna el\u00e9g, a tov\u00e1bbi j\u00f3 hangulatr\u00f3l pedig<strong> a h\u00e1z mennyei p\u00e1link\u00e1ja<\/strong> gondoskodik!<\/p>","protected":false},"excerpt":{"rendered":"<p>December 30-\u00e1n eg\u00e9sz napos mulatoz\u00e1ssal v\u00e1rjuk azokat, akik szeretn\u00e9k az \u00f3\u00e9vb\u00facs\u00faztat\u00e1st m\u00e1r Szilveszter el\u0151tt megkezdeni. Igazi vid\u00e9ki diszn\u00f3toros \u00e9telek (hagym\u00e1s v\u00e9r, tepert\u0151, hurka), zenei \u00e9s t\u00e1ncos el\u0151ad\u00e1sok, a h\u00e1z mennyei p\u00e1link\u00e1j\u00e1val k\u00eds\u00e9rve.<\/p>\n<p>Janu\u00e1r 15-ig 10% kedvezm\u00e9nnyel tudsz foglalni a HELLO2026 kuponk\u00f3ddal.<\/p>","protected":false},"featured_media":2462,"template":"","meta":[],"product_brand":[],"product_cat":[28,35],"product_tag":[],"class_list":{"0":"post-2454","1":"product","2":"type-product","3":"status-publish","4":"has-post-thumbnail","6":"product_cat-programok","7":"product_cat-jegyvasarlas","8":"sales-flash-overlay","9":"woocommerce-text-align-center","10":"woocommerce-image-align-center","11":"do-quantity-buttons","12":"wc-has-gallery","14":"first","15":"instock","16":"shipping-taxable","17":"purchasable","18":"product-type-variable"},"_links":{"self":[{"href":"https:\/\/interhotel.hu\/en\/wp-json\/wp\/v2\/product\/2454","targetHints":{"allow":["GET"]}}],"collection":[{"href":"https:\/\/interhotel.hu\/en\/wp-json\/wp\/v2\/product"}],"about":[{"href":"https:\/\/interhotel.hu\/en\/wp-json\/wp\/v2\/types\/product"}],"version-history":[{"count":8,"href":"https:\/\/interhotel.hu\/en\/wp-json\/wp\/v2\/product\/2454\/revisions"}],"predecessor-version":[{"id":2697,"href":"https:\/\/interhotel.hu\/en\/wp-json\/wp\/v2\/product\/2454\/revisions\/2697"}],"wp:featuredmedia":[{"embeddable":true,"href":"https:\/\/interhotel.hu\/en\/wp-json\/wp\/v2\/media\/2462"}],"wp:attachment":[{"href":"https:\/\/interhotel.hu\/en\/wp-json\/wp\/v2\/media?parent=2454"}],"wp:term":[{"taxonomy":"product_brand","embeddable":true,"href":"https:\/\/interhotel.hu\/en\/wp-json\/wp\/v2\/product_brand?post=2454"},{"taxonomy":"product_cat","embeddable":true,"href":"https:\/\/interhotel.hu\/en\/wp-json\/wp\/v2\/product_cat?post=2454"},{"taxonomy":"product_tag","embeddable":true,"href":"https:\/\/interhotel.hu\/en\/wp-json\/wp\/v2\/product_tag?post=2454"}],"curies":[{"name":"wp","href":"https:\/\/api.w.org\/{rel}","templated":true}]}}