{"id":2446,"date":"2026-01-01T17:25:17","date_gmt":"2026-01-01T16:25:17","guid":{"rendered":"https:\/\/interhotel.hu\/?post_type=product&#038;p=2446"},"modified":"2026-05-04T10:01:24","modified_gmt":"2026-05-04T08:01:24","slug":"zenes-utoszilveszter","status":"publish","type":"product","link":"https:\/\/interhotel.hu\/en\/termek\/zenes-utoszilveszter\/","title":{"rendered":"New Year's Dinner and Music Party with Roland Balogh (01.01.2027)"},"content":{"rendered":"<p>Mindenkinek neh\u00e9z \u00e9v \u00e1ll a h\u00e1ta m\u00f6g\u00f6tt, biztosan \u00d6nnek is akadtak bonyodalmak az \u00e9let\u00e9ben, munk\u00e1j\u00e1ban.\u00a0<strong>Van, hogy egy nagy leveg\u0151v\u00e9tel \u00e9s az optimista el\u0151retekint\u00e9s nem is el\u00e9g<\/strong>\u00a0arra, hogy ezeket feledve, tiszta lappal tudjuk elind\u00edtani az \u00faj \u00e9vet. Ilyenkor\u00a0<strong>kell valami k\u00fcl\u00f6nleges, amivel val\u00f3ban magunk m\u00f6g\u00f6tt tudjuk hagyni az idei \u00e9v neh\u00e9zs\u00e9geit<\/strong>.<\/p>\n<p>Teljes \u00faj\u00e9vk\u00f6sz\u00f6nt\u0151 programsorozatunk sor\u00e1n h\u00e1rom napon kereszt\u00fcl fogjuk \u00d6nt \u00e9s t\u00e1rs\u00e1t, t\u00e1rsait Szilveszter alkalm\u00e1b\u00f3l <strong>zen\u00e9s-t\u00e1ncos programokkal \u00e9s n\u00e9pm\u0171v\u00e9szeti el\u0151ad\u00e1sokkal sz\u00f3rakoztatni, r\u00e9szt vehetnek egy igazi vid\u00e9ki diszn\u00f3toron<\/strong>\u00a0is, ahonnan nem hi\u00e1nyozhat a j\u00f3 magyar p\u00e1linka sem. Az \u00e9v utols\u00f3 napj\u00e1n pedig wellness, d\u00edszvacsora, t\u00e1nc \u00e9s koccint\u00e1s teszi fel a koron\u00e1t a szilveszteri programsorozatunkra.<\/p>\n<p>Ennek a programsorozatnak az els\u0151 \u00e1llom\u00e1sa a 2027.01.01-\u00e9n este 19.00-t\u00f3l megrendez\u00e9sre ker\u00fcl\u0151 zen\u00e9s-t\u00e1ncsos vacsoraest, melyre ak\u00e1r az eg\u00e9sz csal\u00e1dot szeretettel v\u00e1rjuk. <strong>10 \u00e9v alatti gyerekeknek a bel\u00e9p\u00e9s ingyenes (de a hely biztos\u00edt\u00e1sa \u00e9rdek\u00e9ben a d\u00edjmentes gyermekjegyet is mindenk\u00e9pp tegye majd a kos\u00e1rba).<\/strong><\/p>","protected":false},"excerpt":{"rendered":"<p>2027.01.01-\u00e9n este m\u00e1r meg is kezdj\u00fck a szilveszteri mulatoz\u00e1st, m\u00e9ghozz\u00e1 egy <strong>fantasztikus hangulat\u00fa \u00e9l\u0151zen\u00e9s sv\u00e9dasztalos vacsor\u00e1val<\/strong>, ahol Balogh Roland gondoskodik r\u00f3la, hogy a v\u00e9gletekig fokozza s\u00e9f\u00fcnk \u00e1ltal garant\u00e1lt gasztron\u00f3miai \u00e9lvezeteket. Ha 10 \u00e9v alatti gyermek(ek)kel \u00e9rkezne, akkor a d\u00edjmentes gyermekbel\u00e9p\u0151(ke)t is tegye a kos\u00e1rba!<\/p>","protected":false},"featured_media":1561,"template":"","meta":[],"product_brand":[],"product_cat":[28,35],"product_tag":[],"class_list":{"0":"post-2446","1":"product","2":"type-product","3":"status-publish","4":"has-post-thumbnail","6":"product_cat-programok","7":"product_cat-jegyvasarlas","8":"sales-flash-overlay","9":"woocommerce-text-align-center","10":"woocommerce-image-align-center","11":"do-quantity-buttons","13":"first","14":"instock","15":"shipping-taxable","16":"purchasable","17":"product-type-variable"},"_links":{"self":[{"href":"https:\/\/interhotel.hu\/en\/wp-json\/wp\/v2\/product\/2446","targetHints":{"allow":["GET"]}}],"collection":[{"href":"https:\/\/interhotel.hu\/en\/wp-json\/wp\/v2\/product"}],"about":[{"href":"https:\/\/interhotel.hu\/en\/wp-json\/wp\/v2\/types\/product"}],"version-history":[{"count":9,"href":"https:\/\/interhotel.hu\/en\/wp-json\/wp\/v2\/product\/2446\/revisions"}],"predecessor-version":[{"id":3137,"href":"https:\/\/interhotel.hu\/en\/wp-json\/wp\/v2\/product\/2446\/revisions\/3137"}],"wp:featuredmedia":[{"embeddable":true,"href":"https:\/\/interhotel.hu\/en\/wp-json\/wp\/v2\/media\/1561"}],"wp:attachment":[{"href":"https:\/\/interhotel.hu\/en\/wp-json\/wp\/v2\/media?parent=2446"}],"wp:term":[{"taxonomy":"product_brand","embeddable":true,"href":"https:\/\/interhotel.hu\/en\/wp-json\/wp\/v2\/product_brand?post=2446"},{"taxonomy":"product_cat","embeddable":true,"href":"https:\/\/interhotel.hu\/en\/wp-json\/wp\/v2\/product_cat?post=2446"},{"taxonomy":"product_tag","embeddable":true,"href":"https:\/\/interhotel.hu\/en\/wp-json\/wp\/v2\/product_tag?post=2446"}],"curies":[{"name":"wp","href":"https:\/\/api.w.org\/{rel}","templated":true}]}}