{"id":2234,"date":"2025-07-15T18:42:02","date_gmt":"2025-07-15T16:42:02","guid":{"rendered":"https:\/\/interhotel.hu\/?post_type=product&#038;p=2234"},"modified":"2025-11-30T15:17:55","modified_gmt":"2025-11-30T14:17:55","slug":"kulsos-wellness-jegy","status":"publish","type":"product","link":"https:\/\/interhotel.hu\/en\/termek\/kulsos-wellness-jegy\/","title":{"rendered":"K\u00fcls\u0151s wellness jegy"},"content":{"rendered":"<div id=\"m_1985507433115979142AppleMailSignature\" dir=\"ltr\">Mit tartalmaz ez az \u00e1r? Az \u00e1r eg\u00e9sz napra vonatkozik, ez\u00e9rt az \u00f6sszeg\u00e9rt a kedves vend\u00e9g haszn\u00e1lhatja kis \u00fasz\u00f3 medenc\u00e9nket, k\u00e9t jacuzzinkat, 8 szem\u00e9lyes finn szaun\u00e1nkat, mobil ping-pongasztalunkat \u00e9s \u00f6sszes kerti j\u00e1t\u00e9kunkat.<\/div>\n<div id=\"m_1985507433115979142AppleMailSignature\" dir=\"ltr\"><\/div>\n<div id=\"m_1985507433115979142AppleMailSignature\" dir=\"ltr\">Kiemeln\u00e9m 8 szem\u00e9lyes finn szaun\u00e1nkat, melynek el\u0151tere a forr\u00f3 leveg\u0151 megtart\u00e1s\u00e1t \u00e9s a k\u00e9nyelmes bel\u00e9p\u00e9st biztos\u00edtja. Relax\u00e1l\u00f3 vagy \u00e9ppen friss\u00edt\u0151 hat\u00e1s\u00fa ill\u00f3olajaink vend\u00e9geink ellazul\u00e1s\u00e1t teszik lehet\u0151v\u00e9.<\/div>\n<div id=\"m_1985507433115979142AppleMailSignature\" dir=\"ltr\"><\/div>\n<div id=\"m_1985507433115979142AppleMailSignature\" dir=\"ltr\">Az udvaron kerti zuhany, \u00f6lt\u00f6z\u0151k, napoz\u00f3\u00e1gyak \u00e9s piknik asztalok szolg\u00e1lj\u00e1k a pancsolni v\u00e1gy\u00f3k k\u00e9nyelm\u00e9t. Ha megszomjazna, kerti b\u00e1runkban, a Beer-lakban k\u00f3stolhatja meg kedvenc italait, melyek k\u00f6z\u00fcl kimagaslanak a k\u00e9zm\u0171ves Szentandr\u00e1si s\u00f6rf\u0151zde k\u00fcl\u00f6nlegess\u00e9gei, melyek Debrecenben ilyen sz\u00e9les sk\u00e1l\u00e1ban csak n\u00e1lunk kaphat\u00f3ak.<\/div>\n<div dir=\"ltr\"><\/div>\n<div dir=\"ltr\"><strong>A jegy megv\u00e1s\u00e1rl\u00e1sa ut\u00e1n kapni fog egy visszaigazol\u00f3 emailt, melyet a recepci\u00f3n k\u00e9r\u00fcnk bemutatni.<\/strong><\/div>\n<div id=\"m_1985507433115979142AppleMailSignature\" dir=\"ltr\"><\/div>\n<div id=\"m_1985507433115979142AppleMailSignature\" dir=\"ltr\">Ha egy csendes \u00e9s harmonikus helyre v\u00e1gyik a zs\u00fafolt strandok helyett, v\u00e1lasszon benn\u00fcnket! Feledkezzen bele a ny\u00e1rba \u00e9s foglaljon vacsor\u00e1t is, melynek nyugodt elfogyaszt\u00e1s\u00e1hoz csak at kell s\u00e9t\u00e1lnia a kert m\u00e1sik r\u00e9sz\u00e9be!<\/div>","protected":false},"excerpt":{"rendered":"<p>B\u00e1r kevesen tudj\u00e1k, az Inter Hotel*** Superior udvar\u00e1n tal\u00e1lhat\u00f3 hangulatos wellness r\u00e9szleget nemcsak sz\u00e1ll\u00f3vend\u00e9geink haszn\u00e1lhatj\u00e1k, hanem k\u00fcls\u0151s wellness jegy is v\u00e1s\u00e1rolhat\u00f3, mely eg\u00e9sz napos haszn\u00e1latot biztos\u00edt a k\u00fclt\u00e9ri medenc\u00e9ben, jakuzzikban \u00e9s a finn szaun\u00e1ban.<\/p>","protected":false},"featured_media":1078,"template":"","meta":[],"product_brand":[],"product_cat":[36,35],"product_tag":[],"class_list":{"0":"post-2234","1":"product","2":"type-product","3":"status-publish","4":"has-post-thumbnail","6":"product_cat-egyeb-szolgaltatasok","7":"product_cat-jegyvasarlas","8":"sales-flash-overlay","9":"woocommerce-text-align-center","10":"woocommerce-image-align-center","11":"do-quantity-buttons","13":"first","14":"instock","15":"virtual","16":"purchasable","17":"product-type-simple"},"_links":{"self":[{"href":"https:\/\/interhotel.hu\/en\/wp-json\/wp\/v2\/product\/2234","targetHints":{"allow":["GET"]}}],"collection":[{"href":"https:\/\/interhotel.hu\/en\/wp-json\/wp\/v2\/product"}],"about":[{"href":"https:\/\/interhotel.hu\/en\/wp-json\/wp\/v2\/types\/product"}],"version-history":[{"count":2,"href":"https:\/\/interhotel.hu\/en\/wp-json\/wp\/v2\/product\/2234\/revisions"}],"predecessor-version":[{"id":2551,"href":"https:\/\/interhotel.hu\/en\/wp-json\/wp\/v2\/product\/2234\/revisions\/2551"}],"wp:featuredmedia":[{"embeddable":true,"href":"https:\/\/interhotel.hu\/en\/wp-json\/wp\/v2\/media\/1078"}],"wp:attachment":[{"href":"https:\/\/interhotel.hu\/en\/wp-json\/wp\/v2\/media?parent=2234"}],"wp:term":[{"taxonomy":"product_brand","embeddable":true,"href":"https:\/\/interhotel.hu\/en\/wp-json\/wp\/v2\/product_brand?post=2234"},{"taxonomy":"product_cat","embeddable":true,"href":"https:\/\/interhotel.hu\/en\/wp-json\/wp\/v2\/product_cat?post=2234"},{"taxonomy":"product_tag","embeddable":true,"href":"https:\/\/interhotel.hu\/en\/wp-json\/wp\/v2\/product_tag?post=2234"}],"curies":[{"name":"wp","href":"https:\/\/api.w.org\/{rel}","templated":true}]}}