{"id":33,"date":"2023-05-09T15:42:21","date_gmt":"2023-05-09T13:42:21","guid":{"rendered":"https:\/\/interhotel.hu\/?page_id=33"},"modified":"2025-12-04T17:27:11","modified_gmt":"2025-12-04T16:27:11","slug":"relationship","status":"publish","type":"page","link":"https:\/\/interhotel.hu\/en\/kapcsolat\/","title":{"rendered":"Contact"},"content":{"rendered":"<div data-elementor-type=\"wp-page\" data-elementor-id=\"33\" class=\"elementor elementor-33\" data-elementor-post-type=\"page\">\n\t\t\t\t<div class=\"elementor-element elementor-element-81a6473 e-con-full e-flex e-con e-parent\" data-id=\"81a6473\" data-element_type=\"container\" data-e-type=\"container\" data-settings=\"{&quot;background_background&quot;:&quot;classic&quot;}\">\n\t\t<div class=\"elementor-element elementor-element-9b50ebc e-con-full e-flex e-con e-child\" data-id=\"9b50ebc\" data-element_type=\"container\" data-e-type=\"container\">\n\t\t\t\t<div class=\"elementor-element elementor-element-38a6da4 elementor-widget elementor-widget-heading\" data-id=\"38a6da4\" data-element_type=\"widget\" data-e-type=\"widget\" data-widget_type=\"heading.default\">\n\t\t\t\t<div class=\"elementor-widget-container\">\n\t\t\t\t\t<h1 class=\"elementor-heading-title elementor-size-default\">CONTACT<\/h1>\t\t\t\t<\/div>\n\t\t\t\t<\/div>\n\t\t\t\t<\/div>\n\t\t\t\t<\/div>\n\t\t<div class=\"elementor-element elementor-element-b959889 e-con-full e-flex e-con e-parent\" data-id=\"b959889\" data-element_type=\"container\" data-e-type=\"container\" data-settings=\"{&quot;background_background&quot;:&quot;classic&quot;}\">\n\t\t<div class=\"elementor-element elementor-element-1b95485 e-con-full e-flex e-con e-child\" data-id=\"1b95485\" data-element_type=\"container\" data-e-type=\"container\" data-settings=\"{&quot;background_background&quot;:&quot;classic&quot;}\">\n\t\t\t\t<div class=\"elementor-element elementor-element-5e92a5f elementor-widget elementor-widget-heading\" data-id=\"5e92a5f\" data-element_type=\"widget\" data-e-type=\"widget\" data-widget_type=\"heading.default\">\n\t\t\t\t<div class=\"elementor-widget-container\">\n\t\t\t\t\t<h6 class=\"elementor-heading-title elementor-size-default\">Select a room type!<\/h6>\t\t\t\t<\/div>\n\t\t\t\t<\/div>\n\t\t\t\t<div class=\"elementor-element elementor-element-658ae44 elementor-widget elementor-widget-button\" data-id=\"658ae44\" data-element_type=\"widget\" data-e-type=\"widget\" data-widget_type=\"button.default\">\n\t\t\t\t<div class=\"elementor-widget-container\">\n\t\t\t\t\t\t\t\t\t<div class=\"elementor-button-wrapper\">\n\t\t\t\t\t<a class=\"elementor-button elementor-button-link elementor-size-sm\" href=\"https:\/\/interhotel.hu\/en\/rooms\/\">\n\t\t\t\t\t\t<span class=\"elementor-button-content-wrapper\">\n\t\t\t\t\t\t\t\t\t<span class=\"elementor-button-text\">Our rooms<\/span>\n\t\t\t\t\t<\/span>\n\t\t\t\t\t<\/a>\n\t\t\t\t<\/div>\n\t\t\t\t\t\t\t\t<\/div>\n\t\t\t\t<\/div>\n\t\t\t\t<\/div>\n\t\t\t\t<\/div>\n\t\t<div class=\"elementor-element elementor-element-2efc379 e-con-full e-flex e-con e-parent\" data-id=\"2efc379\" data-element_type=\"container\" data-e-type=\"container\">\n\t\t<div class=\"elementor-element elementor-element-ecb032f e-con-full e-flex e-con e-child\" data-id=\"ecb032f\" data-element_type=\"container\" data-e-type=\"container\">\n\t\t\t\t<div class=\"elementor-element elementor-element-1e181fb elementor-widget elementor-widget-heading\" data-id=\"1e181fb\" data-element_type=\"widget\" data-e-type=\"widget\" data-widget_type=\"heading.default\">\n\t\t\t\t<div class=\"elementor-widget-container\">\n\t\t\t\t\t<h2 class=\"elementor-heading-title elementor-size-default translation-block\">Write <span class=\"cimbronz\">message<\/span> to us<\/h2>\t\t\t\t<\/div>\n\t\t\t\t<\/div>\n\t\t\t\t<div class=\"elementor-element elementor-element-20464cf elementor-widget elementor-widget-jet-engine-booking-form\" data-id=\"20464cf\" data-element_type=\"widget\" data-e-type=\"widget\" data-widget_type=\"jet-engine-booking-form.default\">\n\t\t\t\t<div class=\"elementor-widget-container\">\n\t\t\t\t\t<form  class=\"jet-form layout-column submit-type-ajax\" action=\"\/en\/wp-json\/wp\/v2\/pages\/33?jet_engine_action=book&#038;nocache=1777049451\" method=\"POST\" data-form-id=\"1192\" data-trp-original-action=\"\/en\/wp-json\/wp\/v2\/pages\/33?jet_engine_action=book&#038;nocache=1777049451\"><input class=\"jet-form__field hidden-field\" type=\"hidden\" name=\"_jet_engine_booking_form_id\" value=\"1192\" data-field-name=\"_jet_engine_booking_form_id\"><input class=\"jet-form__field hidden-field\" type=\"hidden\" name=\"_jet_engine_refer\" value=\"https:\/\/interhotel.hu\/en\/wp-json\/wp\/v2\/pages\/33\" data-field-name=\"_jet_engine_refer\"><div  class=\"jet-form-row jet-form-row--first-visible\"><div class=\"jet-form-col jet-form-col-12  field-type-text  jet-form-field-container\" data-field=\"Teljes n\u00e9v\" data-conditional=\"false\"><input class=\"jet-form__field text-field\" placeholder=\"Name\" value=\"\" required=\"required\" name=\"Teljes n\u00e9v\" id=\"Teljes n\u00e9v\" type=\"text\" data-field-name=\"Teljes n\u00e9v\" minlength=\"1\" maxlength=\"255\"><\/div><\/div><div  class=\"jet-form-row\"><div class=\"jet-form-col jet-form-col-12  field-type-text  jet-form-field-container\" data-field=\"Email c\u00edm\" data-conditional=\"false\"><input class=\"jet-form__field text-field\" placeholder=\"Email\" value=\"\" required=\"required\" name=\"Email c\u00edm\" id=\"Email c\u00edm\" type=\"email\" data-field-name=\"Email c\u00edm\" minlength=\"1\" maxlength=\"255\"><\/div><\/div><div  class=\"jet-form-row\"><div class=\"jet-form-col jet-form-col-12  field-type-text  jet-form-field-container\" data-field=\"Telefonsz\u00e1m\" data-conditional=\"false\"><input class=\"jet-form__field text-field\" placeholder=\"Phone number\" value=\"\" required=\"required\" name=\"Telefonsz\u00e1m\" id=\"Telefonsz\u00e1m\" type=\"tel\" data-field-name=\"Telefonsz\u00e1m\"><\/div><\/div><div  class=\"jet-form-row\"><div class=\"jet-form-col jet-form-col-12  field-type-textarea  jet-form-field-container\" data-field=\"\u00dczenet\" data-conditional=\"false\"><textarea class=\"jet-form__field textarea-field\" placeholder=\"Message\" required=\"required\" name=\"\u00dczenet\" data-field-name=\"\u00dczenet\" id=\"\u00dczenet\" minlength=\"1\" maxlength=\"2555\"><\/textarea><\/div><\/div><div  class=\"jet-form-row\"><div class=\"jet-form-col jet-form-col-12  field-type-radio  jet-form-field-container\" data-field=\"GDPR\" data-conditional=\"false\"><div class=\"jet-form__label translation-block\"><span class=\"jet-form__label-text\">Please, read the <a href=\"https:\/\/interhotel.hu\/wp-content\/uploads\/2023\/06\/InterHotel_adatvedelmi_tajekoztato.pdf\" target=\"_self \">Privacy policy<\/a> <span class=\"jet-form__required\">of Inter Hotel.*<\/span><\/span><\/div><div class=\"jet-form__fields-group checkradio-wrap\">\t\t<div class=\"jet-form__field-wrap radio-wrap checkradio-wrap\">\n\t\t\t\t\t\t<label class=\"jet-form__field-label\">\n\t\t\t\t<input\n\t\t\t\t\ttype=\"radio\"\n\t\t\t\t\tname=\"GDPR\"\n\t\t\t\t\tclass=\"jet-form__field radio-field checkradio-field\"\n\t\t\t\t\tvalue=\"Elolvastam \u00e9s elfogadom.\"\n\t\t\t\t\tdata-field-name=\"GDPR\"\n\t\t\t\t\t\t\t\t\t\trequired=\"required\"\t\t\t\t\t\t\t\t\t\t\t\t\t\t>\n\t\t\t\tI have read and accept it.\t\t\t<\/label>\n\t\t<\/div>\n\t\t<\/div><\/div><\/div><div  class=\"jet-form-row jet-form-row--submit\"><div class=\"jet-form-col jet-form-col-12  field-type-submit  jet-form-field-container\" data-field=\"Submit\" data-conditional=\"false\"><div class=\"jet-form__submit-wrap\">\n\t\t<button class=\"jet-form__submit submit-type-ajax\" type=\"button\">Submit<\/button>\n<\/div><\/div><\/div><input class=\"jet-form__field hidden-field\" type=\"hidden\" name=\"_jet_engine_nonce\" value=\"ea4479ff47\" data-field-name=\"_jet_engine_nonce\"><input type=\"hidden\" name=\"trp-form-language\" value=\"en\"\/><\/form><div class=\"jet-form-messages-wrap\" data-form-id=\"1192\"><\/div>\t\t\t\t<\/div>\n\t\t\t\t<\/div>\n\t\t\t\t<\/div>\n\t\t<div class=\"elementor-element elementor-element-e4c184d e-con-full e-flex e-con e-child\" data-id=\"e4c184d\" data-element_type=\"container\" data-e-type=\"container\">\n\t\t\t\t<div class=\"elementor-element elementor-element-b40ce58 elementor-widget elementor-widget-image\" data-id=\"b40ce58\" data-element_type=\"widget\" data-e-type=\"widget\" data-widget_type=\"image.default\">\n\t\t\t\t<div class=\"elementor-widget-container\">\n\t\t\t\t\t\t\t\t\t\t\t\t\t\t\t<img fetchpriority=\"high\" decoding=\"async\" width=\"1536\" height=\"1152\" src=\"https:\/\/interhotel.hu\/wp-content\/uploads\/2023\/06\/image1-1536x1152.jpeg\" class=\"attachment-1536x1536 size-1536x1536 wp-image-1379\" alt=\"\" srcset=\"https:\/\/interhotel.hu\/wp-content\/uploads\/2023\/06\/image1-1536x1152.jpeg 1536w, https:\/\/interhotel.hu\/wp-content\/uploads\/2023\/06\/image1-300x225.jpeg 300w, https:\/\/interhotel.hu\/wp-content\/uploads\/2023\/06\/image1-1024x768.jpeg 1024w, https:\/\/interhotel.hu\/wp-content\/uploads\/2023\/06\/image1-768x576.jpeg 768w, https:\/\/interhotel.hu\/wp-content\/uploads\/2023\/06\/image1-2048x1536.jpeg 2048w, https:\/\/interhotel.hu\/wp-content\/uploads\/2023\/06\/image1-16x12.jpeg 16w, https:\/\/interhotel.hu\/wp-content\/uploads\/2023\/06\/image1-600x450.jpeg 600w\" sizes=\"(max-width: 1536px) 100vw, 1536px\" \/>\t\t\t\t\t\t\t\t\t\t\t\t\t\t\t<\/div>\n\t\t\t\t<\/div>\n\t\t\t\t<\/div>\n\t\t\t\t<\/div>\n\t\t<div class=\"elementor-element elementor-element-65322c2 e-con-full e-flex e-con e-parent\" data-id=\"65322c2\" data-element_type=\"container\" data-e-type=\"container\" data-settings=\"{&quot;background_background&quot;:&quot;classic&quot;}\">\n\t\t<a class=\"elementor-element elementor-element-aeaaeb3 e-con-full e-flex e-con e-child\" data-id=\"aeaaeb3\" data-element_type=\"container\" data-e-type=\"container\" data-settings=\"{&quot;background_background&quot;:&quot;classic&quot;}\" href=\"https:\/\/goo.gl\/maps\/dUC1MgiUXzbXwKHJ7\" target=\"_blank\" rel=\"noopener\">\n\t\t\t\t<\/a>\n\t\t<div class=\"elementor-element elementor-element-41ce571 e-con-full e-flex e-con e-child\" data-id=\"41ce571\" data-element_type=\"container\" data-e-type=\"container\">\n\t\t\t\t<div class=\"elementor-element elementor-element-4224ff5 elementor-widget elementor-widget-heading\" data-id=\"4224ff5\" data-element_type=\"widget\" data-e-type=\"widget\" data-widget_type=\"heading.default\">\n\t\t\t\t<div class=\"elementor-widget-container\">\n\t\t\t\t\t<h2 class=\"elementor-heading-title elementor-size-default translation-block\">How to approach <span class=\"cimbronz\">Inter Hotel<\/span><\/h2>\t\t\t\t<\/div>\n\t\t\t\t<\/div>\n\t\t<div class=\"elementor-element elementor-element-ac7ac92 e-con-full e-flex e-con e-child\" data-id=\"ac7ac92\" data-element_type=\"container\" data-e-type=\"container\">\n\t\t\t\t<div class=\"elementor-element elementor-element-4c4aecb elementor-widget elementor-widget-heading\" data-id=\"4c4aecb\" data-element_type=\"widget\" data-e-type=\"widget\" data-widget_type=\"heading.default\">\n\t\t\t\t<div class=\"elementor-widget-container\">\n\t\t\t\t\t<h4 class=\"elementor-heading-title elementor-size-default\">From the direction of Budapest<\/h4>\t\t\t\t<\/div>\n\t\t\t\t<\/div>\n\t\t\t\t<div class=\"elementor-element elementor-element-c2c55d8 elementor-widget elementor-widget-text-editor\" data-id=\"c2c55d8\" data-element_type=\"widget\" data-e-type=\"widget\" data-widget_type=\"text-editor.default\">\n\t\t\t\t<div class=\"elementor-widget-container\">\n\t\t\t\t\t\t\t\t\tOn the M3 and then M35 motorways directly to Debrecen. Exit: at the Debrecen-North sign.\t\t\t\t\t\t\t\t<\/div>\n\t\t\t\t<\/div>\n\t\t\t\t<\/div>\n\t\t<div class=\"elementor-element elementor-element-3366e6a e-con-full e-flex e-con e-child\" data-id=\"3366e6a\" data-element_type=\"container\" data-e-type=\"container\">\n\t\t\t\t<div class=\"elementor-element elementor-element-5eb46e4 elementor-widget elementor-widget-heading\" data-id=\"5eb46e4\" data-element_type=\"widget\" data-e-type=\"widget\" data-widget_type=\"heading.default\">\n\t\t\t\t<div class=\"elementor-widget-container\">\n\t\t\t\t\t<h4 class=\"elementor-heading-title elementor-size-default\">From the direction of Szeged<\/h4>\t\t\t\t<\/div>\n\t\t\t\t<\/div>\n\t\t\t\t<div class=\"elementor-element elementor-element-ce82af4 elementor-widget elementor-widget-text-editor\" data-id=\"ce82af4\" data-element_type=\"widget\" data-e-type=\"widget\" data-widget_type=\"text-editor.default\">\n\t\t\t\t<div class=\"elementor-widget-container\">\n\t\t\t\t\t\t\t\t\tOn high road 47, then from Beretty\u00f3\u00fajfalu on highway M35, directly to Debrecen.\t\t\t\t\t\t\t\t<\/div>\n\t\t\t\t<\/div>\n\t\t\t\t<\/div>\n\t\t<div class=\"elementor-element elementor-element-651217b e-con-full e-flex e-con e-child\" data-id=\"651217b\" data-element_type=\"container\" data-e-type=\"container\">\n\t\t\t\t<div class=\"elementor-element elementor-element-67ae18e elementor-widget elementor-widget-heading\" data-id=\"67ae18e\" data-element_type=\"widget\" data-e-type=\"widget\" data-widget_type=\"heading.default\">\n\t\t\t\t<div class=\"elementor-widget-container\">\n\t\t\t\t\t<h4 class=\"elementor-heading-title elementor-size-default\">From the direction of Ny\u00edregyh\u00e1za<\/h4>\t\t\t\t<\/div>\n\t\t\t\t<\/div>\n\t\t\t\t<div class=\"elementor-element elementor-element-0440ea0 elementor-widget elementor-widget-text-editor\" data-id=\"0440ea0\" data-element_type=\"widget\" data-e-type=\"widget\" data-widget_type=\"text-editor.default\">\n\t\t\t\t<div class=\"elementor-widget-container\">\n\t\t\t\t\t\t\t\t\tOn high road 4 or on highway M3 and M35.\t\t\t\t\t\t\t\t<\/div>\n\t\t\t\t<\/div>\n\t\t\t\t<\/div>\n\t\t<div class=\"elementor-element elementor-element-989fcc0 e-con-full e-flex e-con e-child\" data-id=\"989fcc0\" data-element_type=\"container\" data-e-type=\"container\">\n\t\t\t\t<div class=\"elementor-element elementor-element-9fbdcd3 elementor-widget elementor-widget-heading\" data-id=\"9fbdcd3\" data-element_type=\"widget\" data-e-type=\"widget\" data-widget_type=\"heading.default\">\n\t\t\t\t<div class=\"elementor-widget-container\">\n\t\t\t\t\t<h4 class=\"elementor-heading-title elementor-size-default\">From the direction of Miskolc<\/h4>\t\t\t\t<\/div>\n\t\t\t\t<\/div>\n\t\t\t\t<div class=\"elementor-element elementor-element-1f99f23 elementor-widget elementor-widget-text-editor\" data-id=\"1f99f23\" data-element_type=\"widget\" data-e-type=\"widget\" data-widget_type=\"text-editor.default\">\n\t\t\t\t<div class=\"elementor-widget-container\">\n\t\t\t\t\t\t\t\t\tOn high road 3 to Ny\u00e9kl\u00e1dh\u00e1za, then on high road 35 to Debrecen. Another option is travelling on highways M30, M3, then M35.\t\t\t\t\t\t\t\t<\/div>\n\t\t\t\t<\/div>\n\t\t\t\t<\/div>\n\t\t\t\t<\/div>\n\t\t\t\t<\/div>\n\t\t<div class=\"elementor-element elementor-element-7fc66bf e-con-full e-flex e-con e-parent\" data-id=\"7fc66bf\" data-element_type=\"container\" data-e-type=\"container\">\n\t\t\t\t<div class=\"elementor-element elementor-element-ede9049 elementor-widget elementor-widget-heading\" data-id=\"ede9049\" data-element_type=\"widget\" data-e-type=\"widget\" data-widget_type=\"heading.default\">\n\t\t\t\t<div class=\"elementor-widget-container\">\n\t\t\t\t\t<h2 class=\"elementor-heading-title elementor-size-default translation-block\">Contact <span class=\"cimbronz\">us<\/span><\/h2>\t\t\t\t<\/div>\n\t\t\t\t<\/div>\n\t\t\t\t<\/div>\n\t\t<div class=\"elementor-element elementor-element-ccbdd4f e-con-full e-flex e-con e-parent\" data-id=\"ccbdd4f\" data-element_type=\"container\" data-e-type=\"container\">\n\t\t<div class=\"elementor-element elementor-element-2aaf005 e-con-full e-flex e-con e-child\" data-id=\"2aaf005\" data-element_type=\"container\" data-e-type=\"container\" data-settings=\"{&quot;background_background&quot;:&quot;classic&quot;}\">\n\t\t\t\t<div class=\"elementor-element elementor-element-ce4c2cb elementor-widget elementor-widget-text-editor\" data-id=\"ce4c2cb\" data-element_type=\"widget\" data-e-type=\"widget\" data-widget_type=\"text-editor.default\">\n\t\t\t\t<div class=\"elementor-widget-container\">\n\t\t\t\t\t\t\t\t\t<div class=\"elementor-element elementor-element-f8bacd1 elementor-widget elementor-widget-text-editor\" data-id=\"f8bacd1\" data-element_type=\"widget\" data-widget_type=\"text-editor.default\"><div class=\"elementor-widget-container\"><p>We are looking forward you to contact us, as our intention is to make your stay unforgettable in our hotel. If you have any questions or doubts before booking, call us or fill out our contact form and we will answer to all your questions.<\/p><\/div><\/div>\t\t\t\t\t\t\t\t<\/div>\n\t\t\t\t<\/div>\n\t\t\t\t<\/div>\n\t\t<div class=\"elementor-element elementor-element-a9d1529 e-con-full e-flex e-con e-child\" data-id=\"a9d1529\" data-element_type=\"container\" data-e-type=\"container\">\n\t\t\t\t<div class=\"elementor-element elementor-element-deb4b0d elementor-widget elementor-widget-heading\" data-id=\"deb4b0d\" data-element_type=\"widget\" data-e-type=\"widget\" data-widget_type=\"heading.default\">\n\t\t\t\t<div class=\"elementor-widget-container\">\n\t\t\t\t\t<h3 class=\"elementor-heading-title elementor-size-default\">Our contact details:<\/h3>\t\t\t\t<\/div>\n\t\t\t\t<\/div>\n\t\t\t\t<div class=\"elementor-element elementor-element-bcf0a8b elementor-mobile-align-center elementor-icon-list--layout-traditional elementor-list-item-link-full_width elementor-widget elementor-widget-icon-list\" data-id=\"bcf0a8b\" data-element_type=\"widget\" data-e-type=\"widget\" data-widget_type=\"icon-list.default\">\n\t\t\t\t<div class=\"elementor-widget-container\">\n\t\t\t\t\t\t\t<ul class=\"elementor-icon-list-items\">\n\t\t\t\t\t\t\t<li class=\"elementor-icon-list-item\">\n\t\t\t\t\t\t\t\t\t\t\t<a href=\"tel:+36302935406\" target=\"_blank\">\n\n\t\t\t\t\t\t\t\t\t\t\t\t<span class=\"elementor-icon-list-icon\">\n\t\t\t\t\t\t\t<i aria-hidden=\"true\" class=\"fas fa-phone-alt\"><\/i>\t\t\t\t\t\t<\/span>\n\t\t\t\t\t\t\t\t\t\t<span class=\"elementor-icon-list-text\">Phone:<br>+36 30\u00a0293 54 06<\/span>\n\t\t\t\t\t\t\t\t\t\t\t<\/a>\n\t\t\t\t\t\t\t\t\t<\/li>\n\t\t\t\t\t\t\t\t<li class=\"elementor-icon-list-item\">\n\t\t\t\t\t\t\t\t\t\t\t<a href=\"mailto:info@interhotel.hu\" target=\"_blank\">\n\n\t\t\t\t\t\t\t\t\t\t\t\t<span class=\"elementor-icon-list-icon\">\n\t\t\t\t\t\t\t<i aria-hidden=\"true\" class=\"fas fa-envelope\"><\/i>\t\t\t\t\t\t<\/span>\n\t\t\t\t\t\t\t\t\t\t<span class=\"elementor-icon-list-text\">Email:<br>info@interhotel.hu<\/span>\n\t\t\t\t\t\t\t\t\t\t\t<\/a>\n\t\t\t\t\t\t\t\t\t<\/li>\n\t\t\t\t\t\t\t\t<li class=\"elementor-icon-list-item\">\n\t\t\t\t\t\t\t\t\t\t\t<a href=\"https:\/\/goo.gl\/maps\/9G2QMJVWuGFAYakp8\" target=\"_blank\" rel=\"noopener\">\n\n\t\t\t\t\t\t\t\t\t\t\t\t<span class=\"elementor-icon-list-icon\">\n\t\t\t\t\t\t\t<i aria-hidden=\"true\" class=\"fas fa-map-marker-alt\"><\/i>\t\t\t\t\t\t<\/span>\n\t\t\t\t\t\t\t\t\t\t<span class=\"elementor-icon-list-text\">Address:<br>Inter Hotel, 4027, Debrecen, B\u00f6sz\u00f6rm\u00e9nyi road 2.<\/span>\n\t\t\t\t\t\t\t\t\t\t\t<\/a>\n\t\t\t\t\t\t\t\t\t<\/li>\n\t\t\t\t\t\t<\/ul>\n\t\t\t\t\t\t<\/div>\n\t\t\t\t<\/div>\n\t\t\t\t<\/div>\n\t\t\t\t<\/div>\n\t\t\t\t<\/div>","protected":false},"excerpt":{"rendered":"<p>CONTACT Choose from our rooms! View rooms Write to us! Please read Inter Hotel&#039;s data management information.* I have read and accept it. Send How to get to the Inter Hotel from Budapest On the M3 and then M35 highways directly in Debrecen. Exit: at the Debrecen-North sign. From Szeged on the highway number 47, then from Beretty\u00f3\u00fajfalu on the M35 highway, directly to Debrecen. From Ny\u00edregyh\u00e1za on highway No. 4, ... <a title=\"Contact\" class=\"read-more\" href=\"https:\/\/interhotel.hu\/en\/kapcsolat\/\" aria-label=\"Read more about Contact\">Read more<\/a><\/p>","protected":false},"author":1,"featured_media":0,"parent":0,"menu_order":0,"comment_status":"closed","ping_status":"closed","template":"elementor_header_footer","meta":{"footnotes":""},"class_list":["post-33","page","type-page","status-publish"],"_links":{"self":[{"href":"https:\/\/interhotel.hu\/en\/wp-json\/wp\/v2\/pages\/33","targetHints":{"allow":["GET"]}}],"collection":[{"href":"https:\/\/interhotel.hu\/en\/wp-json\/wp\/v2\/pages"}],"about":[{"href":"https:\/\/interhotel.hu\/en\/wp-json\/wp\/v2\/types\/page"}],"author":[{"embeddable":true,"href":"https:\/\/interhotel.hu\/en\/wp-json\/wp\/v2\/users\/1"}],"replies":[{"embeddable":true,"href":"https:\/\/interhotel.hu\/en\/wp-json\/wp\/v2\/comments?post=33"}],"version-history":[{"count":139,"href":"https:\/\/interhotel.hu\/en\/wp-json\/wp\/v2\/pages\/33\/revisions"}],"predecessor-version":[{"id":2663,"href":"https:\/\/interhotel.hu\/en\/wp-json\/wp\/v2\/pages\/33\/revisions\/2663"}],"wp:attachment":[{"href":"https:\/\/interhotel.hu\/en\/wp-json\/wp\/v2\/media?parent=33"}],"curies":[{"name":"wp","href":"https:\/\/api.w.org\/{rel}","templated":true}]}}