{"id":3043,"date":"2026-05-03T13:17:10","date_gmt":"2026-05-03T11:17:10","guid":{"rendered":"https:\/\/interhotel.hu\/?page_id=3043"},"modified":"2026-05-04T16:15:48","modified_gmt":"2026-05-04T14:15:48","slug":"eszkozberles-rendezvenyekhez","status":"publish","type":"page","link":"https:\/\/interhotel.hu\/en\/eszkozberles-rendezvenyekhez\/","title":{"rendered":"Eszk\u00f6zb\u00e9rl\u00e9s rendezv\u00e9nyekhez"},"content":{"rendered":"<div data-elementor-type=\"wp-page\" data-elementor-id=\"3043\" class=\"elementor elementor-3043\" data-elementor-post-type=\"page\">\n\t\t\t\t<div class=\"elementor-element elementor-element-d517e09 e-con-full e-flex e-con e-parent\" data-id=\"d517e09\" data-element_type=\"container\" data-e-type=\"container\" data-settings=\"{&quot;background_background&quot;:&quot;classic&quot;}\">\n\t\t<div class=\"elementor-element elementor-element-40a8ecd7 e-con-full e-flex e-con e-child\" data-id=\"40a8ecd7\" data-element_type=\"container\" data-e-type=\"container\">\n\t\t\t\t<div class=\"elementor-element elementor-element-2e99d080 elementor-widget elementor-widget-heading\" data-id=\"2e99d080\" data-element_type=\"widget\" data-e-type=\"widget\" data-widget_type=\"heading.default\">\n\t\t\t\t<div class=\"elementor-widget-container\">\n\t\t\t\t\t<h1 class=\"elementor-heading-title elementor-size-default\">Equipment Rental<\/h1>\t\t\t\t<\/div>\n\t\t\t\t<\/div>\n\t\t\t\t<\/div>\n\t\t\t\t<\/div>\n\t\t<div class=\"elementor-element elementor-element-22da22dc e-con-full e-flex e-con e-parent\" data-id=\"22da22dc\" data-element_type=\"container\" data-e-type=\"container\" data-settings=\"{&quot;background_background&quot;:&quot;classic&quot;}\">\n\t\t<div class=\"elementor-element elementor-element-47047acd e-con-full e-flex e-con e-child\" data-id=\"47047acd\" data-element_type=\"container\" data-e-type=\"container\">\n\t\t\t\t<div class=\"elementor-element elementor-element-181f36a6 elementor-widget elementor-widget-heading\" data-id=\"181f36a6\" data-element_type=\"widget\" data-e-type=\"widget\" data-widget_type=\"heading.default\">\n\t\t\t\t<div class=\"elementor-widget-container\">\n\t\t\t\t\t<h2 class=\"elementor-heading-title elementor-size-default translation-block\">Welcome your guests <span class=\"cimbronz\"> with premium furniture<\/span><\/h2>\t\t\t\t<\/div>\n\t\t\t\t<\/div>\n\t\t\t\t<div class=\"elementor-element elementor-element-2224d4af elementor-widget elementor-widget-text-editor\" data-id=\"2224d4af\" data-element_type=\"widget\" data-e-type=\"widget\" data-widget_type=\"text-editor.default\">\n\t\t\t\t<div class=\"elementor-widget-container\">\n\t\t\t\t\t\t\t\t\t<p class=\"whitespace-pre-wrap break-words translation-block\">Everyone who takes on the task of organizing an event imagines, at least once, that moment when guests arrive and take their seats. There are few things more awkward than the sound of a crack or the wobble of a seat. The same goes for unstable tables that tip over at the slightest breeze, sending everything\u2014if not the whole table\u2014crashing down. If this is not how you envisioned your event, choose our banquet tables and our premium-look, high-quality Chiavari chairs<\/p><p class=\"whitespace-pre-wrap break-words translation-block\">Furthermore, renting our furniture is not only practical but also a cost- and time-efficient solution. You don\u2019t have to worry about storage or maintenance \u2013 we handle everything for you. Simply place your order, we deliver it, and you can welcome your guests in a perfectly furnished venue.<\/p>\t\t\t\t\t\t\t\t<\/div>\n\t\t\t\t<\/div>\n\t\t\t\t<\/div>\n\t\t\t\t<\/div>\n\t\t<div class=\"elementor-element elementor-element-40c77a24 e-con-full e-flex e-con e-parent\" data-id=\"40c77a24\" data-element_type=\"container\" data-e-type=\"container\" data-settings=\"{&quot;background_background&quot;:&quot;classic&quot;}\">\n\t\t<div class=\"elementor-element elementor-element-49c40a06 e-con-full e-flex e-con e-child\" data-id=\"49c40a06\" data-element_type=\"container\" data-e-type=\"container\">\n\t\t\t\t<div class=\"elementor-element elementor-element-558e4c6d elementor-widget elementor-widget-heading\" data-id=\"558e4c6d\" data-element_type=\"widget\" data-e-type=\"widget\" data-widget_type=\"heading.default\">\n\t\t\t\t<div class=\"elementor-widget-container\">\n\t\t\t\t\t<h2 class=\"elementor-heading-title elementor-size-default translation-block\">Rent <br><span class=\"cimbronz\">Chiavari Chairs<\/span><\/h2>\t\t\t\t<\/div>\n\t\t\t\t<\/div>\n\t\t\t\t<div class=\"elementor-element elementor-element-606c8d0d elementor-widget elementor-widget-text-editor\" data-id=\"606c8d0d\" data-element_type=\"widget\" data-e-type=\"widget\" data-widget_type=\"text-editor.default\">\n\t\t\t\t<div class=\"elementor-widget-container\">\n\t\t\t\t\t\t\t\t\t<p class=\"whitespace-pre-wrap break-words translation-block\">The Chiavari chair is the perfect choice for those seeking sophisticated yet practical furniture for their events. This slender, resin-framed chair is not only aesthetic but also highly functional. Thanks to its lightweight and narrow design, up to 10 chairs can be stacked together, offering a huge advantage in terms of space-saving.<\/p><p class=\"whitespace-pre-wrap break-words translation-block\">The chair is 93 cm high, 42 cm wide, and can support a load of up to 120 kg. Due to its elegant appearance, it is particularly suitable for banquets, award ceremonies, and weddings, in addition to family gatherings and business meetings. The maximum rentable quantity is currently 100 pieces; larger quantities are subject to individual agreement.<\/p>\t\t\t\t\t\t\t\t<\/div>\n\t\t\t\t<\/div>\n\t\t\t\t<div class=\"elementor-element elementor-element-3c8005d elementor-widget elementor-widget-heading\" data-id=\"3c8005d\" data-element_type=\"widget\" data-e-type=\"widget\" data-widget_type=\"heading.default\">\n\t\t\t\t<div class=\"elementor-widget-container\">\n\t\t\t\t\t<h2 class=\"elementor-heading-title elementor-size-default translation-block\">Rental fee: <span class=\"cimbronz\">1,300 HUF \/ chair<\/span><\/h2>\t\t\t\t<\/div>\n\t\t\t\t<\/div>\n\t\t\t\t<div class=\"elementor-element elementor-element-0b38afe elementor-align-left elementor-mobile-align-center elementor-widget elementor-widget-button\" data-id=\"0b38afe\" data-element_type=\"widget\" data-e-type=\"widget\" data-widget_type=\"button.default\">\n\t\t\t\t<div class=\"elementor-widget-container\">\n\t\t\t\t\t\t\t\t\t<div class=\"elementor-button-wrapper\">\n\t\t\t\t\t<a class=\"elementor-button elementor-button-link elementor-size-sm\" href=\"https:\/\/interhotel.hu\/en\/relationship\/\">\n\t\t\t\t\t\t<span class=\"elementor-button-content-wrapper\">\n\t\t\t\t\t\t\t\t\t<span class=\"elementor-button-text\">Request a quote<\/span>\n\t\t\t\t\t<\/span>\n\t\t\t\t\t<\/a>\n\t\t\t\t<\/div>\n\t\t\t\t\t\t\t\t<\/div>\n\t\t\t\t<\/div>\n\t\t\t\t<\/div>\n\t\t<div class=\"elementor-element elementor-element-191dc141 e-con-full e-flex e-con e-child\" data-id=\"191dc141\" data-element_type=\"container\" data-e-type=\"container\" data-settings=\"{&quot;background_background&quot;:&quot;classic&quot;}\">\n\t\t\t\t<div class=\"elementor-element elementor-element-5dec7ed8 elementor-invisible elementor-widget elementor-widget-image\" data-id=\"5dec7ed8\" data-element_type=\"widget\" data-e-type=\"widget\" data-settings=\"{&quot;_animation&quot;:&quot;fadeIn&quot;}\" data-widget_type=\"image.default\">\n\t\t\t\t<div class=\"elementor-widget-container\">\n\t\t\t\t\t\t\t\t\t\t\t\t\t\t\t<img fetchpriority=\"high\" decoding=\"async\" width=\"388\" height=\"388\" src=\"https:\/\/interhotel.hu\/wp-content\/uploads\/2026\/05\/szek-e1737723955903.jpg\" class=\"attachment-full size-full wp-image-3046\" alt=\"Inter Hotel sz\u00e9kek b\u00e9rl\u00e9se\" srcset=\"https:\/\/interhotel.hu\/wp-content\/uploads\/2026\/05\/szek-e1737723955903.jpg 388w, https:\/\/interhotel.hu\/wp-content\/uploads\/2026\/05\/szek-e1737723955903-300x300.jpg 300w, https:\/\/interhotel.hu\/wp-content\/uploads\/2026\/05\/szek-e1737723955903-150x150.jpg 150w, https:\/\/interhotel.hu\/wp-content\/uploads\/2026\/05\/szek-e1737723955903-12x12.jpg 12w, https:\/\/interhotel.hu\/wp-content\/uploads\/2026\/05\/szek-e1737723955903-100x100.jpg 100w\" sizes=\"(max-width: 388px) 100vw, 388px\" \/>\t\t\t\t\t\t\t\t\t\t\t\t\t\t\t<\/div>\n\t\t\t\t<\/div>\n\t\t\t\t<\/div>\n\t\t\t\t<\/div>\n\t\t<div class=\"elementor-element elementor-element-3870da2b e-con-full e-flex e-con e-parent\" data-id=\"3870da2b\" data-element_type=\"container\" data-e-type=\"container\" data-settings=\"{&quot;background_background&quot;:&quot;classic&quot;}\">\n\t\t<div class=\"elementor-element elementor-element-1a7a424c e-con-full e-flex e-con e-child\" data-id=\"1a7a424c\" data-element_type=\"container\" data-e-type=\"container\" data-settings=\"{&quot;background_background&quot;:&quot;classic&quot;}\">\n\t\t\t\t<div class=\"elementor-element elementor-element-39a72d33 elementor-invisible elementor-widget elementor-widget-image\" data-id=\"39a72d33\" data-element_type=\"widget\" data-e-type=\"widget\" data-settings=\"{&quot;_animation&quot;:&quot;fadeIn&quot;}\" data-widget_type=\"image.default\">\n\t\t\t\t<div class=\"elementor-widget-container\">\n\t\t\t\t\t\t\t\t\t\t\t\t\t\t\t<img decoding=\"async\" width=\"1600\" height=\"1600\" src=\"https:\/\/interhotel.hu\/wp-content\/uploads\/2026\/05\/asztal.webp\" class=\"attachment-full size-full wp-image-3047\" alt=\"\" srcset=\"https:\/\/interhotel.hu\/wp-content\/uploads\/2026\/05\/asztal.webp 1600w, https:\/\/interhotel.hu\/wp-content\/uploads\/2026\/05\/asztal-300x300.webp 300w, https:\/\/interhotel.hu\/wp-content\/uploads\/2026\/05\/asztal-1024x1024.webp 1024w, https:\/\/interhotel.hu\/wp-content\/uploads\/2026\/05\/asztal-150x150.webp 150w, https:\/\/interhotel.hu\/wp-content\/uploads\/2026\/05\/asztal-768x768.webp 768w, https:\/\/interhotel.hu\/wp-content\/uploads\/2026\/05\/asztal-1536x1536.webp 1536w, https:\/\/interhotel.hu\/wp-content\/uploads\/2026\/05\/asztal-12x12.webp 12w, https:\/\/interhotel.hu\/wp-content\/uploads\/2026\/05\/asztal-600x600.webp 600w, https:\/\/interhotel.hu\/wp-content\/uploads\/2026\/05\/asztal-100x100.webp 100w\" sizes=\"(max-width: 1600px) 100vw, 1600px\" \/>\t\t\t\t\t\t\t\t\t\t\t\t\t\t\t<\/div>\n\t\t\t\t<\/div>\n\t\t\t\t<\/div>\n\t\t<div class=\"elementor-element elementor-element-56e2946c e-con-full e-flex e-con e-child\" data-id=\"56e2946c\" data-element_type=\"container\" data-e-type=\"container\">\n\t\t\t\t<div class=\"elementor-element elementor-element-5ad926e elementor-widget elementor-widget-heading\" data-id=\"5ad926e\" data-element_type=\"widget\" data-e-type=\"widget\" data-widget_type=\"heading.default\">\n\t\t\t\t<div class=\"elementor-widget-container\">\n\t\t\t\t\t<h2 class=\"elementor-heading-title elementor-size-default translation-block\">Rent <br><span class=\"cimbronz\">Banquet Tables<\/span><\/h2>\t\t\t\t<\/div>\n\t\t\t\t<\/div>\n\t\t\t\t<div class=\"elementor-element elementor-element-7197fdb1 elementor-widget elementor-widget-text-editor\" data-id=\"7197fdb1\" data-element_type=\"widget\" data-e-type=\"widget\" data-widget_type=\"text-editor.default\">\n\t\t\t\t<div class=\"elementor-widget-container\">\n\t\t\t\t\t\t\t\t\t<p class=\"whitespace-pre-wrap break-words translation-block\">The banquet table is an essential tool for professional event management. This folding, rectangular conference table is 183 cm wide, 74 cm high, and 76 cm deep, making it perfect for hosting larger groups. Thanks to its lightweight structure, it is easy to move and transport, yet\u2014since the tabletop is made of heavy-duty plastic and the frame of stainless aluminum\u2014its durability and sturdiness are guaranteed. Its practical design allows for quick setup while requiring minimal storage space.<\/p>\t\t\t\t\t\t\t\t<\/div>\n\t\t\t\t<\/div>\n\t\t\t\t<div class=\"elementor-element elementor-element-69b704d0 elementor-widget elementor-widget-heading\" data-id=\"69b704d0\" data-element_type=\"widget\" data-e-type=\"widget\" data-widget_type=\"heading.default\">\n\t\t\t\t<div class=\"elementor-widget-container\">\n\t\t\t\t\t<h2 class=\"elementor-heading-title elementor-size-default translation-block\">Rental fee: <span class=\"cimbronz\">2,700 HUF \/ table<\/span><\/h2>\t\t\t\t<\/div>\n\t\t\t\t<\/div>\n\t\t\t\t<div class=\"elementor-element elementor-element-636cb25 elementor-align-left elementor-mobile-align-center elementor-widget elementor-widget-button\" data-id=\"636cb25\" data-element_type=\"widget\" data-e-type=\"widget\" data-widget_type=\"button.default\">\n\t\t\t\t<div class=\"elementor-widget-container\">\n\t\t\t\t\t\t\t\t\t<div class=\"elementor-button-wrapper\">\n\t\t\t\t\t<a class=\"elementor-button elementor-button-link elementor-size-sm\" href=\"https:\/\/interhotel.hu\/en\/relationship\/\">\n\t\t\t\t\t\t<span class=\"elementor-button-content-wrapper\">\n\t\t\t\t\t\t\t\t\t<span class=\"elementor-button-text\">Request a quote<\/span>\n\t\t\t\t\t<\/span>\n\t\t\t\t\t<\/a>\n\t\t\t\t<\/div>\n\t\t\t\t\t\t\t\t<\/div>\n\t\t\t\t<\/div>\n\t\t\t\t<\/div>\n\t\t\t\t<\/div>\n\t\t<div class=\"elementor-element elementor-element-37cfadb7 e-con-full e-flex e-con e-parent\" data-id=\"37cfadb7\" data-element_type=\"container\" data-e-type=\"container\" data-settings=\"{&quot;background_background&quot;:&quot;classic&quot;}\">\n\t\t<div class=\"elementor-element elementor-element-32ce06e e-con-full e-flex e-con e-child\" data-id=\"32ce06e\" data-element_type=\"container\" data-e-type=\"container\">\n\t\t\t\t<div class=\"elementor-element elementor-element-2db1bd52 elementor-widget elementor-widget-heading\" data-id=\"2db1bd52\" data-element_type=\"widget\" data-e-type=\"widget\" data-widget_type=\"heading.default\">\n\t\t\t\t<div class=\"elementor-widget-container\">\n\t\t\t\t\t<h1 class=\"elementor-heading-title elementor-size-default\">Accessories<\/h1>\t\t\t\t<\/div>\n\t\t\t\t<\/div>\n\t\t\t\t<\/div>\n\t\t\t\t<\/div>\n\t\t<div class=\"elementor-element elementor-element-2c86d492 e-con-full e-flex e-con e-parent\" data-id=\"2c86d492\" data-element_type=\"container\" data-e-type=\"container\" data-settings=\"{&quot;background_background&quot;:&quot;classic&quot;}\">\n\t\t<div class=\"elementor-element elementor-element-556c4690 e-con-full e-flex e-con e-child\" data-id=\"556c4690\" data-element_type=\"container\" data-e-type=\"container\">\n\t\t\t\t<div class=\"elementor-element elementor-element-15366f52 elementor-widget elementor-widget-heading\" data-id=\"15366f52\" data-element_type=\"widget\" data-e-type=\"widget\" data-widget_type=\"heading.default\">\n\t\t\t\t<div class=\"elementor-widget-container\">\n\t\t\t\t\t<h2 class=\"elementor-heading-title elementor-size-default translation-block\">Essentials for the <span class=\"cimbronz\">perfect event<\/span><\/h2>\t\t\t\t<\/div>\n\t\t\t\t<\/div>\n\t\t\t\t<div class=\"elementor-element elementor-element-c74e975 elementor-widget elementor-widget-text-editor\" data-id=\"c74e975\" data-element_type=\"widget\" data-e-type=\"widget\" data-widget_type=\"text-editor.default\">\n\t\t\t\t<div class=\"elementor-widget-container\">\n\t\t\t\t\t\t\t\t\t<p class=\"whitespace-pre-wrap break-words translation-block\">Chair cushions not only serve the comfort of your guests but can also aesthetically enhance the venue's decoration. The available grey color harmonizes well with most decor concepts, making it easy to integrate into the overall look of the venue. Similarly, tablecloths contribute to the atmosphere and appearance of the event. Grey tablecloths made of quality material lend elegance to the tables, which can be further enhanced with smaller cloths or table runners that match the decor. Meanwhile, they protect the tabletop and prevent glasses and plates from sliding on potentially slippery surfaces. Of course, when using our tables, sliding is not an issue; in the case of our banquet tables, the tablecloth serves purely aesthetic purposes.<\/p>\t\t\t\t\t\t\t\t<\/div>\n\t\t\t\t<\/div>\n\t\t\t\t<\/div>\n\t\t\t\t<\/div>\n\t\t<div class=\"elementor-element elementor-element-4ea75d21 e-con-full e-flex e-con e-parent\" data-id=\"4ea75d21\" data-element_type=\"container\" data-e-type=\"container\" data-settings=\"{&quot;background_background&quot;:&quot;classic&quot;}\">\n\t\t<div class=\"elementor-element elementor-element-40c17f77 e-con-full e-flex e-con e-child\" data-id=\"40c17f77\" data-element_type=\"container\" data-e-type=\"container\">\n\t\t\t\t<div class=\"elementor-element elementor-element-66800b12 elementor-widget elementor-widget-heading\" data-id=\"66800b12\" data-element_type=\"widget\" data-e-type=\"widget\" data-widget_type=\"heading.default\">\n\t\t\t\t<div class=\"elementor-widget-container\">\n\t\t\t\t\t<h2 class=\"elementor-heading-title elementor-size-default translation-block\">Rent <br><span class=\"cimbronz\">Chiavari Chair Cushions<\/span><\/h2>\t\t\t\t<\/div>\n\t\t\t\t<\/div>\n\t\t\t\t<div class=\"elementor-element elementor-element-2f6c82a6 elementor-widget elementor-widget-text-editor\" data-id=\"2f6c82a6\" data-element_type=\"widget\" data-e-type=\"widget\" data-widget_type=\"text-editor.default\">\n\t\t\t\t<div class=\"elementor-widget-container\">\n\t\t\t\t\t\t\t\t\t<p class=\"translation-block\">Our chair cushions provide an excellent solution for your events. These cushions not only make the chairs more comfortable but also lend an elegant, harmonious look to the venue. The available dark grey color easily fits most decoration ideas. Their dimensions (X cm wide, Y cm high, Z cm long) are perfectly compatible with our Chiavari chairs, as well as other seating of similar size, ensuring maximum comfort for your guests.<\/p>\t\t\t\t\t\t\t\t<\/div>\n\t\t\t\t<\/div>\n\t\t\t\t<div class=\"elementor-element elementor-element-797d4062 elementor-widget elementor-widget-heading\" data-id=\"797d4062\" data-element_type=\"widget\" data-e-type=\"widget\" data-widget_type=\"heading.default\">\n\t\t\t\t<div class=\"elementor-widget-container\">\n\t\t\t\t\t<h2 class=\"elementor-heading-title elementor-size-default translation-block\">Rental fee: <span class=\"cimbronz\"> 600 HUF \/ cushion<\/span><\/h2>\t\t\t\t<\/div>\n\t\t\t\t<\/div>\n\t\t\t\t<div class=\"elementor-element elementor-element-979570b elementor-align-left elementor-mobile-align-center elementor-widget elementor-widget-button\" data-id=\"979570b\" data-element_type=\"widget\" data-e-type=\"widget\" data-widget_type=\"button.default\">\n\t\t\t\t<div class=\"elementor-widget-container\">\n\t\t\t\t\t\t\t\t\t<div class=\"elementor-button-wrapper\">\n\t\t\t\t\t<a class=\"elementor-button elementor-button-link elementor-size-sm\" href=\"https:\/\/interhotel.hu\/en\/relationship\/\">\n\t\t\t\t\t\t<span class=\"elementor-button-content-wrapper\">\n\t\t\t\t\t\t\t\t\t<span class=\"elementor-button-text\">Request a quote<\/span>\n\t\t\t\t\t<\/span>\n\t\t\t\t\t<\/a>\n\t\t\t\t<\/div>\n\t\t\t\t\t\t\t\t<\/div>\n\t\t\t\t<\/div>\n\t\t\t\t<\/div>\n\t\t<div class=\"elementor-element elementor-element-28cac59e e-con-full e-flex e-con e-child\" data-id=\"28cac59e\" data-element_type=\"container\" data-e-type=\"container\" data-settings=\"{&quot;background_background&quot;:&quot;classic&quot;}\">\n\t\t\t\t<div class=\"elementor-element elementor-element-5d6e70c7 elementor-invisible elementor-widget elementor-widget-image\" data-id=\"5d6e70c7\" data-element_type=\"widget\" data-e-type=\"widget\" data-settings=\"{&quot;_animation&quot;:&quot;fadeIn&quot;}\" data-widget_type=\"image.default\">\n\t\t\t\t<div class=\"elementor-widget-container\">\n\t\t\t\t\t\t\t\t\t\t\t\t\t\t\t<img decoding=\"async\" width=\"800\" height=\"1000\" src=\"https:\/\/interhotel.hu\/wp-content\/uploads\/2026\/05\/szekparna.png\" class=\"attachment-full size-full wp-image-3048\" alt=\"\" srcset=\"https:\/\/interhotel.hu\/wp-content\/uploads\/2026\/05\/szekparna.png 800w, https:\/\/interhotel.hu\/wp-content\/uploads\/2026\/05\/szekparna-240x300.png 240w, https:\/\/interhotel.hu\/wp-content\/uploads\/2026\/05\/szekparna-768x960.png 768w, https:\/\/interhotel.hu\/wp-content\/uploads\/2026\/05\/szekparna-10x12.png 10w, https:\/\/interhotel.hu\/wp-content\/uploads\/2026\/05\/szekparna-600x750.png 600w\" sizes=\"(max-width: 800px) 100vw, 800px\" \/>\t\t\t\t\t\t\t\t\t\t\t\t\t\t\t<\/div>\n\t\t\t\t<\/div>\n\t\t\t\t<\/div>\n\t\t\t\t<\/div>\n\t\t<div class=\"elementor-element elementor-element-5f8c3931 e-con-full e-flex e-con e-parent\" data-id=\"5f8c3931\" data-element_type=\"container\" data-e-type=\"container\" data-settings=\"{&quot;background_background&quot;:&quot;classic&quot;}\">\n\t\t<div class=\"elementor-element elementor-element-46a86d3c e-con-full e-flex e-con e-child\" data-id=\"46a86d3c\" data-element_type=\"container\" data-e-type=\"container\" data-settings=\"{&quot;background_background&quot;:&quot;classic&quot;}\">\n\t\t\t\t<div class=\"elementor-element elementor-element-1e43dc97 elementor-invisible elementor-widget elementor-widget-image\" data-id=\"1e43dc97\" data-element_type=\"widget\" data-e-type=\"widget\" data-settings=\"{&quot;_animation&quot;:&quot;fadeIn&quot;}\" data-widget_type=\"image.default\">\n\t\t\t\t<div class=\"elementor-widget-container\">\n\t\t\t\t\t\t\t\t\t\t\t\t\t\t\t<img loading=\"lazy\" decoding=\"async\" width=\"983\" height=\"983\" src=\"https:\/\/interhotel.hu\/wp-content\/uploads\/2026\/05\/asztalterito.jpg\" class=\"attachment-full size-full wp-image-3049\" alt=\"\" srcset=\"https:\/\/interhotel.hu\/wp-content\/uploads\/2026\/05\/asztalterito.jpg 983w, https:\/\/interhotel.hu\/wp-content\/uploads\/2026\/05\/asztalterito-300x300.jpg 300w, https:\/\/interhotel.hu\/wp-content\/uploads\/2026\/05\/asztalterito-150x150.jpg 150w, https:\/\/interhotel.hu\/wp-content\/uploads\/2026\/05\/asztalterito-768x768.jpg 768w, https:\/\/interhotel.hu\/wp-content\/uploads\/2026\/05\/asztalterito-12x12.jpg 12w, https:\/\/interhotel.hu\/wp-content\/uploads\/2026\/05\/asztalterito-600x600.jpg 600w, https:\/\/interhotel.hu\/wp-content\/uploads\/2026\/05\/asztalterito-100x100.jpg 100w\" sizes=\"(max-width: 983px) 100vw, 983px\" \/>\t\t\t\t\t\t\t\t\t\t\t\t\t\t\t<\/div>\n\t\t\t\t<\/div>\n\t\t\t\t<\/div>\n\t\t<div class=\"elementor-element elementor-element-15625a2f e-con-full e-flex e-con e-child\" data-id=\"15625a2f\" data-element_type=\"container\" data-e-type=\"container\">\n\t\t\t\t<div class=\"elementor-element elementor-element-3fe9a32a elementor-widget elementor-widget-heading\" data-id=\"3fe9a32a\" data-element_type=\"widget\" data-e-type=\"widget\" data-widget_type=\"heading.default\">\n\t\t\t\t<div class=\"elementor-widget-container\">\n\t\t\t\t\t<h2 class=\"elementor-heading-title elementor-size-default translation-block\">Rent <br><span class=\"cimbronz\"> Banquet Tablecloths <\/span><\/h2>\t\t\t\t<\/div>\n\t\t\t\t<\/div>\n\t\t\t\t<div class=\"elementor-element elementor-element-3b806d99 elementor-widget elementor-widget-text-editor\" data-id=\"3b806d99\" data-element_type=\"widget\" data-e-type=\"widget\" data-widget_type=\"text-editor.default\">\n\t\t\t\t<div class=\"elementor-widget-container\">\n\t\t\t\t\t\t\t\t\t<p class=\"translation-block\">A bankettasztal-ter\u00edt\u0151ink kiv\u00e1l\u00f3 v\u00e1laszt\u00e1st jelentenek b\u00e1rmely c\u00e9l\u00fa rendezv\u00e9nyen. Ezek a pr\u00e9mium min\u0151s\u00e9g\u0171, sz\u00fcrke sz\u00edn\u0171 ter\u00edt\u0151k igaz\u00e1n eleg\u00e1ns megjelen\u00e9st k\u00f6lcs\u00f6n\u00f6znek az asztaloknak. A semleges sz\u00fcrke sz\u00edn k\u00f6nnyen illeszkedik a dekor\u00e1ci\u00f3hoz, \u00edgy harmonikus \u00f6sszk\u00e9pet k\u00f6lcs\u00f6n\u00f6z a helysz\u00ednnek, b\u00e1rmilyen dekor\u00e1ci\u00f3s st\u00edlust is v\u00e1lasztottak. Az asztalter\u00edt\u0151k m\u00e9retei (Xcm sz\u00e9lesek, Y cm magasak, Z cm hossz\u00faak) r\u00e9v\u00e9n t\u00f6k\u00e9letesen passzolnak az ezekkel a m\u00e9retekkel kompatibilis bankettasztalokhoz, kiemelt figyelemmel az InterRent bankettasztalaira.<\/p>\t\t\t\t\t\t\t\t<\/div>\n\t\t\t\t<\/div>\n\t\t\t\t<div class=\"elementor-element elementor-element-20f93312 elementor-widget elementor-widget-heading\" data-id=\"20f93312\" data-element_type=\"widget\" data-e-type=\"widget\" data-widget_type=\"heading.default\">\n\t\t\t\t<div class=\"elementor-widget-container\">\n\t\t\t\t\t<h2 class=\"elementor-heading-title elementor-size-default translation-block\">Rental fee: <span class=\"cimbronz\">1,200 HUF \/ tablecloth<\/span><\/h2>\t\t\t\t<\/div>\n\t\t\t\t<\/div>\n\t\t\t\t<div class=\"elementor-element elementor-element-312927e elementor-align-left elementor-mobile-align-center elementor-widget elementor-widget-button\" data-id=\"312927e\" data-element_type=\"widget\" data-e-type=\"widget\" data-widget_type=\"button.default\">\n\t\t\t\t<div class=\"elementor-widget-container\">\n\t\t\t\t\t\t\t\t\t<div class=\"elementor-button-wrapper\">\n\t\t\t\t\t<a class=\"elementor-button elementor-button-link elementor-size-sm\" href=\"https:\/\/interhotel.hu\/en\/relationship\/\">\n\t\t\t\t\t\t<span class=\"elementor-button-content-wrapper\">\n\t\t\t\t\t\t\t\t\t<span class=\"elementor-button-text\">Request a quote<\/span>\n\t\t\t\t\t<\/span>\n\t\t\t\t\t<\/a>\n\t\t\t\t<\/div>\n\t\t\t\t\t\t\t\t<\/div>\n\t\t\t\t<\/div>\n\t\t\t\t<\/div>\n\t\t\t\t<\/div>\n\t\t\t\t<\/div>","protected":false},"excerpt":{"rendered":"<p>Eszk\u00f6zb\u00e9rl\u00e9s Fogadja vend\u00e9geit pr\u00e9mium b\u00fatorokkal Mindenki, aki rendezv\u00e9ny szervez\u00e9s\u00e9re adja a fej\u00e9t, legal\u00e1bb egyszer elk\u00e9pzeli azt a pillanatot, amikor vend\u00e9gei meg\u00e9rkeznek \u00e9s helyet foglalnak. Kev\u00e9s kellemetlenebb dolog van, ha ilyenkor reccsen\u00e9s hallatsz\u00f3dik vagy billegni kezd az \u00fcl\u0151alkalmatoss\u00e1g. Ugyanez a helyzet az instabil asztalokkal, amihez csak a szell\u0151 \u00e9r hozz\u00e1 \u00e9s m\u00e1r borul is rajta minden, &#8230; <a title=\"Eszk\u00f6zb\u00e9rl\u00e9s rendezv\u00e9nyekhez\" class=\"read-more\" href=\"https:\/\/interhotel.hu\/en\/eszkozberles-rendezvenyekhez\/\" aria-label=\"Read more about Eszk\u00f6zb\u00e9rl\u00e9s rendezv\u00e9nyekhez\">Read more<\/a><\/p>","protected":false},"author":1,"featured_media":0,"parent":0,"menu_order":0,"comment_status":"closed","ping_status":"closed","template":"elementor_header_footer","meta":{"footnotes":""},"class_list":["post-3043","page","type-page","status-publish"],"_links":{"self":[{"href":"https:\/\/interhotel.hu\/en\/wp-json\/wp\/v2\/pages\/3043","targetHints":{"allow":["GET"]}}],"collection":[{"href":"https:\/\/interhotel.hu\/en\/wp-json\/wp\/v2\/pages"}],"about":[{"href":"https:\/\/interhotel.hu\/en\/wp-json\/wp\/v2\/types\/page"}],"author":[{"embeddable":true,"href":"https:\/\/interhotel.hu\/en\/wp-json\/wp\/v2\/users\/1"}],"replies":[{"embeddable":true,"href":"https:\/\/interhotel.hu\/en\/wp-json\/wp\/v2\/comments?post=3043"}],"version-history":[{"count":13,"href":"https:\/\/interhotel.hu\/en\/wp-json\/wp\/v2\/pages\/3043\/revisions"}],"predecessor-version":[{"id":3157,"href":"https:\/\/interhotel.hu\/en\/wp-json\/wp\/v2\/pages\/3043\/revisions\/3157"}],"wp:attachment":[{"href":"https:\/\/interhotel.hu\/en\/wp-json\/wp\/v2\/media?parent=3043"}],"curies":[{"name":"wp","href":"https:\/\/api.w.org\/{rel}","templated":true}]}}