{"id":2500,"date":"2025-11-17T12:40:44","date_gmt":"2025-11-17T11:40:44","guid":{"rendered":"https:\/\/interhotel.hu\/?page_id=2500"},"modified":"2025-11-17T14:28:23","modified_gmt":"2025-11-17T13:28:23","slug":"takarito-munkatars","status":"publish","type":"page","link":"https:\/\/interhotel.hu\/en\/takarito-munkatars\/","title":{"rendered":"Takar\u00edt\u00f3 munkat\u00e1rs"},"content":{"rendered":"\t\t<div data-elementor-type=\"wp-page\" data-elementor-id=\"2500\" class=\"elementor elementor-2500\" data-elementor-post-type=\"page\">\n\t\t\t\t<div class=\"elementor-element elementor-element-2db9413 e-con-full e-flex e-con e-parent\" data-id=\"2db9413\" data-element_type=\"container\" data-e-type=\"container\" data-settings=\"{&quot;background_background&quot;:&quot;classic&quot;}\">\n\t\t<div class=\"elementor-element elementor-element-1310c17e e-con-full e-flex e-con e-child\" data-id=\"1310c17e\" data-element_type=\"container\" data-e-type=\"container\">\n\t\t\t\t<div class=\"elementor-element elementor-element-18821972 elementor-widget elementor-widget-heading\" data-id=\"18821972\" data-element_type=\"widget\" data-e-type=\"widget\" data-widget_type=\"heading.default\">\n\t\t\t\t<div class=\"elementor-widget-container\">\n\t\t\t\t\t<h1 class=\"elementor-heading-title elementor-size-default\">DOLGOZZON<BR>VEL\u00dcNK!<\/h1>\t\t\t\t<\/div>\n\t\t\t\t<\/div>\n\t\t\t\t<div class=\"elementor-element elementor-element-14a0f7c8 elementor-widget elementor-widget-text-editor\" data-id=\"14a0f7c8\" data-element_type=\"widget\" data-e-type=\"widget\" data-widget_type=\"text-editor.default\">\n\t\t\t\t<div class=\"elementor-widget-container\">\n\t\t\t\t\t\t\t\t\t<p><strong>SZOBAL\u00c1NY \/ TAKAR\u00cdT\u00d3 MUNKAT\u00c1RS<\/strong><\/p>\t\t\t\t\t\t\t\t<\/div>\n\t\t\t\t<\/div>\n\t\t\t\t<\/div>\n\t\t\t\t<\/div>\n\t\t<div class=\"elementor-element elementor-element-7bc11aa6 e-con-full e-flex e-con e-parent\" data-id=\"7bc11aa6\" data-element_type=\"container\" data-e-type=\"container\">\n\t\t<div class=\"elementor-element elementor-element-3f1648e6 e-con-full e-flex e-con e-child\" data-id=\"3f1648e6\" data-element_type=\"container\" data-e-type=\"container\">\n\t\t\t\t<div class=\"elementor-element elementor-element-597d0671 elementor-widget elementor-widget-heading\" data-id=\"597d0671\" data-element_type=\"widget\" data-e-type=\"widget\" data-widget_type=\"heading.default\">\n\t\t\t\t<div class=\"elementor-widget-container\">\n\t\t\t\t\t<h2 class=\"elementor-heading-title elementor-size-default\">Minden\u00fcnk a tisztas\u00e1g - <span class=\"cimbronz\">seg\u00edt nek\u00fcnk ebben?<\/span><\/h2>\t\t\t\t<\/div>\n\t\t\t\t<\/div>\n\t\t\t\t<div class=\"elementor-element elementor-element-10d04938 elementor-widget elementor-widget-text-editor\" data-id=\"10d04938\" data-element_type=\"widget\" data-e-type=\"widget\" data-widget_type=\"text-editor.default\">\n\t\t\t\t<div class=\"elementor-widget-container\">\n\t\t\t\t\t\t\t\t\t<p>Az Inter Hotel*** Superior egy viszonylag \u00faj, de ann\u00e1l n\u00e9pszer\u0171bb sz\u00e1ll\u00e1shely, Debrecen belv\u00e1ros\u00e1ban. C\u00e9lunk, hogy minden hozz\u00e1nk \u00e9rkez\u0151 vend\u00e9gnek ugyanazt a <strong>magas sz\u00ednvonal<\/strong>at tudjuk ny\u00fajtani, amit az elm\u00falt \u00e9vekben megszokhattak t\u0151l\u00fcnk \u00e9s ennek egyik <strong>alappill\u00e9re a kifog\u00e1stalan tisztas\u00e1g<\/strong>.<\/p><p>Ugyanez igaz <a href=\"https:\/\/www.jurtadebrecen.hu\/szallashely\/\" target=\"_blank\" rel=\"noopener\">mag\u00e1nsz\u00e1ll\u00e1shelyeinkre<\/a> is, a hangulatos <strong>Jurta Debrecen<\/strong>re \u00e9s a k\u00f6zel\u00e9ben tal\u00e1lhat\u00f3<strong> n\u00e9gy\u00e9vszakos vend\u00e9gh\u00e1zaink<\/strong>ra (Kertv\u00e1rosi kuck\u00f3, Meseh\u00e1zik\u00f3 \u00e9s Gyimes Vend\u00e9gh\u00e1z, Inter Apartman). Els\u0151sorban ezeken a sz\u00e1ll\u00e1shelyeken fog t\u00f6rt\u00e9nni a munkav\u00e9gz\u00e9s, <strong>alkalmank\u00e9nt pedig az Inter Hotelben<\/strong> is sz\u00e1m\u00edtunk majd a seg\u00edts\u00e9g\u00e9re.<\/p><p>A megn\u00f6vekedett vend\u00e9gsz\u00e1m \u00e9s a n\u00e9pszer\u0171 programok miatt <strong>b\u0151v\u00edteni szeretn\u00e9nk a higi\u00e9ni\u00e1\u00e9rt felel\u0151s munkat\u00e1rsaink sz\u00e1m\u00e1t<\/strong>, hogy t\u00e9nyleg a rend legyen a lelke mindennek.<\/p><p>A feladatokban semmi meglepet\u00e9s nincs, az Inter Hotelben \u00e9s az \u00e1ltalunk \u00fczemeltetett egy\u00e9b mag\u00e1nsz\u00e1ll\u00e1shelyeken a <strong>szob\u00e1k \u00e9s a k\u00f6z\u00f6s terek takar\u00edt\u00e1sa, az \u00e1gynem\u0171k \u00e9s t\u00f6r\u00f6lk\u00f6z\u0151k cser\u00e9je, felszerelts\u00e9g ellen\u0151rz\u00e9se<\/strong> \u00e9s hi\u00e1nyoss\u00e1gok jelz\u00e9se.\u00a0<\/p>\t\t\t\t\t\t\t\t<\/div>\n\t\t\t\t<\/div>\n\t\t\t\t<\/div>\n\t\t<div class=\"elementor-element elementor-element-12a46081 e-con-full elementor-hidden-tablet e-flex e-con e-child\" data-id=\"12a46081\" data-element_type=\"container\" data-e-type=\"container\">\n\t\t\t\t<div class=\"elementor-element elementor-element-775637dd elementor-widget elementor-widget-image\" data-id=\"775637dd\" data-element_type=\"widget\" data-e-type=\"widget\" data-widget_type=\"image.default\">\n\t\t\t\t<div class=\"elementor-widget-container\">\n\t\t\t\t\t\t\t\t\t\t\t\t\t\t\t<img fetchpriority=\"high\" decoding=\"async\" width=\"1024\" height=\"1536\" src=\"https:\/\/interhotel.hu\/wp-content\/uploads\/2025\/11\/takarito-munkatars.png\" class=\"attachment-full size-full wp-image-2502\" alt=\"\" srcset=\"https:\/\/interhotel.hu\/wp-content\/uploads\/2025\/11\/takarito-munkatars.png 1024w, https:\/\/interhotel.hu\/wp-content\/uploads\/2025\/11\/takarito-munkatars-200x300.png 200w, https:\/\/interhotel.hu\/wp-content\/uploads\/2025\/11\/takarito-munkatars-683x1024.png 683w, https:\/\/interhotel.hu\/wp-content\/uploads\/2025\/11\/takarito-munkatars-768x1152.png 768w, https:\/\/interhotel.hu\/wp-content\/uploads\/2025\/11\/takarito-munkatars-8x12.png 8w, https:\/\/interhotel.hu\/wp-content\/uploads\/2025\/11\/takarito-munkatars-600x900.png 600w\" sizes=\"(max-width: 1024px) 100vw, 1024px\" \/>\t\t\t\t\t\t\t\t\t\t\t\t\t\t\t<\/div>\n\t\t\t\t<\/div>\n\t\t\t\t<\/div>\n\t\t\t\t<\/div>\n\t\t<div class=\"elementor-element elementor-element-dca682c e-con-full e-flex e-con e-parent\" data-id=\"dca682c\" data-element_type=\"container\" data-e-type=\"container\">\n\t\t\t\t<div class=\"elementor-element elementor-element-fc5f6e9 elementor-widget elementor-widget-text-editor\" data-id=\"fc5f6e9\" data-element_type=\"widget\" data-e-type=\"widget\" data-widget_type=\"text-editor.default\">\n\t\t\t\t<div class=\"elementor-widget-container\">\n\t\t\t\t\t\t\t\t\t<h4>\u00d6n az ide\u00e1lis jel\u00f6lt\u00fcnk, ha:<\/h4><ul><li>rendelkezik <strong>B kateg\u00f3ri\u00e1s jogos\u00edtv\u00e1nnyal \u00e9s akt\u00edv vezet\u00e9si gyakorlattal<\/strong> (csak Debrecen ter\u00fclet\u00e9n bel\u00fcl kell k\u00f6zlekedni \u00e9s a <em>szolg\u00e1lati g\u00e9pj\u00e1rm\u0171vet mi biztos\u00edtjuk<\/em>)<\/li><li>megb\u00edzhat\u00f3, \u00f6n\u00e1ll\u00f3, a munk\u00e1j\u00e1ra ig\u00e9nyes<\/li><li><strong>tapasztalat nem felt\u00e9tel<\/strong>, de el\u0151ny<\/li><\/ul>\t\t\t\t\t\t\t\t<\/div>\n\t\t\t\t<\/div>\n\t\t\t\t<div class=\"elementor-element elementor-element-ab925ca elementor-widget elementor-widget-text-editor\" data-id=\"ab925ca\" data-element_type=\"widget\" data-e-type=\"widget\" data-widget_type=\"text-editor.default\">\n\t\t\t\t<div class=\"elementor-widget-container\">\n\t\t\t\t\t\t\t\t\t<h4>Ezt tudjuk aj\u00e1nlani, ha mellett\u00fcnk d\u00f6nt:<\/h4><ul><li>Hat\u00e1rozatlan idej\u0171, <strong>6 \u00f3r\u00e1s bejelentett<\/strong> munkaviszony (<em>hossz\u00fa t\u00e1vra is tervezhet vel\u00fcnk<\/em>, nem csak szezonra)<\/li><li><strong>B\u0151s\u00e9ges reggeli<\/strong> az Inter Hotel \u00ednycsikland\u00f3 sv\u00e9dasztalos k\u00edn\u00e1lat\u00e1b\u00f3l v\u00e1logatva (<em>a reggeli id\u0151 r\u00e1ad\u00e1sul belesz\u00e1m\u00edt a munkaid\u0151be<\/em>, nem kell k\u00fcl\u00f6n ledolgozni)<\/li><li>Az \u00e9bers\u00e9g\u00e9r\u0151l <strong>napi k\u00e9t k\u00e1v\u00e9<\/strong> erej\u00e9ig mi gondoskodunk<\/li><li><strong>Adunk munkaruh\u00e1t<\/strong>, hogy ne a saj\u00e1t \u00f6lt\u00f6z\u00e9k\u00e9t piszkolja \u00f6ssze<\/li><li><strong>\u00c9vente k\u00e9t csapat\u00e9p\u00edt\u0151 rendezv\u00e9ny<\/strong>, ahol mindig fantasztikus a hangulat<\/li><\/ul>\t\t\t\t\t\t\t\t<\/div>\n\t\t\t\t<\/div>\n\t\t\t\t<div class=\"elementor-element elementor-element-831067a elementor-widget elementor-widget-text-editor\" data-id=\"831067a\" data-element_type=\"widget\" data-e-type=\"widget\" data-widget_type=\"text-editor.default\">\n\t\t\t\t<div class=\"elementor-widget-container\">\n\t\t\t\t\t\t\t\t\t<h4>Ha felkeltett\u00fck \u00e9rdekl\u0151d\u00e9s\u00e9t (rem\u00e9lj\u00fck, siker\u00fclt), jelentkezzen az al\u00e1bbi \u0171rlap kit\u00f6lt\u00e9s\u00e9vel!<\/h4>\t\t\t\t\t\t\t\t<\/div>\n\t\t\t\t<\/div>\n\t\t\t\t<div class=\"elementor-element elementor-element-f767411 elementor-button-align-stretch elementor-widget elementor-widget-form\" data-id=\"f767411\" data-element_type=\"widget\" data-e-type=\"widget\" data-settings=\"{&quot;step_next_label&quot;:&quot;K\\u00f6vetkez\\u0151&quot;,&quot;step_previous_label&quot;:&quot;El\\u0151z\\u0151&quot;,&quot;button_width&quot;:&quot;100&quot;,&quot;step_type&quot;:&quot;number_text&quot;,&quot;step_icon_shape&quot;:&quot;circle&quot;}\" data-widget_type=\"form.default\">\n\t\t\t\t<div class=\"elementor-widget-container\">\n\t\t\t\t\t\t\t<form class=\"elementor-form\" method=\"post\" id=\"karrier\" name=\"Karrier\" aria-label=\"Karrier\">\n\t\t\t<input type=\"hidden\" name=\"post_id\" value=\"2500\"\/>\n\t\t\t<input type=\"hidden\" name=\"form_id\" value=\"f767411\"\/>\n\t\t\t<input type=\"hidden\" name=\"referer_title\" value=\"Takar\u00edt\u00f3 munkat\u00e1rs - Inter Hotel\" \/>\n\n\t\t\t\t\t\t\t<input type=\"hidden\" name=\"queried_id\" value=\"2500\"\/>\n\t\t\t\n\t\t\t<div class=\"elementor-form-fields-wrapper elementor-labels-above\">\n\t\t\t\t\t\t\t\t<div class=\"elementor-field-type-text elementor-field-group elementor-column elementor-field-group-name elementor-col-100\">\n\t\t\t\t\t\t\t\t\t\t\t\t<label for=\"form-field-name\" class=\"elementor-field-label\">\n\t\t\t\t\t\t\t\tTeljes n\u00e9v\t\t\t\t\t\t\t<\/label>\n\t\t\t\t\t\t\t\t\t\t\t\t\t\t<input size=\"1\" type=\"text\" name=\"form_fields[name]\" id=\"form-field-name\" class=\"elementor-field elementor-size-sm  elementor-field-textual\" placeholder=\"N\u00e9v\">\n\t\t\t\t\t\t\t\t\t\t\t<\/div>\n\t\t\t\t\t\t\t\t<div class=\"elementor-field-type-email elementor-field-group elementor-column elementor-field-group-email elementor-col-50 elementor-field-required elementor-mark-required\">\n\t\t\t\t\t\t\t\t\t\t\t\t<label for=\"form-field-email\" class=\"elementor-field-label\">\n\t\t\t\t\t\t\t\tEmail c\u00edm\t\t\t\t\t\t\t<\/label>\n\t\t\t\t\t\t\t\t\t\t\t\t\t\t<input size=\"1\" type=\"email\" name=\"form_fields[email]\" id=\"form-field-email\" class=\"elementor-field elementor-size-sm  elementor-field-textual\" placeholder=\"Email\" required=\"required\">\n\t\t\t\t\t\t\t\t\t\t\t<\/div>\n\t\t\t\t\t\t\t\t<div class=\"elementor-field-type-tel elementor-field-group elementor-column elementor-field-group-phone elementor-col-50 elementor-field-required elementor-mark-required\">\n\t\t\t\t\t\t\t\t\t\t\t\t<label for=\"form-field-phone\" class=\"elementor-field-label\">\n\t\t\t\t\t\t\t\tTelefonsz\u00e1m\t\t\t\t\t\t\t<\/label>\n\t\t\t\t\t\t\t\t<input size=\"1\" type=\"tel\" name=\"form_fields[phone]\" id=\"form-field-phone\" class=\"elementor-field elementor-size-sm  elementor-field-textual\" placeholder=\"pl. +36701234567\" required=\"required\" pattern=\"[0-9()#&amp;+*-=.]+\" title=\"Only numbers and phone characters (#, -, *, etc) are accepted.\">\n\n\t\t\t\t\t\t<\/div>\n\t\t\t\t\t\t\t\t<div class=\"elementor-field-type-upload elementor-field-group elementor-column elementor-field-group-message elementor-col-100 elementor-field-required elementor-mark-required\">\n\t\t\t\t\t\t\t\t\t\t\t\t<label for=\"form-field-message\" class=\"elementor-field-label\">\n\t\t\t\t\t\t\t\t\u00d6n\u00e9letrajz\t\t\t\t\t\t\t<\/label>\n\t\t\t\t\t\t\t\t<input type=\"file\" name=\"form_fields[message]\" id=\"form-field-message\" class=\"elementor-field elementor-size-sm  elementor-upload-field\" required=\"required\">\n\n\t\t\t\t\t\t<\/div>\n\t\t\t\t\t\t\t\t<div class=\"elementor-field-type-acceptance elementor-field-group elementor-column elementor-field-group-field_4c044f2 elementor-col-100 elementor-field-required elementor-mark-required\">\n\t\t\t\t\t\t\t<div class=\"elementor-field-subgroup\">\n\t\t\t<span class=\"elementor-field-option\">\n\t\t\t\t<input type=\"checkbox\" name=\"form_fields[field_4c044f2]\" id=\"form-field-field_4c044f2\" class=\"elementor-field elementor-size-sm  elementor-acceptance-field\" required=\"required\">\n\t\t\t\t<label for=\"form-field-field_4c044f2\">Nyilatkozom, hogy van \u00e9rv\u00e9nyes B kateg\u00f3ri\u00e1s vezet\u0151i enged\u00e9lyem \u00e9s akt\u00edv vezet\u00e9si tapasztalatom.<\/label>\t\t\t<\/span>\n\t\t<\/div>\n\t\t\t\t\t\t<\/div>\n\t\t\t\t\t\t\t\t<div class=\"elementor-field-type-acceptance elementor-field-group elementor-column elementor-field-group-field_36b0da8 elementor-col-100\">\n\t\t\t\t\t\t\t<div class=\"elementor-field-subgroup\">\n\t\t\t<span class=\"elementor-field-option\">\n\t\t\t\t<input type=\"checkbox\" name=\"form_fields[field_36b0da8]\" id=\"form-field-field_36b0da8\" class=\"elementor-field elementor-size-sm  elementor-acceptance-field\">\n\t\t\t\t<label for=\"form-field-field_36b0da8\">Elolvastam \u00e9s elfogadom az Inter-Deversor Kft. <a href=\"https:\/\/interhotel.hu\/wp-content\/uploads\/2023\/06\/InterHotel_adatvedelmi_tajekoztato.pdf\">adatkezel\u00e9si t\u00e1j\u00e9koztat\u00f3j\u00e1ban<\/a> foglaltakat.<\/label>\t\t\t<\/span>\n\t\t<\/div>\n\t\t\t\t\t\t<\/div>\n\t\t\t\t\t\t\t\t<div class=\"elementor-field-group elementor-column elementor-field-type-submit elementor-col-100 e-form__buttons\">\n\t\t\t\t\t<button class=\"elementor-button elementor-size-sm\" type=\"submit\">\n\t\t\t\t\t\t<span class=\"elementor-button-content-wrapper\">\n\t\t\t\t\t\t\t\t\t\t\t\t\t\t\t\t\t\t\t\t\t\t<span class=\"elementor-button-text\">K\u00fcld\u00e9s<\/span>\n\t\t\t\t\t\t\t\t\t\t\t\t\t<\/span>\n\t\t\t\t\t<\/button>\n\t\t\t\t<\/div>\n\t\t\t<\/div>\n\t\t<\/form>\n\t\t\t\t\t\t<\/div>\n\t\t\t\t<\/div>\n\t\t\t\t<\/div>\n\t\t<div class=\"elementor-element elementor-element-228cd68e e-con-full e-flex e-con e-parent\" data-id=\"228cd68e\" data-element_type=\"container\" data-e-type=\"container\" data-settings=\"{&quot;background_background&quot;:&quot;classic&quot;}\">\n\t\t\t\t<div class=\"elementor-element elementor-element-5c464590 elementor-widget elementor-widget-heading\" data-id=\"5c464590\" data-element_type=\"widget\" data-e-type=\"widget\" data-widget_type=\"heading.default\">\n\t\t\t\t<div class=\"elementor-widget-container\">\n\t\t\t\t\t<h2 class=\"elementor-heading-title elementor-size-default\">Gal\u00e9ria<\/h2>\t\t\t\t<\/div>\n\t\t\t\t<\/div>\n\t\t\t\t<div class=\"elementor-element elementor-element-b047455 elementor-widget elementor-widget-gallery\" data-id=\"b047455\" data-element_type=\"widget\" data-e-type=\"widget\" data-settings=\"{&quot;columns&quot;:3,&quot;aspect_ratio&quot;:&quot;1:1&quot;,&quot;gap&quot;:{&quot;unit&quot;:&quot;px&quot;,&quot;size&quot;:25,&quot;sizes&quot;:[]},&quot;lazyload&quot;:&quot;yes&quot;,&quot;gallery_layout&quot;:&quot;grid&quot;,&quot;columns_tablet&quot;:2,&quot;columns_mobile&quot;:1,&quot;gap_tablet&quot;:{&quot;unit&quot;:&quot;px&quot;,&quot;size&quot;:10,&quot;sizes&quot;:[]},&quot;gap_mobile&quot;:{&quot;unit&quot;:&quot;px&quot;,&quot;size&quot;:10,&quot;sizes&quot;:[]},&quot;link_to&quot;:&quot;file&quot;,&quot;overlay_background&quot;:&quot;yes&quot;,&quot;content_hover_animation&quot;:&quot;fade-in&quot;}\" data-widget_type=\"gallery.default\">\n\t\t\t\t<div class=\"elementor-widget-container\">\n\t\t\t\t\t\t\t<div class=\"elementor-gallery__container\">\n\t\t\t\t\t\t\t<a class=\"e-gallery-item elementor-gallery-item elementor-animated-content\" href=\"https:\/\/interhotel.hu\/wp-content\/uploads\/2023\/12\/interhotel-szilveszter-grill-1.jpg\" data-elementor-open-lightbox=\"yes\" data-elementor-lightbox-slideshow=\"b047455\" data-elementor-lightbox-title=\"interhotel-szilveszter-grill\" data-e-action-hash=\"#elementor-action%3Aaction%3Dlightbox%26settings%3DeyJpZCI6MTU2OCwidXJsIjoiaHR0cHM6XC9cL2ludGVyaG90ZWwuaHVcL3dwLWNvbnRlbnRcL3VwbG9hZHNcLzIwMjNcLzEyXC9pbnRlcmhvdGVsLXN6aWx2ZXN6dGVyLWdyaWxsLTEuanBnIiwic2xpZGVzaG93IjoiYjA0NzQ1NSJ9\">\n\t\t\t\t\t<div class=\"e-gallery-image elementor-gallery-item__image\" data-thumbnail=\"https:\/\/interhotel.hu\/wp-content\/uploads\/2023\/12\/interhotel-szilveszter-grill-1.jpg\" data-width=\"600\" data-height=\"450\" aria-label=\"\" role=\"img\" ><\/div>\n\t\t\t\t\t\t\t\t\t\t\t<div class=\"elementor-gallery-item__overlay\"><\/div>\n\t\t\t\t\t\t\t\t\t\t\t\t\t\t<\/a>\n\t\t\t\t\t\t\t<a class=\"e-gallery-item elementor-gallery-item elementor-animated-content\" href=\"https:\/\/interhotel.hu\/wp-content\/uploads\/2023\/12\/interhotel-unnepek5.jpg\" data-elementor-open-lightbox=\"yes\" data-elementor-lightbox-slideshow=\"b047455\" data-elementor-lightbox-title=\"interhotel-unnepek5\" data-e-action-hash=\"#elementor-action%3Aaction%3Dlightbox%26settings%3DeyJpZCI6MTU3MSwidXJsIjoiaHR0cHM6XC9cL2ludGVyaG90ZWwuaHVcL3dwLWNvbnRlbnRcL3VwbG9hZHNcLzIwMjNcLzEyXC9pbnRlcmhvdGVsLXVubmVwZWs1LmpwZyIsInNsaWRlc2hvdyI6ImIwNDc0NTUifQ%3D%3D\">\n\t\t\t\t\t<div class=\"e-gallery-image elementor-gallery-item__image\" data-thumbnail=\"https:\/\/interhotel.hu\/wp-content\/uploads\/2023\/12\/interhotel-unnepek5-1024x683.jpg\" data-width=\"840\" data-height=\"560\" aria-label=\"\" role=\"img\" ><\/div>\n\t\t\t\t\t\t\t\t\t\t\t<div class=\"elementor-gallery-item__overlay\"><\/div>\n\t\t\t\t\t\t\t\t\t\t\t\t\t\t<\/a>\n\t\t\t\t\t\t\t<a class=\"e-gallery-item elementor-gallery-item elementor-animated-content\" href=\"https:\/\/interhotel.hu\/wp-content\/uploads\/2023\/12\/interhotel-unnepek-etel1.jpg\" data-elementor-open-lightbox=\"yes\" data-elementor-lightbox-slideshow=\"b047455\" data-elementor-lightbox-title=\"interhotel-unnepek-etel1\" data-e-action-hash=\"#elementor-action%3Aaction%3Dlightbox%26settings%3DeyJpZCI6MTU3MCwidXJsIjoiaHR0cHM6XC9cL2ludGVyaG90ZWwuaHVcL3dwLWNvbnRlbnRcL3VwbG9hZHNcLzIwMjNcLzEyXC9pbnRlcmhvdGVsLXVubmVwZWstZXRlbDEuanBnIiwic2xpZGVzaG93IjoiYjA0NzQ1NSJ9\">\n\t\t\t\t\t<div class=\"e-gallery-image elementor-gallery-item__image\" data-thumbnail=\"https:\/\/interhotel.hu\/wp-content\/uploads\/2023\/12\/interhotel-unnepek-etel1-1024x768.jpg\" data-width=\"840\" data-height=\"630\" aria-label=\"\" role=\"img\" ><\/div>\n\t\t\t\t\t\t\t\t\t\t\t<div class=\"elementor-gallery-item__overlay\"><\/div>\n\t\t\t\t\t\t\t\t\t\t\t\t\t\t<\/a>\n\t\t\t\t\t\t\t<a class=\"e-gallery-item elementor-gallery-item elementor-animated-content\" href=\"https:\/\/interhotel.hu\/wp-content\/uploads\/2023\/12\/interhotel-unnepek3.jpg\" data-elementor-open-lightbox=\"yes\" data-elementor-lightbox-slideshow=\"b047455\" data-elementor-lightbox-title=\"interhotel-unnepek3\" data-e-action-hash=\"#elementor-action%3Aaction%3Dlightbox%26settings%3DeyJpZCI6MTU2OSwidXJsIjoiaHR0cHM6XC9cL2ludGVyaG90ZWwuaHVcL3dwLWNvbnRlbnRcL3VwbG9hZHNcLzIwMjNcLzEyXC9pbnRlcmhvdGVsLXVubmVwZWszLmpwZyIsInNsaWRlc2hvdyI6ImIwNDc0NTUifQ%3D%3D\">\n\t\t\t\t\t<div class=\"e-gallery-image elementor-gallery-item__image\" data-thumbnail=\"https:\/\/interhotel.hu\/wp-content\/uploads\/2023\/12\/interhotel-unnepek3-1024x768.jpg\" data-width=\"840\" data-height=\"630\" aria-label=\"\" role=\"img\" ><\/div>\n\t\t\t\t\t\t\t\t\t\t\t<div class=\"elementor-gallery-item__overlay\"><\/div>\n\t\t\t\t\t\t\t\t\t\t\t\t\t\t<\/a>\n\t\t\t\t\t\t\t<a class=\"e-gallery-item elementor-gallery-item elementor-animated-content\" href=\"https:\/\/interhotel.hu\/wp-content\/uploads\/2023\/12\/interhotel-unnepek4.jpg\" data-elementor-open-lightbox=\"yes\" data-elementor-lightbox-slideshow=\"b047455\" data-elementor-lightbox-title=\"interhotel-unnepek4\" data-e-action-hash=\"#elementor-action%3Aaction%3Dlightbox%26settings%3DeyJpZCI6MTU3MywidXJsIjoiaHR0cHM6XC9cL2ludGVyaG90ZWwuaHVcL3dwLWNvbnRlbnRcL3VwbG9hZHNcLzIwMjNcLzEyXC9pbnRlcmhvdGVsLXVubmVwZWs0LmpwZyIsInNsaWRlc2hvdyI6ImIwNDc0NTUifQ%3D%3D\">\n\t\t\t\t\t<div class=\"e-gallery-image elementor-gallery-item__image\" data-thumbnail=\"https:\/\/interhotel.hu\/wp-content\/uploads\/2023\/12\/interhotel-unnepek4-768x1024.jpg\" data-width=\"768\" data-height=\"1024\" aria-label=\"\" role=\"img\" ><\/div>\n\t\t\t\t\t\t\t\t\t\t\t<div class=\"elementor-gallery-item__overlay\"><\/div>\n\t\t\t\t\t\t\t\t\t\t\t\t\t\t<\/a>\n\t\t\t\t\t\t\t<a class=\"e-gallery-item elementor-gallery-item elementor-animated-content\" href=\"https:\/\/interhotel.hu\/wp-content\/uploads\/2023\/12\/Inter-Hotel-enterior-08323-WEB-1.jpg\" data-elementor-open-lightbox=\"yes\" data-elementor-lightbox-slideshow=\"b047455\" data-elementor-lightbox-title=\"Inter-Hotel-enteri\u0151r-08323-WEB (1)\" data-e-action-hash=\"#elementor-action%3Aaction%3Dlightbox%26settings%3DeyJpZCI6MTYyNCwidXJsIjoiaHR0cHM6XC9cL2ludGVyaG90ZWwuaHVcL3dwLWNvbnRlbnRcL3VwbG9hZHNcLzIwMjNcLzEyXC9JbnRlci1Ib3RlbC1lbnRlcmlvci0wODMyMy1XRUItMS5qcGciLCJzbGlkZXNob3ciOiJiMDQ3NDU1In0%3D\">\n\t\t\t\t\t<div class=\"e-gallery-image elementor-gallery-item__image\" data-thumbnail=\"https:\/\/interhotel.hu\/wp-content\/uploads\/2023\/12\/Inter-Hotel-enterior-08323-WEB-1-1024x683.jpg\" data-width=\"840\" data-height=\"560\" aria-label=\"\" role=\"img\" ><\/div>\n\t\t\t\t\t\t\t\t\t\t\t<div class=\"elementor-gallery-item__overlay\"><\/div>\n\t\t\t\t\t\t\t\t\t\t\t\t\t\t<\/a>\n\t\t\t\t\t<\/div>\n\t\t\t\t\t<\/div>\n\t\t\t\t<\/div>\n\t\t\t\t<\/div>\n\t\t\t\t<\/div>\n\t\t","protected":false},"excerpt":{"rendered":"<p>DOLGOZZONVEL\u00dcNK! SZOBAL\u00c1NY \/ TAKAR\u00cdT\u00d3 MUNKAT\u00c1RS Minden\u00fcnk a tisztas\u00e1g &#8211; seg\u00edt nek\u00fcnk ebben? Az Inter Hotel*** Superior egy viszonylag \u00faj, de ann\u00e1l n\u00e9pszer\u0171bb sz\u00e1ll\u00e1shely, Debrecen belv\u00e1ros\u00e1ban. C\u00e9lunk, hogy minden hozz\u00e1nk \u00e9rkez\u0151 vend\u00e9gnek ugyanazt a magas sz\u00ednvonalat tudjuk ny\u00fajtani, amit az elm\u00falt \u00e9vekben megszokhattak t\u0151l\u00fcnk \u00e9s ennek egyik alappill\u00e9re a kifog\u00e1stalan tisztas\u00e1g. Ugyanez igaz mag\u00e1nsz\u00e1ll\u00e1shelyeinkre is, a &#8230; <a title=\"Takar\u00edt\u00f3 munkat\u00e1rs\" class=\"read-more\" href=\"https:\/\/interhotel.hu\/en\/takarito-munkatars\/\" aria-label=\"Read more about Takar\u00edt\u00f3 munkat\u00e1rs\">Read more<\/a><\/p>","protected":false},"author":1,"featured_media":0,"parent":0,"menu_order":0,"comment_status":"closed","ping_status":"closed","template":"elementor_header_footer","meta":{"footnotes":""},"class_list":["post-2500","page","type-page","status-publish"],"_links":{"self":[{"href":"https:\/\/interhotel.hu\/en\/wp-json\/wp\/v2\/pages\/2500","targetHints":{"allow":["GET"]}}],"collection":[{"href":"https:\/\/interhotel.hu\/en\/wp-json\/wp\/v2\/pages"}],"about":[{"href":"https:\/\/interhotel.hu\/en\/wp-json\/wp\/v2\/types\/page"}],"author":[{"embeddable":true,"href":"https:\/\/interhotel.hu\/en\/wp-json\/wp\/v2\/users\/1"}],"replies":[{"embeddable":true,"href":"https:\/\/interhotel.hu\/en\/wp-json\/wp\/v2\/comments?post=2500"}],"version-history":[{"count":13,"href":"https:\/\/interhotel.hu\/en\/wp-json\/wp\/v2\/pages\/2500\/revisions"}],"predecessor-version":[{"id":2526,"href":"https:\/\/interhotel.hu\/en\/wp-json\/wp\/v2\/pages\/2500\/revisions\/2526"}],"wp:attachment":[{"href":"https:\/\/interhotel.hu\/en\/wp-json\/wp\/v2\/media?parent=2500"}],"curies":[{"name":"wp","href":"https:\/\/api.w.org\/{rel}","templated":true}]}}