{"id":1840,"date":"2024-02-26T05:35:55","date_gmt":"2024-02-26T04:35:55","guid":{"rendered":"https:\/\/interhotel.hu\/?page_id=1840"},"modified":"2026-01-12T10:33:30","modified_gmt":"2026-01-12T09:33:30","slug":"events","status":"publish","type":"page","link":"https:\/\/interhotel.hu\/en\/rendezvenyek\/","title":{"rendered":"Events"},"content":{"rendered":"<div data-elementor-type=\"wp-page\" data-elementor-id=\"1840\" class=\"elementor elementor-1840\" data-elementor-post-type=\"page\">\n\t\t\t\t<div class=\"elementor-element elementor-element-16e80005 e-con-full e-flex e-con e-parent\" data-id=\"16e80005\" data-element_type=\"container\" data-e-type=\"container\" data-settings=\"{&quot;background_background&quot;:&quot;classic&quot;}\">\n\t\t<div class=\"elementor-element elementor-element-3e0113a8 e-con-full e-flex e-con e-child\" data-id=\"3e0113a8\" data-element_type=\"container\" data-e-type=\"container\">\n\t\t\t\t<div class=\"elementor-element elementor-element-4dda65c8 elementor-widget elementor-widget-text-editor\" data-id=\"4dda65c8\" data-element_type=\"widget\" data-e-type=\"widget\" data-widget_type=\"text-editor.default\">\n\t\t\t\t<div class=\"elementor-widget-container\">\n\t\t\t\t\t\t\t\t\t<p><strong>YOU WON&#039;T BE BORED WITH US!<\/strong><\/p>\t\t\t\t\t\t\t\t<\/div>\n\t\t\t\t<\/div>\n\t\t\t\t<div class=\"elementor-element elementor-element-739044f9 elementor-widget elementor-widget-heading\" data-id=\"739044f9\" data-element_type=\"widget\" data-e-type=\"widget\" data-widget_type=\"heading.default\">\n\t\t\t\t<div class=\"elementor-widget-container\">\n\t\t\t\t\t<h1 class=\"elementor-heading-title elementor-size-default\">INTER HOTEL<br>EVENTS<\/h1>\t\t\t\t<\/div>\n\t\t\t\t<\/div>\n\t\t\t\t<div class=\"elementor-element elementor-element-2f08ec0c elementor-widget elementor-widget-text-editor\" data-id=\"2f08ec0c\" data-element_type=\"widget\" data-e-type=\"widget\" data-widget_type=\"text-editor.default\">\n\t\t\t\t<div class=\"elementor-widget-container\">\n\t\t\t\t\t\t\t\t\t<p><strong>PROGRAMS, DINNER DANCES, SPECIAL WEEKEND PACKAGES<\/strong><\/p>\t\t\t\t\t\t\t\t<\/div>\n\t\t\t\t<\/div>\n\t\t\t\t<\/div>\n\t\t\t\t<div class=\"elementor-element elementor-element-dda215f elementor-view-default elementor-widget elementor-widget-icon\" data-id=\"dda215f\" data-element_type=\"widget\" data-e-type=\"widget\" data-widget_type=\"icon.default\">\n\t\t\t\t<div class=\"elementor-widget-container\">\n\t\t\t\t\t\t\t<div class=\"elementor-icon-wrapper\">\n\t\t\t<a class=\"elementor-icon\" href=\"#rendezvenyek\">\n\t\t\t<i aria-hidden=\"true\" class=\"fas fa-arrow-alt-circle-down\"><\/i>\t\t\t<\/a>\n\t\t<\/div>\n\t\t\t\t\t\t<\/div>\n\t\t\t\t<\/div>\n\t\t\t\t<\/div>\n\t\t<div class=\"elementor-element elementor-element-e47070c e-flex e-con-boxed e-con e-parent\" data-id=\"e47070c\" data-element_type=\"container\" data-e-type=\"container\">\n\t\t\t\t\t<div class=\"e-con-inner\">\n\t\t\t\t<div class=\"elementor-element elementor-element-90e332b elementor-grid-mobile-1 elementor-grid-4 elementor-grid-tablet-3 elementor-products-grid elementor-wc-products elementor-widget elementor-widget-woocommerce-products\" data-id=\"90e332b\" data-element_type=\"widget\" data-e-type=\"widget\" data-widget_type=\"woocommerce-products.default\">\n\t\t\t\t<div class=\"elementor-widget-container\">\n\t\t\t\t\t<div class=\"woocommerce columns-4\"><ul class=\"products elementor-grid columns-4\">\n<li class=\"sales-flash-overlay woocommerce-text-align-center woocommerce-image-align-center do-quantity-buttons product type-product post-2446 status-publish first instock product_cat-programok product_cat-jegyvasarlas has-post-thumbnail shipping-taxable purchasable product-type-variable\">\n\t<a href=\"https:\/\/interhotel.hu\/en\/termek\/oevbucsuztato-vacsora-1229\/\" class=\"woocommerce-LoopProduct-link woocommerce-loop-product__link\"><img fetchpriority=\"high\" decoding=\"async\" width=\"300\" height=\"300\" src=\"https:\/\/interhotel.hu\/wp-content\/uploads\/2023\/12\/interhotel-szilveszter-300x300.jpg\" class=\"attachment-woocommerce_thumbnail size-woocommerce_thumbnail\" alt=\"\u00d3\u00e9vb\u00facs\u00faztat\u00f3 Zen\u00e9s Vacsora (2026.12.29)\" srcset=\"https:\/\/interhotel.hu\/wp-content\/uploads\/2023\/12\/interhotel-szilveszter-300x300.jpg 300w, https:\/\/interhotel.hu\/wp-content\/uploads\/2023\/12\/interhotel-szilveszter-150x150.jpg 150w, https:\/\/interhotel.hu\/wp-content\/uploads\/2023\/12\/interhotel-szilveszter-100x100.jpg 100w\" sizes=\"(max-width: 300px) 100vw, 300px\" \/><h2 class=\"woocommerce-loop-product__title\">\u00d3\u00e9vb\u00facs\u00faztat\u00f3 Zen\u00e9s Vacsora (2026.12.29)<\/h2>\n\t<span class=\"price\"><span class=\"woocommerce-Price-amount amount\" aria-hidden=\"true\"><bdi>0<span class=\"woocommerce-Price-currencySymbol\">&#70;&#116;<\/span><\/bdi><\/span> <span aria-hidden=\"true\">&ndash;<\/span> <span class=\"woocommerce-Price-amount amount\" aria-hidden=\"true\"><bdi>8.000<span class=\"woocommerce-Price-currencySymbol\">&#70;&#116;<\/span><\/bdi><\/span><span class=\"screen-reader-text\" data-no-translation=\"\" data-trp-gettext=\"\">Price range: 0&#70;&#116; through 8.000&#70;&#116;<\/span><\/span>\n<\/a><div class=\"woocommerce-loop-product__buttons\"><a href=\"https:\/\/interhotel.hu\/en\/termek\/oevbucsuztato-vacsora-1229\/\" aria-describedby=\"woocommerce_loop_add_to_cart_link_describedby_2446\" data-quantity=\"1\" class=\"button product_type_variable add_to_cart_button\" data-product_id=\"2446\" data-product_sku=\"\" aria-label=\"Select options for \u201c\u00d3\u00e9vb\u00facs\u00faztat\u00f3 Zen\u00e9s Vacsora (2026.12.29)\u201d\" rel=\"nofollow\" data-no-translation=\"\" data-trp-gettext=\"\" data-no-translation-aria-label=\"\">Select options<\/a><\/div>\t<span id=\"woocommerce_loop_add_to_cart_link_describedby_2446\" class=\"screen-reader-text\">\n\t\tThis product has multiple variants. The options may be chosen on the product page\t<\/span>\n<\/li>\n<li class=\"sales-flash-overlay woocommerce-text-align-center woocommerce-image-align-center do-quantity-buttons wc-has-gallery product type-product post-2454 status-publish instock product_cat-programok product_cat-jegyvasarlas has-post-thumbnail shipping-taxable purchasable product-type-variable\">\n\t<a href=\"https:\/\/interhotel.hu\/en\/termek\/oevbucsuztato-disznotor-1230\/\" class=\"woocommerce-LoopProduct-link woocommerce-loop-product__link\"><img decoding=\"async\" width=\"300\" height=\"300\" src=\"https:\/\/interhotel.hu\/wp-content\/uploads\/2025\/11\/IMG_1199-300x300.png\" class=\"secondary-image attachment-shop-catalog\" alt=\"\" srcset=\"https:\/\/interhotel.hu\/wp-content\/uploads\/2025\/11\/IMG_1199-300x300.png 300w, https:\/\/interhotel.hu\/wp-content\/uploads\/2025\/11\/IMG_1199-150x150.png 150w, https:\/\/interhotel.hu\/wp-content\/uploads\/2025\/11\/IMG_1199-100x100.png 100w\" sizes=\"(max-width: 300px) 100vw, 300px\" \/><img decoding=\"async\" width=\"300\" height=\"300\" src=\"https:\/\/interhotel.hu\/wp-content\/uploads\/2025\/11\/IMG_2839-300x300.jpg\" class=\"attachment-woocommerce_thumbnail size-woocommerce_thumbnail\" alt=\"Zen\u00e9s-t\u00e1ncos, Diszn\u00f3toros El\u0151szilveszter (2026.12.30)\" srcset=\"https:\/\/interhotel.hu\/wp-content\/uploads\/2025\/11\/IMG_2839-300x300.jpg 300w, https:\/\/interhotel.hu\/wp-content\/uploads\/2025\/11\/IMG_2839-150x150.jpg 150w, https:\/\/interhotel.hu\/wp-content\/uploads\/2025\/11\/IMG_2839-100x100.jpg 100w\" sizes=\"(max-width: 300px) 100vw, 300px\" \/><h2 class=\"woocommerce-loop-product__title\">Zen\u00e9s-t\u00e1ncos, Diszn\u00f3toros El\u0151szilveszter (2026.12.30)<\/h2>\n\t<span class=\"price\"><span class=\"woocommerce-Price-amount amount\" aria-hidden=\"true\"><bdi>6.000<span class=\"woocommerce-Price-currencySymbol\">&#70;&#116;<\/span><\/bdi><\/span> <span aria-hidden=\"true\">&ndash;<\/span> <span class=\"woocommerce-Price-amount amount\" aria-hidden=\"true\"><bdi>12.000<span class=\"woocommerce-Price-currencySymbol\">&#70;&#116;<\/span><\/bdi><\/span><span class=\"screen-reader-text\" data-no-translation=\"\" data-trp-gettext=\"\">Price range: 6.000&#70;&#116; through 12.000&#70;&#116;<\/span><\/span>\n<\/a><div class=\"woocommerce-loop-product__buttons\"><a href=\"https:\/\/interhotel.hu\/en\/termek\/oevbucsuztato-disznotor-1230\/\" aria-describedby=\"woocommerce_loop_add_to_cart_link_describedby_2454\" data-quantity=\"1\" class=\"button product_type_variable add_to_cart_button\" data-product_id=\"2454\" data-product_sku=\"\" aria-label=\"Select options for \u201cZen\u00e9s-t\u00e1ncos, Diszn\u00f3toros El\u0151szilveszter (2026.12.30)\u201d\" rel=\"nofollow\" data-no-translation=\"\" data-trp-gettext=\"\" data-no-translation-aria-label=\"\">Select options<\/a><\/div>\t<span id=\"woocommerce_loop_add_to_cart_link_describedby_2454\" class=\"screen-reader-text\">\n\t\tThis product has multiple variants. The options may be chosen on the product page\t<\/span>\n<\/li>\n<li class=\"sales-flash-overlay woocommerce-text-align-center woocommerce-image-align-center do-quantity-buttons product type-product post-2469 status-publish instock product_cat-programok product_cat-jegyvasarlas has-post-thumbnail shipping-taxable purchasable product-type-variable\">\n\t<a href=\"https:\/\/interhotel.hu\/en\/termek\/szilveszteri-mulatsag-interhotel-1231\/\" class=\"woocommerce-LoopProduct-link woocommerce-loop-product__link\"><img loading=\"lazy\" decoding=\"async\" width=\"300\" height=\"300\" src=\"https:\/\/interhotel.hu\/wp-content\/uploads\/2025\/11\/IMG_3007-2-300x300.jpg\" class=\"attachment-woocommerce_thumbnail size-woocommerce_thumbnail\" alt=\"Szilveszteri Mulats\u00e1g (2026.12.31)\" srcset=\"https:\/\/interhotel.hu\/wp-content\/uploads\/2025\/11\/IMG_3007-2-300x300.jpg 300w, https:\/\/interhotel.hu\/wp-content\/uploads\/2025\/11\/IMG_3007-2-150x150.jpg 150w, https:\/\/interhotel.hu\/wp-content\/uploads\/2025\/11\/IMG_3007-2-100x100.jpg 100w\" sizes=\"(max-width: 300px) 100vw, 300px\" \/><h2 class=\"woocommerce-loop-product__title\">Szilveszteri Mulats\u00e1g (2026.12.31)<\/h2>\n\t<span class=\"price\"><span class=\"woocommerce-Price-amount amount\" aria-hidden=\"true\"><bdi>14.000<span class=\"woocommerce-Price-currencySymbol\">&#70;&#116;<\/span><\/bdi><\/span> <span aria-hidden=\"true\">&ndash;<\/span> <span class=\"woocommerce-Price-amount amount\" aria-hidden=\"true\"><bdi>28.000<span class=\"woocommerce-Price-currencySymbol\">&#70;&#116;<\/span><\/bdi><\/span><span class=\"screen-reader-text\" data-no-translation=\"\" data-trp-gettext=\"\">Price range: 14.000&#70;&#116; through 28.000&#70;&#116;<\/span><\/span>\n<\/a><div class=\"woocommerce-loop-product__buttons\"><a href=\"https:\/\/interhotel.hu\/en\/termek\/szilveszteri-mulatsag-interhotel-1231\/\" aria-describedby=\"woocommerce_loop_add_to_cart_link_describedby_2469\" data-quantity=\"1\" class=\"button product_type_variable add_to_cart_button\" data-product_id=\"2469\" data-product_sku=\"\" aria-label=\"Select options for \u201cSzilveszteri Mulats\u00e1g (2026.12.31)\u201d\" rel=\"nofollow\" data-no-translation=\"\" data-trp-gettext=\"\" data-no-translation-aria-label=\"\">Select options<\/a><\/div>\t<span id=\"woocommerce_loop_add_to_cart_link_describedby_2469\" class=\"screen-reader-text\">\n\t\tThis product has multiple variants. The options may be chosen on the product page\t<\/span>\n<\/li>\n<\/ul>\n<\/div>\t\t\t\t<\/div>\n\t\t\t\t<\/div>\n\t\t\t\t<div class=\"elementor-element elementor-element-fd79277 elementor-hidden-desktop elementor-hidden-tablet elementor-hidden-mobile elementor-widget elementor-widget-heading\" data-id=\"fd79277\" data-element_type=\"widget\" data-e-type=\"widget\" data-widget_type=\"heading.default\">\n\t\t\t\t<div class=\"elementor-widget-container\">\n\t\t\t\t\t<h2 class=\"elementor-heading-title elementor-size-default\">K\u00fcl\u00f6nleges aj\u00e1nlataink<\/h2>\t\t\t\t<\/div>\n\t\t\t\t<\/div>\n\t\t\t\t<div class=\"elementor-element elementor-element-6f366bf elementor-grid-2 elementor-hidden-desktop elementor-hidden-tablet elementor-hidden-mobile elementor-grid-tablet-2 elementor-grid-mobile-1 elementor-posts--thumbnail-top elementor-widget elementor-widget-posts\" data-id=\"6f366bf\" data-element_type=\"widget\" data-e-type=\"widget\" data-settings=\"{&quot;classic_columns&quot;:&quot;2&quot;,&quot;classic_columns_tablet&quot;:&quot;2&quot;,&quot;classic_columns_mobile&quot;:&quot;1&quot;,&quot;classic_row_gap&quot;:{&quot;unit&quot;:&quot;px&quot;,&quot;size&quot;:35,&quot;sizes&quot;:[]},&quot;classic_row_gap_tablet&quot;:{&quot;unit&quot;:&quot;px&quot;,&quot;size&quot;:&quot;&quot;,&quot;sizes&quot;:[]},&quot;classic_row_gap_mobile&quot;:{&quot;unit&quot;:&quot;px&quot;,&quot;size&quot;:&quot;&quot;,&quot;sizes&quot;:[]}}\" data-widget_type=\"posts.classic\">\n\t\t\t\t<div class=\"elementor-widget-container\">\n\t\t\t\t\t\t\t<div class=\"elementor-posts-container elementor-posts elementor-posts--skin-classic elementor-grid\" role=\"list\">\n\t\t\t\t<article class=\"elementor-post elementor-grid-item post-2381 post type-post status-publish format-standard has-post-thumbnail hentry category-kulonleges-ajanlat\" role=\"listitem\">\n\t\t\t\t<a class=\"elementor-post__thumbnail__link\" href=\"https:\/\/interhotel.hu\/en\/szilveszter-az-inter-hotel-superiorban\/\" tabindex=\"-1\" target=\"&quot;_blank&quot;\">\n\t\t\t<div class=\"elementor-post__thumbnail\"><img loading=\"lazy\" decoding=\"async\" width=\"1536\" height=\"2048\" src=\"https:\/\/interhotel.hu\/wp-content\/uploads\/2025\/08\/20250721_084607-scaled.jpg\" class=\"attachment-full size-full wp-image-2386\" alt=\"\" srcset=\"https:\/\/interhotel.hu\/wp-content\/uploads\/2025\/08\/20250721_084607-scaled.jpg 1536w, https:\/\/interhotel.hu\/wp-content\/uploads\/2025\/08\/20250721_084607-225x300.jpg 225w, https:\/\/interhotel.hu\/wp-content\/uploads\/2025\/08\/20250721_084607-768x1024.jpg 768w, https:\/\/interhotel.hu\/wp-content\/uploads\/2025\/08\/20250721_084607-1152x1536.jpg 1152w, https:\/\/interhotel.hu\/wp-content\/uploads\/2025\/08\/20250721_084607-9x12.jpg 9w, https:\/\/interhotel.hu\/wp-content\/uploads\/2025\/08\/20250721_084607-600x800.jpg 600w\" sizes=\"(max-width: 1536px) 100vw, 1536px\" \/><\/div>\n\t\t<\/a>\n\t\t\t\t<div class=\"elementor-post__text\">\n\t\t\t\t<h3 class=\"elementor-post__title\">\n\t\t\t<a href=\"https:\/\/interhotel.hu\/en\/szilveszter-az-inter-hotel-superiorban\/\" target=\"&quot;_blank&quot;\">\n\t\t\t\tSzilveszter az Inter Hotel Superiorban\t\t\t<\/a>\n\t\t<\/h3>\n\t\t\t\t<div class=\"elementor-post__excerpt\">\n\t\t\t<p>\u00c9vek \u00f3ta t\u00f6retlen n\u00e9pszer\u0171s\u00e9g\u0171, t\u00f6bb napos \u00e9vb\u00facs\u00faztat\u00f3 programsorozatunkra foglalja le hely\u00e9t m\u00e9g id\u0151ben!<\/p>\n\t\t<\/div>\n\t\t\t\t\t<div class=\"elementor-post__read-more-wrapper\">\n\t\t\n\t\t<a class=\"elementor-post__read-more\" href=\"https:\/\/interhotel.hu\/en\/szilveszter-az-inter-hotel-superiorban\/\" aria-label=\"Read more about Szilveszter az Inter Hotel Superiorban\" tabindex=\"-1\" target=\"_blank\">\n\t\t\tDETAILS AND ROOM BOOKING &gt;&gt;\t\t<\/a>\n\n\t\t\t\t\t<\/div>\n\t\t\t\t<\/div>\n\t\t\t\t<\/article>\n\t\t\t\t<\/div>\n\t\t\n\t\t\t\t\t\t<\/div>\n\t\t\t\t<\/div>\n\t\t\t\t\t<\/div>\n\t\t\t\t<\/div>\n\t\t<div class=\"elementor-element elementor-element-4384e381 e-con-full e-flex e-con e-parent\" data-id=\"4384e381\" data-element_type=\"container\" data-e-type=\"container\" data-settings=\"{&quot;background_background&quot;:&quot;classic&quot;}\">\n\t\t\t\t<div class=\"elementor-element elementor-element-69c2c0d9 elementor-widget elementor-widget-heading\" data-id=\"69c2c0d9\" data-element_type=\"widget\" data-e-type=\"widget\" data-widget_type=\"heading.default\">\n\t\t\t\t<div class=\"elementor-widget-container\">\n\t\t\t\t\t<h2 class=\"elementor-heading-title elementor-size-default\">GALLERY<\/h2>\t\t\t\t<\/div>\n\t\t\t\t<\/div>\n\t\t\t\t<div class=\"elementor-element elementor-element-5c7d02ed elementor-widget elementor-widget-gallery\" data-id=\"5c7d02ed\" data-element_type=\"widget\" data-e-type=\"widget\" data-settings=\"{&quot;columns&quot;:3,&quot;aspect_ratio&quot;:&quot;1:1&quot;,&quot;gap&quot;:{&quot;unit&quot;:&quot;px&quot;,&quot;size&quot;:25,&quot;sizes&quot;:[]},&quot;lazyload&quot;:&quot;yes&quot;,&quot;gallery_layout&quot;:&quot;grid&quot;,&quot;columns_tablet&quot;:2,&quot;columns_mobile&quot;:1,&quot;gap_tablet&quot;:{&quot;unit&quot;:&quot;px&quot;,&quot;size&quot;:10,&quot;sizes&quot;:[]},&quot;gap_mobile&quot;:{&quot;unit&quot;:&quot;px&quot;,&quot;size&quot;:10,&quot;sizes&quot;:[]},&quot;link_to&quot;:&quot;file&quot;,&quot;overlay_background&quot;:&quot;yes&quot;,&quot;content_hover_animation&quot;:&quot;fade-in&quot;}\" data-widget_type=\"gallery.default\">\n\t\t\t\t<div class=\"elementor-widget-container\">\n\t\t\t\t\t\t\t<div class=\"elementor-gallery__container\">\n\t\t\t\t\t\t\t<a class=\"e-gallery-item elementor-gallery-item elementor-animated-content\" href=\"https:\/\/interhotel.hu\/wp-content\/uploads\/2023\/12\/interhotel-szilveszter-grill-1.jpg\" data-elementor-open-lightbox=\"yes\" data-elementor-lightbox-slideshow=\"5c7d02ed\" data-elementor-lightbox-title=\"interhotel-szilveszter-grill\" data-e-action-hash=\"#elementor-action%3Aaction%3Dlightbox%26settings%3DeyJpZCI6MTU2OCwidXJsIjoiaHR0cHM6XC9cL2ludGVyaG90ZWwuaHVcL3dwLWNvbnRlbnRcL3VwbG9hZHNcLzIwMjNcLzEyXC9pbnRlcmhvdGVsLXN6aWx2ZXN6dGVyLWdyaWxsLTEuanBnIiwic2xpZGVzaG93IjoiNWM3ZDAyZWQifQ%3D%3D\">\n\t\t\t\t\t<div class=\"e-gallery-image elementor-gallery-item__image\" data-thumbnail=\"https:\/\/interhotel.hu\/wp-content\/uploads\/2023\/12\/interhotel-szilveszter-grill-1.jpg\" data-width=\"600\" data-height=\"450\" aria-label=\"\" role=\"img\" ><\/div>\n\t\t\t\t\t\t\t\t\t\t\t<div class=\"elementor-gallery-item__overlay\"><\/div>\n\t\t\t\t\t\t\t\t\t\t\t\t\t\t<\/a>\n\t\t\t\t\t\t\t<a class=\"e-gallery-item elementor-gallery-item elementor-animated-content\" href=\"https:\/\/interhotel.hu\/wp-content\/uploads\/2023\/12\/interhotel-unnepek5.jpg\" data-elementor-open-lightbox=\"yes\" data-elementor-lightbox-slideshow=\"5c7d02ed\" data-elementor-lightbox-title=\"interhotel-unnepek5\" data-e-action-hash=\"#elementor-action%3Aaction%3Dlightbox%26settings%3DeyJpZCI6MTU3MSwidXJsIjoiaHR0cHM6XC9cL2ludGVyaG90ZWwuaHVcL3dwLWNvbnRlbnRcL3VwbG9hZHNcLzIwMjNcLzEyXC9pbnRlcmhvdGVsLXVubmVwZWs1LmpwZyIsInNsaWRlc2hvdyI6IjVjN2QwMmVkIn0%3D\">\n\t\t\t\t\t<div class=\"e-gallery-image elementor-gallery-item__image\" data-thumbnail=\"https:\/\/interhotel.hu\/wp-content\/uploads\/2023\/12\/interhotel-unnepek5-1024x683.jpg\" data-width=\"840\" data-height=\"560\" aria-label=\"\" role=\"img\" ><\/div>\n\t\t\t\t\t\t\t\t\t\t\t<div class=\"elementor-gallery-item__overlay\"><\/div>\n\t\t\t\t\t\t\t\t\t\t\t\t\t\t<\/a>\n\t\t\t\t\t\t\t<a class=\"e-gallery-item elementor-gallery-item elementor-animated-content\" href=\"https:\/\/interhotel.hu\/wp-content\/uploads\/2023\/12\/interhotel-unnepek-etel1.jpg\" data-elementor-open-lightbox=\"yes\" data-elementor-lightbox-slideshow=\"5c7d02ed\" data-elementor-lightbox-title=\"interhotel-unnepek-etel1\" data-e-action-hash=\"#elementor-action%3Aaction%3Dlightbox%26settings%3DeyJpZCI6MTU3MCwidXJsIjoiaHR0cHM6XC9cL2ludGVyaG90ZWwuaHVcL3dwLWNvbnRlbnRcL3VwbG9hZHNcLzIwMjNcLzEyXC9pbnRlcmhvdGVsLXVubmVwZWstZXRlbDEuanBnIiwic2xpZGVzaG93IjoiNWM3ZDAyZWQifQ%3D%3D\">\n\t\t\t\t\t<div class=\"e-gallery-image elementor-gallery-item__image\" data-thumbnail=\"https:\/\/interhotel.hu\/wp-content\/uploads\/2023\/12\/interhotel-unnepek-etel1-1024x768.jpg\" data-width=\"840\" data-height=\"630\" aria-label=\"\" role=\"img\" ><\/div>\n\t\t\t\t\t\t\t\t\t\t\t<div class=\"elementor-gallery-item__overlay\"><\/div>\n\t\t\t\t\t\t\t\t\t\t\t\t\t\t<\/a>\n\t\t\t\t\t\t\t<a class=\"e-gallery-item elementor-gallery-item elementor-animated-content\" href=\"https:\/\/interhotel.hu\/wp-content\/uploads\/2023\/12\/interhotel-unnepek3.jpg\" data-elementor-open-lightbox=\"yes\" data-elementor-lightbox-slideshow=\"5c7d02ed\" data-elementor-lightbox-title=\"interhotel-unnepek3\" data-e-action-hash=\"#elementor-action%3Aaction%3Dlightbox%26settings%3DeyJpZCI6MTU2OSwidXJsIjoiaHR0cHM6XC9cL2ludGVyaG90ZWwuaHVcL3dwLWNvbnRlbnRcL3VwbG9hZHNcLzIwMjNcLzEyXC9pbnRlcmhvdGVsLXVubmVwZWszLmpwZyIsInNsaWRlc2hvdyI6IjVjN2QwMmVkIn0%3D\">\n\t\t\t\t\t<div class=\"e-gallery-image elementor-gallery-item__image\" data-thumbnail=\"https:\/\/interhotel.hu\/wp-content\/uploads\/2023\/12\/interhotel-unnepek3-1024x768.jpg\" data-width=\"840\" data-height=\"630\" aria-label=\"\" role=\"img\" ><\/div>\n\t\t\t\t\t\t\t\t\t\t\t<div class=\"elementor-gallery-item__overlay\"><\/div>\n\t\t\t\t\t\t\t\t\t\t\t\t\t\t<\/a>\n\t\t\t\t\t\t\t<a class=\"e-gallery-item elementor-gallery-item elementor-animated-content\" href=\"https:\/\/interhotel.hu\/wp-content\/uploads\/2023\/12\/interhotel-unnepek4.jpg\" data-elementor-open-lightbox=\"yes\" data-elementor-lightbox-slideshow=\"5c7d02ed\" data-elementor-lightbox-title=\"interhotel-unnepek4\" data-e-action-hash=\"#elementor-action%3Aaction%3Dlightbox%26settings%3DeyJpZCI6MTU3MywidXJsIjoiaHR0cHM6XC9cL2ludGVyaG90ZWwuaHVcL3dwLWNvbnRlbnRcL3VwbG9hZHNcLzIwMjNcLzEyXC9pbnRlcmhvdGVsLXVubmVwZWs0LmpwZyIsInNsaWRlc2hvdyI6IjVjN2QwMmVkIn0%3D\">\n\t\t\t\t\t<div class=\"e-gallery-image elementor-gallery-item__image\" data-thumbnail=\"https:\/\/interhotel.hu\/wp-content\/uploads\/2023\/12\/interhotel-unnepek4-768x1024.jpg\" data-width=\"768\" data-height=\"1024\" aria-label=\"\" role=\"img\" ><\/div>\n\t\t\t\t\t\t\t\t\t\t\t<div class=\"elementor-gallery-item__overlay\"><\/div>\n\t\t\t\t\t\t\t\t\t\t\t\t\t\t<\/a>\n\t\t\t\t\t\t\t<a class=\"e-gallery-item elementor-gallery-item elementor-animated-content\" href=\"https:\/\/interhotel.hu\/wp-content\/uploads\/2023\/12\/Inter-Hotel-enterior-08323-WEB-1.jpg\" data-elementor-open-lightbox=\"yes\" data-elementor-lightbox-slideshow=\"5c7d02ed\" data-elementor-lightbox-title=\"Inter-Hotel-enteri\u0151r-08323-WEB (1)\" data-e-action-hash=\"#elementor-action%3Aaction%3Dlightbox%26settings%3DeyJpZCI6MTYyNCwidXJsIjoiaHR0cHM6XC9cL2ludGVyaG90ZWwuaHVcL3dwLWNvbnRlbnRcL3VwbG9hZHNcLzIwMjNcLzEyXC9JbnRlci1Ib3RlbC1lbnRlcmlvci0wODMyMy1XRUItMS5qcGciLCJzbGlkZXNob3ciOiI1YzdkMDJlZCJ9\">\n\t\t\t\t\t<div class=\"e-gallery-image elementor-gallery-item__image\" data-thumbnail=\"https:\/\/interhotel.hu\/wp-content\/uploads\/2023\/12\/Inter-Hotel-enterior-08323-WEB-1-1024x683.jpg\" data-width=\"840\" data-height=\"560\" aria-label=\"\" role=\"img\" ><\/div>\n\t\t\t\t\t\t\t\t\t\t\t<div class=\"elementor-gallery-item__overlay\"><\/div>\n\t\t\t\t\t\t\t\t\t\t\t\t\t\t<\/a>\n\t\t\t\t\t<\/div>\n\t\t\t\t\t<\/div>\n\t\t\t\t<\/div>\n\t\t\t\t<\/div>\n\t\t\t\t<\/div>","protected":false},"excerpt":{"rendered":"<p>VEL\u00dcNK NEM FOG UNATKOZNI! INTER HOTELRENDEZV\u00c9NYEK PROGRAMOK, T\u00c1NCOS VACSORAESTEK, K\u00dcL\u00d6NLEGES H\u00c9TV\u00c9GI CSOMAGOK K\u00fcl\u00f6nleges aj\u00e1nlataink Gal\u00e9ria<\/p>","protected":false},"author":1,"featured_media":0,"parent":0,"menu_order":0,"comment_status":"closed","ping_status":"closed","template":"elementor_header_footer","meta":{"footnotes":""},"class_list":["post-1840","page","type-page","status-publish","hentry"],"_links":{"self":[{"href":"https:\/\/interhotel.hu\/en\/wp-json\/wp\/v2\/pages\/1840","targetHints":{"allow":["GET"]}}],"collection":[{"href":"https:\/\/interhotel.hu\/en\/wp-json\/wp\/v2\/pages"}],"about":[{"href":"https:\/\/interhotel.hu\/en\/wp-json\/wp\/v2\/types\/page"}],"author":[{"embeddable":true,"href":"https:\/\/interhotel.hu\/en\/wp-json\/wp\/v2\/users\/1"}],"replies":[{"embeddable":true,"href":"https:\/\/interhotel.hu\/en\/wp-json\/wp\/v2\/comments?post=1840"}],"version-history":[{"count":53,"href":"https:\/\/interhotel.hu\/en\/wp-json\/wp\/v2\/pages\/1840\/revisions"}],"predecessor-version":[{"id":2831,"href":"https:\/\/interhotel.hu\/en\/wp-json\/wp\/v2\/pages\/1840\/revisions\/2831"}],"wp:attachment":[{"href":"https:\/\/interhotel.hu\/en\/wp-json\/wp\/v2\/media?parent=1840"}],"curies":[{"name":"wp","href":"https:\/\/api.w.org\/{rel}","templated":true}]}}