{"id":1691,"date":"2024-02-10T16:50:37","date_gmt":"2024-02-10T15:50:37","guid":{"rendered":"https:\/\/interhotel.hu\/?page_id=1691"},"modified":"2026-02-06T11:21:56","modified_gmt":"2026-02-06T10:21:56","slug":"valentin-nap-az-inter-hotelben","status":"publish","type":"page","link":"https:\/\/interhotel.hu\/en\/valentin-nap-az-inter-hotelben\/","title":{"rendered":"Valentin-nap az Inter Hotelben"},"content":{"rendered":"<div data-elementor-type=\"wp-page\" data-elementor-id=\"1691\" class=\"elementor elementor-1691\" data-elementor-post-type=\"page\">\n\t\t\t\t<div class=\"elementor-element elementor-element-2b24633d e-con-full e-flex e-con e-parent\" data-id=\"2b24633d\" data-element_type=\"container\" data-e-type=\"container\" data-settings=\"{&quot;background_background&quot;:&quot;classic&quot;}\">\n\t\t<div class=\"elementor-element elementor-element-9191409 e-con-full e-flex e-con e-child\" data-id=\"9191409\" data-element_type=\"container\" data-e-type=\"container\">\n\t\t\t\t<div class=\"elementor-element elementor-element-79d8f91b elementor-widget elementor-widget-heading\" data-id=\"79d8f91b\" data-element_type=\"widget\" data-e-type=\"widget\" data-widget_type=\"heading.default\">\n\t\t\t\t<div class=\"elementor-widget-container\">\n\t\t\t\t\t<h1 class=\"elementor-heading-title elementor-size-default translation-block\">HAVE AN EXCLUSIVE<br><span>VALENTINE'S DAY<\/span><\/h1>\t\t\t\t<\/div>\n\t\t\t\t<\/div>\n\t\t\t\t<div class=\"elementor-element elementor-element-2a88d38f elementor-widget elementor-widget-text-editor\" data-id=\"2a88d38f\" data-element_type=\"widget\" data-e-type=\"widget\" data-widget_type=\"text-editor.default\">\n\t\t\t\t<div class=\"elementor-widget-container\">\n\t\t\t\t\t\t\t\t\t<p><strong>WELCOME CHAMPAIGNE, DELICIOUS DISHES, ROMANTIC ATMOSPHERE<\/strong><\/p>\t\t\t\t\t\t\t\t<\/div>\n\t\t\t\t<\/div>\n\t\t\t\t<div class=\"elementor-element elementor-element-5614a186 elementor-widget elementor-widget-text-editor\" data-id=\"5614a186\" data-element_type=\"widget\" data-e-type=\"widget\" data-widget_type=\"text-editor.default\">\n\t\t\t\t<div class=\"elementor-widget-container\">\n\t\t\t\t\t\t\t\t\t<p><i>2026.02.14. 18.00<\/i><\/p>\t\t\t\t\t\t\t\t<\/div>\n\t\t\t\t<\/div>\n\t\t\t\t<\/div>\n\t\t\t\t<\/div>\n\t\t<div class=\"elementor-element elementor-element-7050d904 e-con-full e-flex e-con e-parent\" data-id=\"7050d904\" data-element_type=\"container\" data-e-type=\"container\" data-settings=\"{&quot;background_background&quot;:&quot;classic&quot;}\">\n\t\t<div class=\"elementor-element elementor-element-3f0111cd e-con-full e-flex e-con e-child\" data-id=\"3f0111cd\" data-element_type=\"container\" data-e-type=\"container\" data-settings=\"{&quot;background_background&quot;:&quot;classic&quot;}\">\n\t\t\t\t<div class=\"elementor-element elementor-element-b41b46f elementor-widget elementor-widget-heading\" data-id=\"b41b46f\" data-element_type=\"widget\" data-e-type=\"widget\" data-widget_type=\"heading.default\">\n\t\t\t\t<div class=\"elementor-widget-container\">\n\t\t\t\t\t<h6 class=\"elementor-heading-title elementor-size-default\">Tegye igaz\u00e1n eml\u00e9kezetess\u00e9 a szerelmesek \u00fcnnep\u00e9t!<\/h6>\t\t\t\t<\/div>\n\t\t\t\t<\/div>\n\t\t\t\t<\/div>\n\t\t\t\t<\/div>\n\t\t<div class=\"elementor-element elementor-element-16e85dff e-con-full e-flex e-con e-parent\" data-id=\"16e85dff\" data-element_type=\"container\" data-e-type=\"container\">\n\t\t<div class=\"elementor-element elementor-element-18606a1 e-con-full e-flex e-con e-child\" data-id=\"18606a1\" data-element_type=\"container\" data-e-type=\"container\">\n\t\t\t\t<div class=\"elementor-element elementor-element-4d18f4e2 elementor-widget elementor-widget-heading\" data-id=\"4d18f4e2\" data-element_type=\"widget\" data-e-type=\"widget\" data-widget_type=\"heading.default\">\n\t\t\t\t<div class=\"elementor-widget-container\">\n\t\t\t\t\t<h2 class=\"elementor-heading-title elementor-size-default translation-block\">Make <span class=\"cimbronz\">Valentine's day<\/span><br>really special!<\/h2>\t\t\t\t<\/div>\n\t\t\t\t<\/div>\n\t\t\t\t<div class=\"elementor-element elementor-element-7b32631f elementor-widget elementor-widget-text-editor\" data-id=\"7b32631f\" data-element_type=\"widget\" data-e-type=\"widget\" data-widget_type=\"text-editor.default\">\n\t\t\t\t<div class=\"elementor-widget-container\">\n\t\t\t\t\t\t\t\t\t<p class=\"translation-block\"><strong>There is no greater gift than spending time together.<\/strong> Therefore, <strong>our hotel's exclusive Valentine's Day dinner is the perfect opportunity<\/strong> to spend this special evening enjoying delicious flavors and carefully selected drinks with your loved one.<\/p>\n<p class=\"translation-block\">We <strong>ensure that every detail is perfect<\/strong>, so you can focus solely on each other's company and the moments you share together.<\/p>\n<p><strong>Lepje meg szeretett\u00e9t egy felejthetetlen est\u00e9vel<\/strong>, ahol az \u00edzek \u00e9s az atmoszf\u00e9ra egyar\u00e1nt az \u00f6sszetartoz\u00e1sr\u00f3l \u00e9s a szerelem \u00fcnnepl\u00e9s\u00e9r\u0151l sz\u00f3lnak.<br><br><b>Nyerem\u00e9nyj\u00e1t\u00e9k<\/b>kal is k\u00e9sz\u00fclt\u00fcnk, ha febru\u00e1r 8. (vas\u00e1rnap) \u00e9jf\u00e9lig megv\u00e1s\u00e1rolja a jegyeket, r\u00e9szt vehet sorsol\u00e1sunkon, melyen <b>1 aj\u00e1nd\u00e9k \u00e9jszak\u00e1t nyerhet<\/b> sz\u00e1llod\u00e1nkban Valentin-napra.<\/p>\t\t\t\t\t\t\t\t<\/div>\n\t\t\t\t<\/div>\n\t\t\t\t<div class=\"elementor-element elementor-element-20f66af elementor-mobile-align-center elementor-widget elementor-widget-button\" data-id=\"20f66af\" data-element_type=\"widget\" data-e-type=\"widget\" data-widget_type=\"button.default\">\n\t\t\t\t<div class=\"elementor-widget-container\">\n\t\t\t\t\t\t\t\t\t<div class=\"elementor-button-wrapper\">\n\t\t\t\t\t<a class=\"elementor-button elementor-button-link elementor-size-sm\" href=\"https:\/\/interhotel.hu\/en\/product\/valentin-nap-az-inter-hotelben\/\">\n\t\t\t\t\t\t<span class=\"elementor-button-content-wrapper\">\n\t\t\t\t\t\t\t\t\t<span class=\"elementor-button-text\">I'm booking our spot for the Valentine's Day dinner.<\/span>\n\t\t\t\t\t<\/span>\n\t\t\t\t\t<\/a>\n\t\t\t\t<\/div>\n\t\t\t\t\t\t\t\t<\/div>\n\t\t\t\t<\/div>\n\t\t\t\t<\/div>\n\t\t<div class=\"elementor-element elementor-element-454987c2 e-con-full elementor-hidden-tablet e-flex e-con e-child\" data-id=\"454987c2\" data-element_type=\"container\" data-e-type=\"container\" data-settings=\"{&quot;background_background&quot;:&quot;classic&quot;}\">\n\t\t\t\t<\/div>\n\t\t\t\t<\/div>\n\t\t<div class=\"elementor-element elementor-element-3aa256c0 e-con-full e-flex e-con e-parent\" data-id=\"3aa256c0\" data-element_type=\"container\" data-e-type=\"container\" data-settings=\"{&quot;background_background&quot;:&quot;classic&quot;}\">\n\t\t\t\t<div class=\"elementor-element elementor-element-3f1b0bfa elementor-widget elementor-widget-heading\" data-id=\"3f1b0bfa\" data-element_type=\"widget\" data-e-type=\"widget\" data-widget_type=\"heading.default\">\n\t\t\t\t<div class=\"elementor-widget-container\">\n\t\t\t\t\t<h2 class=\"elementor-heading-title elementor-size-default\">Take a look at our <span class=\"cimbronz\">menu card!<\/span><\/h2>\t\t\t\t<\/div>\n\t\t\t\t<\/div>\n\t\t\t\t<div class=\"elementor-element elementor-element-e9e71d9 elementor-widget elementor-widget-text-editor\" data-id=\"e9e71d9\" data-element_type=\"widget\" data-e-type=\"widget\" data-widget_type=\"text-editor.default\">\n\t\t\t\t<div class=\"elementor-widget-container\">\n\t\t\t\t\t\t\t\t\t<p>Reserve your and your partner's spot for a romantic Valentine's Day dinner in the heart of Debrecen, at the modern and cozy restaurant of Inter Hotel Superior***. Upon arrival, we welcome our guests with champagne!<\/p>\t\t\t\t\t\t\t\t<\/div>\n\t\t\t\t<\/div>\n\t\t<div class=\"elementor-element elementor-element-2f55440a e-flex e-con-boxed e-con e-child\" data-id=\"2f55440a\" data-element_type=\"container\" data-e-type=\"container\">\n\t\t\t\t\t<div class=\"e-con-inner\">\n\t\t\t\t<div class=\"elementor-element elementor-element-35b0e702 elementor-widget elementor-widget-image\" data-id=\"35b0e702\" data-element_type=\"widget\" data-e-type=\"widget\" data-widget_type=\"image.default\">\n\t\t\t\t<div class=\"elementor-widget-container\">\n\t\t\t\t\t\t\t\t\t\t\t\t\t\t\t\t<a href=\"https:\/\/interhotel.hu\/wp-content\/uploads\/2026\/01\/Valentin-napi-vacsora-menu-4-scaled.png\" data-elementor-open-lightbox=\"yes\" data-elementor-lightbox-title=\"Valentin-napi vacsora men\u00fc (4)\" data-e-action-hash=\"#elementor-action%3Aaction%3Dlightbox%26settings%3DeyJpZCI6Mjc5MywidXJsIjoiaHR0cHM6XC9cL2ludGVyaG90ZWwuaHVcL3dwLWNvbnRlbnRcL3VwbG9hZHNcLzIwMjZcLzAxXC9WYWxlbnRpbi1uYXBpLXZhY3NvcmEtbWVudS00LXNjYWxlZC5wbmcifQ%3D%3D\">\n\t\t\t\t\t\t\t<img fetchpriority=\"high\" decoding=\"async\" width=\"2048\" height=\"1152\" src=\"https:\/\/interhotel.hu\/wp-content\/uploads\/2026\/01\/Valentin-napi-vacsora-menu-4-scaled.png\" class=\"attachment-full size-full wp-image-2793\" alt=\"\" srcset=\"https:\/\/interhotel.hu\/wp-content\/uploads\/2026\/01\/Valentin-napi-vacsora-menu-4-scaled.png 2048w, https:\/\/interhotel.hu\/wp-content\/uploads\/2026\/01\/Valentin-napi-vacsora-menu-4-300x169.png 300w, https:\/\/interhotel.hu\/wp-content\/uploads\/2026\/01\/Valentin-napi-vacsora-menu-4-1024x576.png 1024w, https:\/\/interhotel.hu\/wp-content\/uploads\/2026\/01\/Valentin-napi-vacsora-menu-4-768x432.png 768w, https:\/\/interhotel.hu\/wp-content\/uploads\/2026\/01\/Valentin-napi-vacsora-menu-4-1536x864.png 1536w, https:\/\/interhotel.hu\/wp-content\/uploads\/2026\/01\/Valentin-napi-vacsora-menu-4-18x10.png 18w, https:\/\/interhotel.hu\/wp-content\/uploads\/2026\/01\/Valentin-napi-vacsora-menu-4-600x338.png 600w\" sizes=\"(max-width: 2048px) 100vw, 2048px\" \/>\t\t\t\t\t\t\t\t<\/a>\n\t\t\t\t\t\t\t\t\t\t\t\t\t\t\t<\/div>\n\t\t\t\t<\/div>\n\t\t\t\t\t<\/div>\n\t\t\t\t<\/div>\n\t\t\t\t<div class=\"elementor-element elementor-element-398405f8 elementor-align-center elementor-widget elementor-widget-button\" data-id=\"398405f8\" data-element_type=\"widget\" data-e-type=\"widget\" data-widget_type=\"button.default\">\n\t\t\t\t<div class=\"elementor-widget-container\">\n\t\t\t\t\t\t\t\t\t<div class=\"elementor-button-wrapper\">\n\t\t\t\t\t<a class=\"elementor-button elementor-button-link elementor-size-sm\" href=\"https:\/\/interhotel.hu\/en\/product\/valentin-nap-az-inter-hotelben\/\">\n\t\t\t\t\t\t<span class=\"elementor-button-content-wrapper\">\n\t\t\t\t\t\t\t\t\t<span class=\"elementor-button-text\">Great idea, this will be my gift for my love!<\/span>\n\t\t\t\t\t<\/span>\n\t\t\t\t\t<\/a>\n\t\t\t\t<\/div>\n\t\t\t\t\t\t\t\t<\/div>\n\t\t\t\t<\/div>\n\t\t\t\t<\/div>\n\t\t<div class=\"elementor-element elementor-element-22229015 e-con-full e-flex e-con e-parent\" data-id=\"22229015\" data-element_type=\"container\" data-e-type=\"container\" data-settings=\"{&quot;background_background&quot;:&quot;classic&quot;}\">\n\t\t\t\t<div class=\"elementor-element elementor-element-1eec237d elementor-widget elementor-widget-heading\" data-id=\"1eec237d\" data-element_type=\"widget\" data-e-type=\"widget\" data-widget_type=\"heading.default\">\n\t\t\t\t<div class=\"elementor-widget-container\">\n\t\t\t\t\t<h2 class=\"elementor-heading-title elementor-size-default translation-block\">Photo <span class=\"cimbronz\">gallery<\/span><\/h2>\t\t\t\t<\/div>\n\t\t\t\t<\/div>\n\t\t\t\t<div class=\"elementor-element elementor-element-368b7347 elementor-widget elementor-widget-gallery\" data-id=\"368b7347\" data-element_type=\"widget\" data-e-type=\"widget\" data-settings=\"{&quot;columns&quot;:3,&quot;aspect_ratio&quot;:&quot;1:1&quot;,&quot;gap&quot;:{&quot;unit&quot;:&quot;px&quot;,&quot;size&quot;:25,&quot;sizes&quot;:[]},&quot;lazyload&quot;:&quot;yes&quot;,&quot;gallery_layout&quot;:&quot;grid&quot;,&quot;columns_tablet&quot;:2,&quot;columns_mobile&quot;:1,&quot;gap_tablet&quot;:{&quot;unit&quot;:&quot;px&quot;,&quot;size&quot;:10,&quot;sizes&quot;:[]},&quot;gap_mobile&quot;:{&quot;unit&quot;:&quot;px&quot;,&quot;size&quot;:10,&quot;sizes&quot;:[]},&quot;link_to&quot;:&quot;file&quot;,&quot;overlay_background&quot;:&quot;yes&quot;,&quot;content_hover_animation&quot;:&quot;fade-in&quot;}\" data-widget_type=\"gallery.default\">\n\t\t\t\t<div class=\"elementor-widget-container\">\n\t\t\t\t\t\t\t<div class=\"elementor-gallery__container\">\n\t\t\t\t\t\t\t<a class=\"e-gallery-item elementor-gallery-item elementor-animated-content\" href=\"https:\/\/interhotel.hu\/wp-content\/uploads\/2023\/12\/interhotel-unnepek5.jpg\" data-elementor-open-lightbox=\"yes\" data-elementor-lightbox-slideshow=\"368b7347\" data-elementor-lightbox-title=\"interhotel-unnepek5\" data-e-action-hash=\"#elementor-action%3Aaction%3Dlightbox%26settings%3DeyJpZCI6MTU3MSwidXJsIjoiaHR0cHM6XC9cL2ludGVyaG90ZWwuaHVcL3dwLWNvbnRlbnRcL3VwbG9hZHNcLzIwMjNcLzEyXC9pbnRlcmhvdGVsLXVubmVwZWs1LmpwZyIsInNsaWRlc2hvdyI6IjM2OGI3MzQ3In0%3D\">\n\t\t\t\t\t<div class=\"e-gallery-image elementor-gallery-item__image\" data-thumbnail=\"https:\/\/interhotel.hu\/wp-content\/uploads\/2023\/12\/interhotel-unnepek5-1024x683.jpg\" data-width=\"840\" data-height=\"560\" aria-label=\"\" role=\"img\" ><\/div>\n\t\t\t\t\t\t\t\t\t\t\t<div class=\"elementor-gallery-item__overlay\"><\/div>\n\t\t\t\t\t\t\t\t\t\t\t\t\t\t<\/a>\n\t\t\t\t\t\t\t<a class=\"e-gallery-item elementor-gallery-item elementor-animated-content\" href=\"https:\/\/interhotel.hu\/wp-content\/uploads\/2023\/12\/Inter-Hotel-enterior-08323-WEB-1.jpg\" data-elementor-open-lightbox=\"yes\" data-elementor-lightbox-slideshow=\"368b7347\" data-elementor-lightbox-title=\"Inter-Hotel-enteri\u0151r-08323-WEB (1)\" data-e-action-hash=\"#elementor-action%3Aaction%3Dlightbox%26settings%3DeyJpZCI6MTYyNCwidXJsIjoiaHR0cHM6XC9cL2ludGVyaG90ZWwuaHVcL3dwLWNvbnRlbnRcL3VwbG9hZHNcLzIwMjNcLzEyXC9JbnRlci1Ib3RlbC1lbnRlcmlvci0wODMyMy1XRUItMS5qcGciLCJzbGlkZXNob3ciOiIzNjhiNzM0NyJ9\">\n\t\t\t\t\t<div class=\"e-gallery-image elementor-gallery-item__image\" data-thumbnail=\"https:\/\/interhotel.hu\/wp-content\/uploads\/2023\/12\/Inter-Hotel-enterior-08323-WEB-1-1024x683.jpg\" data-width=\"840\" data-height=\"560\" aria-label=\"\" role=\"img\" ><\/div>\n\t\t\t\t\t\t\t\t\t\t\t<div class=\"elementor-gallery-item__overlay\"><\/div>\n\t\t\t\t\t\t\t\t\t\t\t\t\t\t<\/a>\n\t\t\t\t\t\t\t<a class=\"e-gallery-item elementor-gallery-item elementor-animated-content\" href=\"https:\/\/interhotel.hu\/wp-content\/uploads\/2023\/12\/interhotel-szilveszter.jpg\" data-elementor-open-lightbox=\"yes\" data-elementor-lightbox-slideshow=\"368b7347\" data-elementor-lightbox-title=\"interhotel-szilveszter\" data-e-action-hash=\"#elementor-action%3Aaction%3Dlightbox%26settings%3DeyJpZCI6MTU2MSwidXJsIjoiaHR0cHM6XC9cL2ludGVyaG90ZWwuaHVcL3dwLWNvbnRlbnRcL3VwbG9hZHNcLzIwMjNcLzEyXC9pbnRlcmhvdGVsLXN6aWx2ZXN6dGVyLmpwZyIsInNsaWRlc2hvdyI6IjM2OGI3MzQ3In0%3D\">\n\t\t\t\t\t<div class=\"e-gallery-image elementor-gallery-item__image\" data-thumbnail=\"https:\/\/interhotel.hu\/wp-content\/uploads\/2023\/12\/interhotel-szilveszter-768x1024.jpg\" data-width=\"768\" data-height=\"1024\" aria-label=\"\" role=\"img\" ><\/div>\n\t\t\t\t\t\t\t\t\t\t\t<div class=\"elementor-gallery-item__overlay\"><\/div>\n\t\t\t\t\t\t\t\t\t\t\t\t\t\t<\/a>\n\t\t\t\t\t<\/div>\n\t\t\t\t\t<\/div>\n\t\t\t\t<\/div>\n\t\t\t\t<\/div>\n\t\t\t\t<\/div>","protected":false},"excerpt":{"rendered":"<p>\u00dcNNEPELJE VEL\u00dcNKA VALENTIN NAPOT AJ\u00c1ND\u00c9K PEZSG\u0150, MES\u00c9S \u00cdZEK, ROMANTIKUS HANGULAT 2026.02.14. 18.00 Tegye igaz\u00e1n eml\u00e9kezetess\u00e9 a szerelmesek \u00fcnnep\u00e9t! Tegye t\u00f6k\u00e9letess\u00e9 a Valentin-napot! Nincs is szebb aj\u00e1nd\u00e9k, mint egy\u00fctt t\u00f6lt\u00f6tt id\u0151. \u00c9pp ez\u00e9rt hotel\u00fcnk exkluz\u00edv Valentin-napi vacsor\u00e1ja az ide\u00e1lis lehet\u0151s\u00e9g arra, hogy meghitt k\u00f6rnyezetben, finom \u00edzek \u00e9s gondosan v\u00e1logatott italok t\u00e1rsas\u00e1g\u00e1ban t\u00f6lts\u00e9k el kedves\u00e9vel ezt a &#8230; <a title=\"Valentin-nap az Inter Hotelben\" class=\"read-more\" href=\"https:\/\/interhotel.hu\/en\/valentin-nap-az-inter-hotelben\/\" aria-label=\"Read more about Valentin-nap az Inter Hotelben\">Read more<\/a><\/p>","protected":false},"author":1,"featured_media":1804,"parent":0,"menu_order":0,"comment_status":"closed","ping_status":"closed","template":"elementor_header_footer","meta":{"footnotes":""},"class_list":["post-1691","page","type-page","status-publish","has-post-thumbnail"],"_links":{"self":[{"href":"https:\/\/interhotel.hu\/en\/wp-json\/wp\/v2\/pages\/1691","targetHints":{"allow":["GET"]}}],"collection":[{"href":"https:\/\/interhotel.hu\/en\/wp-json\/wp\/v2\/pages"}],"about":[{"href":"https:\/\/interhotel.hu\/en\/wp-json\/wp\/v2\/types\/page"}],"author":[{"embeddable":true,"href":"https:\/\/interhotel.hu\/en\/wp-json\/wp\/v2\/users\/1"}],"replies":[{"embeddable":true,"href":"https:\/\/interhotel.hu\/en\/wp-json\/wp\/v2\/comments?post=1691"}],"version-history":[{"count":41,"href":"https:\/\/interhotel.hu\/en\/wp-json\/wp\/v2\/pages\/1691\/revisions"}],"predecessor-version":[{"id":2839,"href":"https:\/\/interhotel.hu\/en\/wp-json\/wp\/v2\/pages\/1691\/revisions\/2839"}],"wp:featuredmedia":[{"embeddable":true,"href":"https:\/\/interhotel.hu\/en\/wp-json\/wp\/v2\/media\/1804"}],"wp:attachment":[{"href":"https:\/\/interhotel.hu\/en\/wp-json\/wp\/v2\/media?parent=1691"}],"curies":[{"name":"wp","href":"https:\/\/api.w.org\/{rel}","templated":true}]}}