{"id":144,"date":"2023-05-11T16:01:55","date_gmt":"2023-05-11T14:01:55","guid":{"rendered":"https:\/\/interhotel.hu\/?page_id=144"},"modified":"2025-07-18T12:29:47","modified_gmt":"2025-07-18T10:29:47","slug":"restaurant","status":"publish","type":"page","link":"https:\/\/interhotel.hu\/en\/etterem\/","title":{"rendered":"Restaurant"},"content":{"rendered":"<div data-elementor-type=\"wp-page\" data-elementor-id=\"144\" class=\"elementor elementor-144\" data-elementor-post-type=\"page\">\n\t\t\t\t<div class=\"elementor-element elementor-element-2f1281e e-con-full e-flex e-con e-parent\" data-id=\"2f1281e\" data-element_type=\"container\" data-e-type=\"container\" data-settings=\"{&quot;background_background&quot;:&quot;classic&quot;}\">\n\t\t<div class=\"elementor-element elementor-element-3babe61 e-con-full e-flex e-con e-child\" data-id=\"3babe61\" data-element_type=\"container\" data-e-type=\"container\">\n\t\t\t\t<div class=\"elementor-element elementor-element-3c40d51 elementor-widget elementor-widget-heading\" data-id=\"3c40d51\" data-element_type=\"widget\" data-e-type=\"widget\" data-widget_type=\"heading.default\">\n\t\t\t\t<div class=\"elementor-widget-container\">\n\t\t\t\t\t<h1 class=\"elementor-heading-title elementor-size-default\">RESTAURANT<\/h1>\t\t\t\t<\/div>\n\t\t\t\t<\/div>\n\t\t\t\t<\/div>\n\t\t\t\t<\/div>\n\t\t<div class=\"elementor-element elementor-element-ca1908e e-con-full e-flex e-con e-parent\" data-id=\"ca1908e\" data-element_type=\"container\" data-e-type=\"container\" data-settings=\"{&quot;background_background&quot;:&quot;classic&quot;}\">\n\t\t<div class=\"elementor-element elementor-element-810245b e-con-full e-flex e-con e-child\" data-id=\"810245b\" data-element_type=\"container\" data-e-type=\"container\" data-settings=\"{&quot;background_background&quot;:&quot;classic&quot;}\">\n\t\t\t\t<div class=\"elementor-element elementor-element-4bb6b2a elementor-widget elementor-widget-heading\" data-id=\"4bb6b2a\" data-element_type=\"widget\" data-e-type=\"widget\" data-widget_type=\"heading.default\">\n\t\t\t\t<div class=\"elementor-widget-container\">\n\t\t\t\t\t<h6 class=\"elementor-heading-title elementor-size-default\">Select a room type!<\/h6>\t\t\t\t<\/div>\n\t\t\t\t<\/div>\n\t\t\t\t<div class=\"elementor-element elementor-element-21e99c2 elementor-widget elementor-widget-button\" data-id=\"21e99c2\" data-element_type=\"widget\" data-e-type=\"widget\" data-widget_type=\"button.default\">\n\t\t\t\t<div class=\"elementor-widget-container\">\n\t\t\t\t\t\t\t\t\t<div class=\"elementor-button-wrapper\">\n\t\t\t\t\t<a class=\"elementor-button elementor-button-link elementor-size-sm\" href=\"https:\/\/interhotel.hu\/en\/rooms\/\">\n\t\t\t\t\t\t<span class=\"elementor-button-content-wrapper\">\n\t\t\t\t\t\t\t\t\t<span class=\"elementor-button-text\">Our rooms<\/span>\n\t\t\t\t\t<\/span>\n\t\t\t\t\t<\/a>\n\t\t\t\t<\/div>\n\t\t\t\t\t\t\t\t<\/div>\n\t\t\t\t<\/div>\n\t\t\t\t<\/div>\n\t\t\t\t<\/div>\n\t\t<div class=\"elementor-element elementor-element-47fc2b8 e-con-full e-flex e-con e-parent\" data-id=\"47fc2b8\" data-element_type=\"container\" data-e-type=\"container\">\n\t\t<div class=\"elementor-element elementor-element-07bcadd e-con-full e-flex e-con e-child\" data-id=\"07bcadd\" data-element_type=\"container\" data-e-type=\"container\">\n\t\t\t\t<div class=\"elementor-element elementor-element-975cd7a elementor-widget elementor-widget-heading\" data-id=\"975cd7a\" data-element_type=\"widget\" data-e-type=\"widget\" data-widget_type=\"heading.default\">\n\t\t\t\t<div class=\"elementor-widget-container\">\n\t\t\t\t\t<h2 class=\"elementor-heading-title elementor-size-default\">Have delicious meals,<br><span class=\"cimbronz\">visit our restaurant<\/span><\/h2>\t\t\t\t<\/div>\n\t\t\t\t<\/div>\n\t\t\t\t<div class=\"elementor-element elementor-element-25e7ab6 elementor-widget elementor-widget-text-editor\" data-id=\"25e7ab6\" data-element_type=\"widget\" data-e-type=\"widget\" data-widget_type=\"text-editor.default\">\n\t\t\t\t<div class=\"elementor-widget-container\">\n\t\t\t\t\t\t\t\t\t<p>Let us to show you our modern and beautiful restaurant. We are awaiting you with delicious dishes and friendly staff that will provide you an unforgettable gastronomic experience. Our kitchen uses only fresh raw materials to make you really satisfied with your meals.<\/p><p class=\"translation-block\">Our Chef, T\u00f3th J\u00e1nos, and his team guarantee the culinary experience for you and your family. We are especially paying attention to <a href=\"https:\/\/interhotel.hu\/wp-content\/uploads\/2023\/05\/allergenek-scaled.jpg\" target=\"_blank\" rel=\"noopener\"> allergens<\/a>, we always inform you about them. Furthermore, we provide<a href=\"https:\/\/interhotel.hu\/wp-content\/uploads\/2023\/05\/szobaszerviz-scaled.jpg\" target=\"_blank\" rel=\"noopener\"> room service<\/a> and <a href=\"https:\/\/interhotel.hu\/wp-content\/uploads\/2023\/05\/minibar-scaled.jpg\" target=\"_blank\" rel=\"noopener\">minibar<\/a> for you, so you don't even have to come out from your room, if you are hungry or thirsty.<\/p><p>Our special dinner evenings with music and dancing are also extremely popular, on such occasions, in addition to culinary delights, the hotel&#039;s own DJ guarantees cloudless entertainment.<\/p>\t\t\t\t\t\t\t\t<\/div>\n\t\t\t\t<\/div>\n\t\t\t\t<div class=\"elementor-element elementor-element-4fc1ec2 elementor-align-left elementor-widget elementor-widget-button\" data-id=\"4fc1ec2\" data-element_type=\"widget\" data-e-type=\"widget\" data-widget_type=\"button.default\">\n\t\t\t\t<div class=\"elementor-widget-container\">\n\t\t\t\t\t\t\t\t\t<div class=\"elementor-button-wrapper\">\n\t\t\t\t\t<a class=\"elementor-button elementor-button-link elementor-size-sm\" href=\"https:\/\/interhotel.hu\/en\/events\/\">\n\t\t\t\t\t\t<span class=\"elementor-button-content-wrapper\">\n\t\t\t\t\t\t\t\t\t<span class=\"elementor-button-text\">I WILL LOOK AT THE PROGRAMS<\/span>\n\t\t\t\t\t<\/span>\n\t\t\t\t\t<\/a>\n\t\t\t\t<\/div>\n\t\t\t\t\t\t\t\t<\/div>\n\t\t\t\t<\/div>\n\t\t\t\t<\/div>\n\t\t<div class=\"elementor-element elementor-element-a34d583 e-con-full e-flex e-con e-child\" data-id=\"a34d583\" data-element_type=\"container\" data-e-type=\"container\">\n\t\t\t\t<div class=\"elementor-element elementor-element-89232b6 elementor-widget elementor-widget-image\" data-id=\"89232b6\" data-element_type=\"widget\" data-e-type=\"widget\" data-widget_type=\"image.default\">\n\t\t\t\t<div class=\"elementor-widget-container\">\n\t\t\t\t\t\t\t\t\t\t\t\t\t\t\t<img fetchpriority=\"high\" decoding=\"async\" width=\"840\" height=\"560\" src=\"https:\/\/interhotel.hu\/wp-content\/uploads\/2023\/12\/Inter-Hotel-enterior-08323-WEB-1-1024x683.jpg\" class=\"attachment-large size-large wp-image-1624\" alt=\"\" srcset=\"https:\/\/interhotel.hu\/wp-content\/uploads\/2023\/12\/Inter-Hotel-enterior-08323-WEB-1-1024x683.jpg 1024w, https:\/\/interhotel.hu\/wp-content\/uploads\/2023\/12\/Inter-Hotel-enterior-08323-WEB-1-300x200.jpg 300w, https:\/\/interhotel.hu\/wp-content\/uploads\/2023\/12\/Inter-Hotel-enterior-08323-WEB-1-768x512.jpg 768w, https:\/\/interhotel.hu\/wp-content\/uploads\/2023\/12\/Inter-Hotel-enterior-08323-WEB-1-1536x1024.jpg 1536w, https:\/\/interhotel.hu\/wp-content\/uploads\/2023\/12\/Inter-Hotel-enterior-08323-WEB-1-18x12.jpg 18w, https:\/\/interhotel.hu\/wp-content\/uploads\/2023\/12\/Inter-Hotel-enterior-08323-WEB-1-600x400.jpg 600w, https:\/\/interhotel.hu\/wp-content\/uploads\/2023\/12\/Inter-Hotel-enterior-08323-WEB-1.jpg 1920w\" sizes=\"(max-width: 840px) 100vw, 840px\" \/>\t\t\t\t\t\t\t\t\t\t\t\t\t\t\t<\/div>\n\t\t\t\t<\/div>\n\t\t\t\t<\/div>\n\t\t\t\t<\/div>\n\t\t<div class=\"elementor-element elementor-element-796879f e-con-full elementor-hidden-desktop elementor-hidden-tablet elementor-hidden-mobile e-flex e-con e-parent\" data-id=\"796879f\" data-element_type=\"container\" data-e-type=\"container\" data-settings=\"{&quot;background_background&quot;:&quot;classic&quot;}\">\n\t\t\t\t<div class=\"elementor-element elementor-element-2fc5552 elementor-widget elementor-widget-heading\" data-id=\"2fc5552\" data-element_type=\"widget\" data-e-type=\"widget\" data-widget_type=\"heading.default\">\n\t\t\t\t<div class=\"elementor-widget-container\">\n\t\t\t\t\t<h2 class=\"elementor-heading-title elementor-size-default translation-block\">Take a look at our<br><span class=\"cimbronz\">menu<\/span> and <span class=\"cimbronz\">drinks card<\/span><\/h2>\t\t\t\t<\/div>\n\t\t\t\t<\/div>\n\t\t\t\t<div class=\"elementor-element elementor-element-e5c2c85 gallery-spacing-custom elementor-widget elementor-widget-image-gallery\" data-id=\"e5c2c85\" data-element_type=\"widget\" data-e-type=\"widget\" data-widget_type=\"image-gallery.default\">\n\t\t\t\t<div class=\"elementor-widget-container\">\n\t\t\t\t\t\t\t<div class=\"elementor-image-gallery\">\n\t\t\t<div id='gallery-1' class='gallery galleryid-144 gallery-columns-4 gallery-size-medium'><figure class='gallery-item'>\n\t\t\t<div class='gallery-icon portrait'>\n\t\t\t\t<a data-elementor-open-lightbox=\"yes\" data-elementor-lightbox-slideshow=\"e5c2c85\" data-elementor-lightbox-title=\"\u00e9tlap_1\" data-e-action-hash=\"#elementor-action%3Aaction%3Dlightbox%26settings%3DeyJpZCI6NzEyLCJ1cmwiOiJodHRwczpcL1wvaW50ZXJob3RlbC5odVwvd3AtY29udGVudFwvdXBsb2Fkc1wvMjAyM1wvMDVcL2V0bGFwXzEtc2NhbGVkLmpwZyIsInNsaWRlc2hvdyI6ImU1YzJjODUifQ%3D%3D\" href='https:\/\/interhotel.hu\/wp-content\/uploads\/2023\/05\/etlap_1-scaled.jpg'><img decoding=\"async\" width=\"209\" height=\"300\" src=\"https:\/\/interhotel.hu\/wp-content\/uploads\/2023\/05\/etlap_1-209x300.jpg\" class=\"attachment-medium size-medium\" alt=\"\" srcset=\"https:\/\/interhotel.hu\/wp-content\/uploads\/2023\/05\/etlap_1-209x300.jpg 209w, https:\/\/interhotel.hu\/wp-content\/uploads\/2023\/05\/etlap_1-713x1024.jpg 713w, https:\/\/interhotel.hu\/wp-content\/uploads\/2023\/05\/etlap_1-768x1102.jpg 768w, https:\/\/interhotel.hu\/wp-content\/uploads\/2023\/05\/etlap_1-1070x1536.jpg 1070w, https:\/\/interhotel.hu\/wp-content\/uploads\/2023\/05\/etlap_1-1427x2048.jpg 1427w, https:\/\/interhotel.hu\/wp-content\/uploads\/2023\/05\/etlap_1-600x861.jpg 600w, https:\/\/interhotel.hu\/wp-content\/uploads\/2023\/05\/etlap_1-scaled.jpg 1784w\" sizes=\"(max-width: 209px) 100vw, 209px\" \/><\/a>\n\t\t\t<\/div><\/figure><figure class='gallery-item'>\n\t\t\t<div class='gallery-icon portrait'>\n\t\t\t\t<a data-elementor-open-lightbox=\"yes\" data-elementor-lightbox-slideshow=\"e5c2c85\" data-elementor-lightbox-title=\"\u00e9tlap_2\" data-e-action-hash=\"#elementor-action%3Aaction%3Dlightbox%26settings%3DeyJpZCI6NzEzLCJ1cmwiOiJodHRwczpcL1wvaW50ZXJob3RlbC5odVwvd3AtY29udGVudFwvdXBsb2Fkc1wvMjAyM1wvMDVcL2V0bGFwXzItc2NhbGVkLmpwZyIsInNsaWRlc2hvdyI6ImU1YzJjODUifQ%3D%3D\" href='https:\/\/interhotel.hu\/wp-content\/uploads\/2023\/05\/etlap_2-scaled.jpg'><img decoding=\"async\" width=\"209\" height=\"300\" src=\"https:\/\/interhotel.hu\/wp-content\/uploads\/2023\/05\/etlap_2-209x300.jpg\" class=\"attachment-medium size-medium\" alt=\"\" aria-describedby=\"gallery-1-713\" srcset=\"https:\/\/interhotel.hu\/wp-content\/uploads\/2023\/05\/etlap_2-209x300.jpg 209w, https:\/\/interhotel.hu\/wp-content\/uploads\/2023\/05\/etlap_2-713x1024.jpg 713w, https:\/\/interhotel.hu\/wp-content\/uploads\/2023\/05\/etlap_2-768x1102.jpg 768w, https:\/\/interhotel.hu\/wp-content\/uploads\/2023\/05\/etlap_2-1070x1536.jpg 1070w, https:\/\/interhotel.hu\/wp-content\/uploads\/2023\/05\/etlap_2-1427x2048.jpg 1427w, https:\/\/interhotel.hu\/wp-content\/uploads\/2023\/05\/etlap_2-600x861.jpg 600w, https:\/\/interhotel.hu\/wp-content\/uploads\/2023\/05\/etlap_2-scaled.jpg 1784w\" sizes=\"(max-width: 209px) 100vw, 209px\" \/><\/a>\n\t\t\t<\/div>\n\t\t\t\t<figcaption class='wp-caption-text gallery-caption' id='gallery-1-713'>\n\t\t\t\tMenu page 2\n\t\t\t\t<\/figcaption><\/figure><figure class='gallery-item'>\n\t\t\t<div class='gallery-icon portrait'>\n\t\t\t\t<a data-elementor-open-lightbox=\"yes\" data-elementor-lightbox-slideshow=\"e5c2c85\" data-elementor-lightbox-title=\"Itallap 2. oldal.\" data-e-action-hash=\"#elementor-action%3Aaction%3Dlightbox%26settings%3DeyJpZCI6MTQ0MywidXJsIjoiaHR0cHM6XC9cL2ludGVyaG90ZWwuaHVcL3dwLWNvbnRlbnRcL3VwbG9hZHNcLzIwMjNcLzA3XC9JdGFsbGFwLTIzLTA3LTI4XzEtc2NhbGVkLmpwZyIsInNsaWRlc2hvdyI6ImU1YzJjODUifQ%3D%3D\" href='https:\/\/interhotel.hu\/wp-content\/uploads\/2023\/07\/Itallap-23-07-28_1-scaled.jpg'><img loading=\"lazy\" decoding=\"async\" width=\"99\" height=\"300\" src=\"https:\/\/interhotel.hu\/wp-content\/uploads\/2023\/07\/Itallap-23-07-28_1-99x300.jpg\" class=\"attachment-medium size-medium\" alt=\"Drinks page 1.\" aria-describedby=\"gallery-1-1443\" srcset=\"https:\/\/interhotel.hu\/wp-content\/uploads\/2023\/07\/Itallap-23-07-28_1-99x300.jpg 99w, https:\/\/interhotel.hu\/wp-content\/uploads\/2023\/07\/Itallap-23-07-28_1-768x2316.jpg 768w, https:\/\/interhotel.hu\/wp-content\/uploads\/2023\/07\/Itallap-23-07-28_1-509x1536.jpg 509w, https:\/\/interhotel.hu\/wp-content\/uploads\/2023\/07\/Itallap-23-07-28_1-679x2048.jpg 679w, https:\/\/interhotel.hu\/wp-content\/uploads\/2023\/07\/Itallap-23-07-28_1-4x12.jpg 4w, https:\/\/interhotel.hu\/wp-content\/uploads\/2023\/07\/Itallap-23-07-28_1-600x1810.jpg 600w, https:\/\/interhotel.hu\/wp-content\/uploads\/2023\/07\/Itallap-23-07-28_1-scaled.jpg 849w\" sizes=\"(max-width: 99px) 100vw, 99px\" \/><\/a>\n\t\t\t<\/div>\n\t\t\t\t<figcaption class='wp-caption-text gallery-caption' id='gallery-1-1443'>\n\t\t\t\tDrinks page 1\n\t\t\t\t<\/figcaption><\/figure><figure class='gallery-item'>\n\t\t\t<div class='gallery-icon portrait'>\n\t\t\t\t<a data-elementor-open-lightbox=\"yes\" data-elementor-lightbox-slideshow=\"e5c2c85\" data-elementor-lightbox-title=\"Itallap 2. oldal.\" data-e-action-hash=\"#elementor-action%3Aaction%3Dlightbox%26settings%3DeyJpZCI6MTQ0NCwidXJsIjoiaHR0cHM6XC9cL2ludGVyaG90ZWwuaHVcL3dwLWNvbnRlbnRcL3VwbG9hZHNcLzIwMjNcLzA3XC9JdGFsbGFwLTIzLTA3LTI4XzItc2NhbGVkLmpwZyIsInNsaWRlc2hvdyI6ImU1YzJjODUifQ%3D%3D\" href='https:\/\/interhotel.hu\/wp-content\/uploads\/2023\/07\/Itallap-23-07-28_2-scaled.jpg'><img loading=\"lazy\" decoding=\"async\" width=\"99\" height=\"300\" src=\"https:\/\/interhotel.hu\/wp-content\/uploads\/2023\/07\/Itallap-23-07-28_2-99x300.jpg\" class=\"attachment-medium size-medium\" alt=\"Drinks page page 2.\" aria-describedby=\"gallery-1-1444\" srcset=\"https:\/\/interhotel.hu\/wp-content\/uploads\/2023\/07\/Itallap-23-07-28_2-99x300.jpg 99w, https:\/\/interhotel.hu\/wp-content\/uploads\/2023\/07\/Itallap-23-07-28_2-768x2316.jpg 768w, https:\/\/interhotel.hu\/wp-content\/uploads\/2023\/07\/Itallap-23-07-28_2-509x1536.jpg 509w, https:\/\/interhotel.hu\/wp-content\/uploads\/2023\/07\/Itallap-23-07-28_2-679x2048.jpg 679w, https:\/\/interhotel.hu\/wp-content\/uploads\/2023\/07\/Itallap-23-07-28_2-4x12.jpg 4w, https:\/\/interhotel.hu\/wp-content\/uploads\/2023\/07\/Itallap-23-07-28_2-600x1810.jpg 600w, https:\/\/interhotel.hu\/wp-content\/uploads\/2023\/07\/Itallap-23-07-28_2-scaled.jpg 849w\" sizes=\"(max-width: 99px) 100vw, 99px\" \/><\/a>\n\t\t\t<\/div>\n\t\t\t\t<figcaption class='wp-caption-text gallery-caption' id='gallery-1-1444'>\n\t\t\t\tDrinks page page 2\n\t\t\t\t<\/figcaption><\/figure>\n\t\t<\/div>\n\t\t<\/div>\n\t\t\t\t\t\t<\/div>\n\t\t\t\t<\/div>\n\t\t\t\t<\/div>\n\t\t<div class=\"elementor-element elementor-element-28622f7 e-con-full e-flex e-con e-parent\" data-id=\"28622f7\" data-element_type=\"container\" data-e-type=\"container\" data-settings=\"{&quot;background_background&quot;:&quot;classic&quot;}\">\n\t\t<div class=\"elementor-element elementor-element-8c9f6f7 e-con-full e-flex e-con e-child\" data-id=\"8c9f6f7\" data-element_type=\"container\" data-e-type=\"container\" data-settings=\"{&quot;background_background&quot;:&quot;classic&quot;}\">\n\t\t\t\t<\/div>\n\t\t<div class=\"elementor-element elementor-element-1e0ab62 e-con-full e-flex e-con e-child\" data-id=\"1e0ab62\" data-element_type=\"container\" data-e-type=\"container\">\n\t\t\t\t<div class=\"elementor-element elementor-element-8fb682a elementor-widget elementor-widget-heading\" data-id=\"8fb682a\" data-element_type=\"widget\" data-e-type=\"widget\" data-widget_type=\"heading.default\">\n\t\t\t\t<div class=\"elementor-widget-container\">\n\t\t\t\t\t<h2 class=\"elementor-heading-title elementor-size-default\">Take your time in our<br><span class=\"cimbronz\">wellness section<\/span> section<\/h2>\t\t\t\t<\/div>\n\t\t\t\t<\/div>\n\t\t\t\t<div class=\"elementor-element elementor-element-c2745d9 elementor-widget elementor-widget-text-editor\" data-id=\"c2745d9\" data-element_type=\"widget\" data-e-type=\"widget\" data-widget_type=\"text-editor.default\">\n\t\t\t\t<div class=\"elementor-widget-container\">\n\t\t\t\t\t\t\t\t\t<p>Inter Hotel is a perfect place if you want to leave the everyday problems behind and just want to relax and enjoy the comfort what we offer. Try out the jakuzzi or the pool, then drink a cocktail in the hotel bar before the delicious buffet dinner and you will forget stress.<\/p>\t\t\t\t\t\t\t\t<\/div>\n\t\t\t\t<\/div>\n\t\t\t\t<div class=\"elementor-element elementor-element-cec882b elementor-align-left elementor-mobile-align-center elementor-widget elementor-widget-button\" data-id=\"cec882b\" data-element_type=\"widget\" data-e-type=\"widget\" data-widget_type=\"button.default\">\n\t\t\t\t<div class=\"elementor-widget-container\">\n\t\t\t\t\t\t\t\t\t<div class=\"elementor-button-wrapper\">\n\t\t\t\t\t<a class=\"elementor-button elementor-button-link elementor-size-sm\" href=\"https:\/\/interhotel.hu\/en\/about-us\/#wellness\">\n\t\t\t\t\t\t<span class=\"elementor-button-content-wrapper\">\n\t\t\t\t\t\t\t\t\t<span class=\"elementor-button-text\">Learn more<\/span>\n\t\t\t\t\t<\/span>\n\t\t\t\t\t<\/a>\n\t\t\t\t<\/div>\n\t\t\t\t\t\t\t\t<\/div>\n\t\t\t\t<\/div>\n\t\t\t\t<\/div>\n\t\t\t\t<\/div>\n\t\t<div class=\"elementor-element elementor-element-cd6cf92 e-con-full e-flex e-con e-parent\" data-id=\"cd6cf92\" data-element_type=\"container\" data-e-type=\"container\" data-settings=\"{&quot;background_background&quot;:&quot;classic&quot;}\">\n\t\t\t\t<div class=\"elementor-element elementor-element-b14aff4 elementor-widget elementor-widget-heading\" data-id=\"b14aff4\" data-element_type=\"widget\" data-e-type=\"widget\" data-widget_type=\"heading.default\">\n\t\t\t\t<div class=\"elementor-widget-container\">\n\t\t\t\t\t<h2 class=\"elementor-heading-title elementor-size-default translation-block\">Explore our <br><span class=\"cimbronz\">room offers!<\/span><\/h2>\t\t\t\t<\/div>\n\t\t\t\t<\/div>\n\t\t\t\t<div class=\"elementor-element elementor-element-3781569 elementor-widget elementor-widget-text-editor\" data-id=\"3781569\" data-element_type=\"widget\" data-e-type=\"widget\" data-widget_type=\"text-editor.default\">\n\t\t\t\t<div class=\"elementor-widget-container\">\n\t\t\t\t\t\t\t\t\t<p>We are aware that the perfect stay depends on each little detail, and this is the reason why Inter Hotel is committed to your comfort and satisfaction. Our stylishly furnished rooms are equipped with modern furniture and have pleasant colors, creating the perfect atmosphere for you.<\/p>\t\t\t\t\t\t\t\t<\/div>\n\t\t\t\t<\/div>\n\t\t\t\t<div class=\"elementor-element elementor-element-fb9f0ef elementor-align-center elementor-widget elementor-widget-button\" data-id=\"fb9f0ef\" data-element_type=\"widget\" data-e-type=\"widget\" data-widget_type=\"button.default\">\n\t\t\t\t<div class=\"elementor-widget-container\">\n\t\t\t\t\t\t\t\t\t<div class=\"elementor-button-wrapper\">\n\t\t\t\t\t<a class=\"elementor-button elementor-button-link elementor-size-sm\" href=\"https:\/\/interhotel.hu\/en\/rooms\/\">\n\t\t\t\t\t\t<span class=\"elementor-button-content-wrapper\">\n\t\t\t\t\t\t\t\t\t<span class=\"elementor-button-text\">Let's see the rooms<\/span>\n\t\t\t\t\t<\/span>\n\t\t\t\t\t<\/a>\n\t\t\t\t<\/div>\n\t\t\t\t\t\t\t\t<\/div>\n\t\t\t\t<\/div>\n\t\t\t\t<\/div>\n\t\t<div class=\"elementor-element elementor-element-23ff031 e-con-full e-flex e-con e-parent\" data-id=\"23ff031\" data-element_type=\"container\" data-e-type=\"container\" data-settings=\"{&quot;background_background&quot;:&quot;classic&quot;}\">\n\t\t<div class=\"elementor-element elementor-element-8c8ca12 e-con-full e-flex e-con e-child\" data-id=\"8c8ca12\" data-element_type=\"container\" data-e-type=\"container\">\n\t\t\t\t<div class=\"elementor-element elementor-element-574b87f elementor-widget elementor-widget-heading\" data-id=\"574b87f\" data-element_type=\"widget\" data-e-type=\"widget\" data-widget_type=\"heading.default\">\n\t\t\t\t<div class=\"elementor-widget-container\">\n\t\t\t\t\t<h2 class=\"elementor-heading-title elementor-size-default\">Contact<br><span class=\"cimbronz\">our team<\/span><\/h2>\t\t\t\t<\/div>\n\t\t\t\t<\/div>\n\t\t\t\t<div class=\"elementor-element elementor-element-7e32074 elementor-widget elementor-widget-text-editor\" data-id=\"7e32074\" data-element_type=\"widget\" data-e-type=\"widget\" data-widget_type=\"text-editor.default\">\n\t\t\t\t<div class=\"elementor-widget-container\">\n\t\t\t\t\t\t\t\t\t<p>We are looking forward you to contact us, as our intention is to make your stay unforgettable in our hotel. If you have any questions or doubts before booking, call us or fill out our contact form and we will answer to all your questions.<\/p>\t\t\t\t\t\t\t\t<\/div>\n\t\t\t\t<\/div>\n\t\t\t\t<div class=\"elementor-element elementor-element-562b6cf elementor-mobile-align-center elementor-widget elementor-widget-button\" data-id=\"562b6cf\" data-element_type=\"widget\" data-e-type=\"widget\" data-widget_type=\"button.default\">\n\t\t\t\t<div class=\"elementor-widget-container\">\n\t\t\t\t\t\t\t\t\t<div class=\"elementor-button-wrapper\">\n\t\t\t\t\t<a class=\"elementor-button elementor-button-link elementor-size-sm\" href=\"https:\/\/interhotel.hu\/en\/relationship\/\">\n\t\t\t\t\t\t<span class=\"elementor-button-content-wrapper\">\n\t\t\t\t\t\t\t\t\t<span class=\"elementor-button-text\">Learn more<\/span>\n\t\t\t\t\t<\/span>\n\t\t\t\t\t<\/a>\n\t\t\t\t<\/div>\n\t\t\t\t\t\t\t\t<\/div>\n\t\t\t\t<\/div>\n\t\t\t\t<\/div>\n\t\t<div class=\"elementor-element elementor-element-fb5c4da e-con-full e-flex e-con e-child\" data-id=\"fb5c4da\" data-element_type=\"container\" data-e-type=\"container\" data-settings=\"{&quot;background_background&quot;:&quot;classic&quot;}\">\n\t\t\t\t<\/div>\n\t\t\t\t<\/div>\n\t\t\t\t<\/div>","protected":false},"excerpt":{"rendered":"<p>\u00c9TTEREM V\u00e1lasszon szob\u00e1ink k\u00f6z\u00fcl! Szob\u00e1k megtekint\u00e9se L\u00e1togassa meg\u00e9tterm\u00fcnket! Engedje, hogy elk\u00e1pr\u00e1ztassuk \u00edzletes \u00e9teleinkkel \u00e9s kellemes k\u00f6rnyezet\u00fcnkkel az Inter Hotel Debrecen \u00e9tterm\u00e9ben! Kiv\u00e1l\u00f3 min\u0151s\u00e9g\u0171 \u00e9telk\u00edn\u00e1latunkkal \u00e9s figyelmes szem\u00e9lyzet\u00fcnkkel garant\u00e1ltan felejthetetlen gasztron\u00f3miai \u00e9lm\u00e9nyeket ny\u00fajtunk \u00d6nnek. Fedezze fel a friss, helyi alapanyagokb\u00f3l k\u00e9sz\u00fclt fog\u00e1sainkat, \u00e9s \u00e9lvezze a magas szint\u0171 vend\u00e9gl\u00e1t\u00e1st n\u00e1lunk! Chef\u00fcnk, T\u00f3th J\u00e1nos vezet\u00e9se alatt, az Inter &#8230; <a title=\"Restaurant\" class=\"read-more\" href=\"https:\/\/interhotel.hu\/en\/etterem\/\" aria-label=\"Read more about Restaurant\">Read more<\/a><\/p>","protected":false},"author":1,"featured_media":0,"parent":0,"menu_order":0,"comment_status":"closed","ping_status":"closed","template":"elementor_header_footer","meta":{"footnotes":""},"class_list":["post-144","page","type-page","status-publish"],"_links":{"self":[{"href":"https:\/\/interhotel.hu\/en\/wp-json\/wp\/v2\/pages\/144","targetHints":{"allow":["GET"]}}],"collection":[{"href":"https:\/\/interhotel.hu\/en\/wp-json\/wp\/v2\/pages"}],"about":[{"href":"https:\/\/interhotel.hu\/en\/wp-json\/wp\/v2\/types\/page"}],"author":[{"embeddable":true,"href":"https:\/\/interhotel.hu\/en\/wp-json\/wp\/v2\/users\/1"}],"replies":[{"embeddable":true,"href":"https:\/\/interhotel.hu\/en\/wp-json\/wp\/v2\/comments?post=144"}],"version-history":[{"count":172,"href":"https:\/\/interhotel.hu\/en\/wp-json\/wp\/v2\/pages\/144\/revisions"}],"predecessor-version":[{"id":2284,"href":"https:\/\/interhotel.hu\/en\/wp-json\/wp\/v2\/pages\/144\/revisions\/2284"}],"wp:attachment":[{"href":"https:\/\/interhotel.hu\/en\/wp-json\/wp\/v2\/media?parent=144"}],"curies":[{"name":"wp","href":"https:\/\/api.w.org\/{rel}","templated":true}]}}